{"id":1136,"date":"2024-07-01T11:44:04","date_gmt":"2024-07-01T09:44:04","guid":{"rendered":"https:\/\/nova.depoles.com\/trgovina\/plunge-saw-tas165\/"},"modified":"2025-12-17T14:34:21","modified_gmt":"2025-12-17T13:34:21","slug":"plunge-saw-tas165","status":"publish","type":"product","link":"https:\/\/www.depoles.com\/hr\/trgovina\/plunge-saw-tas165\/","title":{"rendered":"Potopna pila TAS165"},"content":{"rendered":"<p><strong>Tehni\u010dni podatki<\/strong><\/p>\n<table>\n<tbody>\n<tr>\n<th colspan=\"2\">Podatki o motorju<\/th>\n<\/tr>\n<tr>\n<td>Mo\u010d motorja S1 (W)<\/td>\n<td>1200<\/td>\n<\/tr>\n<tr>\n<td>Hitrost (min-1)<\/td>\n<td>5500<\/td>\n<\/tr>\n<tr>\n<td>Napetost<\/td>\n<td>230V<\/td>\n<\/tr>\n<tr>\n<th colspan=\"2\">Rezanje<\/th>\n<\/tr>\n<tr>\n<td>Najve\u010dja vi\u0161ina rezanja 90\u00b0 (mm)<\/td>\n<td>54<\/td>\n<\/tr>\n<tr>\n<td>Najve\u010dja vi\u0161ina rezanja 45\u00b0 (mm)<\/td>\n<td>42<\/td>\n<\/tr>\n<tr>\n<th colspan=\"2\">Kro\u017ene \u017eage<\/th>\n<\/tr>\n<tr>\n<td>Premer sredi\u0161\u010da (mm)<\/td>\n<td>20<\/td>\n<\/tr>\n<tr>\n<td>Premer \u017eaginega lista (mm)<\/td>\n<td>165<\/td>\n<\/tr>\n<tr>\n<th colspan=\"2\">Te\u017ea<\/th>\n<\/tr>\n<tr>\n<td>Netto te\u017ea (kg)<\/td>\n<td>6,50<\/td>\n<\/tr>\n<tr>\n<td>Bruto te\u017ea (kg)<\/td>\n<td>7<\/td>\n<\/tr>\n<tr>\n<th colspan=\"2\">Pakiranje<\/th>\n<\/tr>\n<tr>\n<td>Vi\u0161ina pakiranja (mm)<\/td>\n<td>300<\/td>\n<\/tr>\n<tr>\n<td>\u0160irina pakiranja (mm)<\/td>\n<td>380<\/td>\n<\/tr>\n<tr>\n<td>Dol\u017eina pakiranja (mm)<\/td>\n<td>535<\/td>\n<\/tr>\n<tr>\n<th colspan=\"2\">Splo\u0161no<\/th>\n<\/tr>\n<tr>\n<td>EAN koda<\/td>\n<td>9120039904979<\/td>\n<\/tr>\n<\/tbody>\n<\/table>\n","protected":false},"excerpt":{"rendered":"<p>Izdelek omogo\u010da fino nastavitev skladbe, globine in u\u010dinkovito odsesavanje prahu. Primeren je za razli\u010dne materiale, kot so masivni les in pulti. Pona\u0161a se s to\u010dkovalno funkcijo za natan\u010dno delo, ekspanzijski spoji v parketih ali podobnih delih pa so enostavni za izvedbo. V dostavi je vklju\u010dena tudi vre\u010da za prah.<\/p>\n","protected":false},"featured_media":1137,"template":"","meta":[],"product_brand":[],"product_cat":[1034,1012],"product_tag":[],"class_list":{"0":"post-1136","1":"product","2":"type-product","3":"status-publish","4":"has-post-thumbnail","6":"product_cat-rocno-orodje","7":"product_cat-stroji-za-les","9":"first","10":"instock","11":"shipping-taxable","12":"purchasable","13":"product-type-simple"},"_links":{"self":[{"href":"https:\/\/www.depoles.com\/hr\/wp-json\/wp\/v2\/product\/1136","targetHints":{"allow":["GET"]}}],"collection":[{"href":"https:\/\/www.depoles.com\/hr\/wp-json\/wp\/v2\/product"}],"about":[{"href":"https:\/\/www.depoles.com\/hr\/wp-json\/wp\/v2\/types\/product"}],"wp:featuredmedia":[{"embeddable":true,"href":"https:\/\/www.depoles.com\/hr\/wp-json\/wp\/v2\/media\/1137"}],"wp:attachment":[{"href":"https:\/\/www.depoles.com\/hr\/wp-json\/wp\/v2\/media?parent=1136"}],"wp:term":[{"taxonomy":"product_brand","embeddable":true,"href":"https:\/\/www.depoles.com\/hr\/wp-json\/wp\/v2\/product_brand?post=1136"},{"taxonomy":"product_cat","embeddable":true,"href":"https:\/\/www.depoles.com\/hr\/wp-json\/wp\/v2\/product_cat?post=1136"},{"taxonomy":"product_tag","embeddable":true,"href":"https:\/\/www.depoles.com\/hr\/wp-json\/wp\/v2\/product_tag?post=1136"}],"curies":[{"name":"wp","href":"https:\/\/api.w.org\/{rel}","templated":true}]}}