{"id":11365,"date":"2026-03-17T12:55:45","date_gmt":"2026-03-17T11:55:45","guid":{"rendered":"https:\/\/www.depoles.com\/trgovina\/vrtalni-stroj-sb18b16vn_230v\/"},"modified":"2026-03-17T12:55:45","modified_gmt":"2026-03-17T11:55:45","slug":"vrtalni-stroj-sb18b16vn_230v","status":"publish","type":"product","link":"https:\/\/www.depoles.com\/hr\/trgovina\/vrtalni-stroj-sb18b16vn_230v\/","title":{"rendered":"Vrtalni stroj SB18B16VN_230V"},"content":{"rendered":"<table>\n<tr>\n<th>tehni\u010dni podatki<\/th>\n<\/tr>\n<tr>\n<td><strong>podatki o motorju<\/strong><\/td>\n<\/tr>\n<tr>\n<td>mo\u010d motorja s1 v W<\/td>\n<td>550<\/td>\n<\/tr>\n<tr>\n<td>napetost<\/td>\n<td>230 V \/ 50 Hz<\/td>\n<\/tr>\n<tr>\n<td><strong>mere<\/strong><\/td>\n<\/tr>\n<tr>\n<td>doseg v mm<\/td>\n<td>115<\/td>\n<\/tr>\n<tr>\n<td>velikost mize v mm<\/td>\n<td>\u00d8 220<\/td>\n<\/tr>\n<tr>\n<td><strong>tehni\u010dne specifikacije<\/strong><\/td>\n<\/tr>\n<tr>\n<td>maks. zmogljivost vrtanja v jeklo v mm<\/td>\n<td>\u00d8 16<\/td>\n<\/tr>\n<tr>\n<td>hitrost vrtalne vretena v min-1<\/td>\n<td>350 &#8211; 2500<\/td>\n<\/tr>\n<tr>\n<td>maks. razdalja vreteno-miza v mm<\/td>\n<td>300<\/td>\n<\/tr>\n<tr>\n<td>razdalja vreteno-osnova v mm<\/td>\n<td>420<\/td>\n<\/tr>\n<tr>\n<td>premer stebra v mm<\/td>\n<td>58,5<\/td>\n<\/tr>\n<tr>\n<td>maks. obremenitev mize v kg<\/td>\n<td>30<\/td>\n<\/tr>\n<tr>\n<td>vpenjalna glava vrtalnega vretena<\/td>\n<td>MK2 \/ MT2<\/td>\n<\/tr>\n<tr>\n<td><strong>nivo glasnosti in vibracije<\/strong><\/td>\n<\/tr>\n<tr>\n<td>nivo zvo\u010dne mo\u010di v dB(A)<\/td>\n<td>84<\/td>\n<\/tr>\n<tr>\n<td>nivo zvo\u010dnega tlaka v dB(A)<\/td>\n<td>70<\/td>\n<\/tr>\n<tr>\n<td><strong>te\u017ea<\/strong><\/td>\n<\/tr>\n<tr>\n<td>bruto te\u017ea v kg<\/td>\n<td>24<\/td>\n<\/tr>\n<tr>\n<td>neto te\u017ea v kg<\/td>\n<td>22,50<\/td>\n<\/tr>\n<tr>\n<td><strong>embala\u017ea<\/strong><\/td>\n<\/tr>\n<tr>\n<td>\u0161irina embala\u017ee v mm<\/td>\n<td>380<\/td>\n<\/tr>\n<tr>\n<td>dol\u017eina embala\u017ee v mm<\/td>\n<td>660<\/td>\n<\/tr>\n<tr>\n<td>vi\u0161ina embala\u017ee v mm<\/td>\n<td>275<\/td>\n<\/tr>\n<tr>\n<td><strong>splo\u0161ni podatki<\/strong><\/td>\n<\/tr>\n<tr>\n<td>EAN koda<\/td>\n<td>9120132140618<\/td>\n<\/tr>\n<\/table>\n","protected":false},"excerpt":{"rendered":"<p>Z uporabo kompaktnega stojala za vrtalnik HOLZMANN SB18B16VN s centrirnim laserjem, LED delovno lu\u010djo in spremenljivo hitrostjo vrtanja, ki jo je mogo\u010de nastaviti z gumbom za hitrost, lahko vrtalna dela izvajate brez napora in natan\u010dno.<\/p>\n<ul>\n<li>vrtalni steber s polirano povr\u0161ino<\/li>\n<li>vi\u0161insko nastavljiva vrtalna miza<\/li>\n<li>prakti\u010den triro\u010dni vzvod z merilnikom globine vrtanja<\/li>\n<li>za\u0161\u010ditni pokrov vretena<\/li>\n<li>nastavljiv omejevalnik globine vrtanja<\/li>\n<li>centrirni laser<\/li>\n<li>nastavitev hitrosti vrtanja preko vrtljivega gumba od 350 &#8211; 2500 min-1<\/li>\n<\/ul>\n<p><strong>Prilo\u017eeno ob dostavi<\/strong>: hitrovpenjalna vrtalna glava B16 (\u00d81-16mm)<\/p><\/p>\n","protected":false},"featured_media":11366,"template":"","meta":[],"product_brand":[],"product_cat":[1043,1061],"product_tag":[],"class_list":{"0":"post-11365","1":"product","2":"type-product","3":"status-publish","4":"has-post-thumbnail","6":"product_cat-stroji-za-kovine","7":"product_cat-vrtalni-stroji-za-kovino","9":"first","10":"instock","11":"shipping-taxable","12":"purchasable","13":"product-type-simple"},"_links":{"self":[{"href":"https:\/\/www.depoles.com\/hr\/wp-json\/wp\/v2\/product\/11365","targetHints":{"allow":["GET"]}}],"collection":[{"href":"https:\/\/www.depoles.com\/hr\/wp-json\/wp\/v2\/product"}],"about":[{"href":"https:\/\/www.depoles.com\/hr\/wp-json\/wp\/v2\/types\/product"}],"wp:featuredmedia":[{"embeddable":true,"href":"https:\/\/www.depoles.com\/hr\/wp-json\/wp\/v2\/media\/11366"}],"wp:attachment":[{"href":"https:\/\/www.depoles.com\/hr\/wp-json\/wp\/v2\/media?parent=11365"}],"wp:term":[{"taxonomy":"product_brand","embeddable":true,"href":"https:\/\/www.depoles.com\/hr\/wp-json\/wp\/v2\/product_brand?post=11365"},{"taxonomy":"product_cat","embeddable":true,"href":"https:\/\/www.depoles.com\/hr\/wp-json\/wp\/v2\/product_cat?post=11365"},{"taxonomy":"product_tag","embeddable":true,"href":"https:\/\/www.depoles.com\/hr\/wp-json\/wp\/v2\/product_tag?post=11365"}],"curies":[{"name":"wp","href":"https:\/\/api.w.org\/{rel}","templated":true}]}}