{"id":11375,"date":"2026-03-17T12:56:23","date_gmt":"2026-03-17T11:56:23","guid":{"rendered":"https:\/\/www.depoles.com\/trgovina\/kovinska-krozna-zaga-s-stojalom-mks300_400v\/"},"modified":"2026-03-17T12:56:23","modified_gmt":"2026-03-17T11:56:23","slug":"kovinska-krozna-zaga-s-stojalom-mks300_400v","status":"publish","type":"product","link":"https:\/\/www.depoles.com\/hr\/trgovina\/kovinska-krozna-zaga-s-stojalom-mks300_400v\/","title":{"rendered":"Kovinska kro\u017ena \u017eaga s stojalom MKS300_400V"},"content":{"rendered":"<table>\n<tr>\n<th>Tehni\u010dne podrobnosti<\/th>\n<th><\/th>\n<\/tr>\n<tr>\n<td><strong>Te\u017ea<\/strong><\/td>\n<td><\/td>\n<\/tr>\n<tr>\n<td>Bruto te\u017ea v kg<\/td>\n<td>142<\/td>\n<\/tr>\n<tr>\n<td>Neto te\u017ea v kg<\/td>\n<td>121<\/td>\n<\/tr>\n<tr>\n<td><strong>Pakiranje<\/strong><\/td>\n<td><\/td>\n<\/tr>\n<tr>\n<td>\u0160irina pakiranja v mm<\/td>\n<td>565<\/td>\n<\/tr>\n<tr>\n<td>Dol\u017eina pakiranja v mm<\/td>\n<td>980<\/td>\n<\/tr>\n<tr>\n<td>Vi\u0161ina pakiranja v mm<\/td>\n<td>730<\/td>\n<\/tr>\n<tr>\n<td><strong>Splo\u0161ni podatki<\/strong><\/td>\n<td><\/td>\n<\/tr>\n<tr>\n<td>EAN koda<\/td>\n<td>9120132140571<\/td>\n<\/tr>\n<\/table>\n","protected":false},"excerpt":{"rendered":"<p>HOLZMANN MKS300_400V kovinska kro\u017ena \u017eaga s stojalom \u2013 natan\u010dnost in u\u010dinkovitost za va\u0161e delo z kovinami<br \/>\nHOLZMANN MKS300_400V je idealna re\u0161itev za natan\u010dno in hitro rezanje kovinskih cevi, palic in profilov. Zahvaljujo\u010d robustnemu osnovnemu okvirju lahko delate na ergonomski vi\u0161ini in hkrati izkoristite integriran prostor za shranjevanje dodatkov in orodij.<br \/>\nMKS300_400V navdu\u0161uje s svojo uporabnostjo, trdno konstrukcijo in vsestranskostjo \u2013 popolna dopolnitev vsake kovinske delavnice.<\/p>\n<ul>\n<li><strong>ustavitev obdelovanca:<\/strong> Za ponovljive reze v serijski proizvodnji \u2013 idealno za obdelovance enake dol\u017eine.<\/li>\n<li><strong>zavrtljiva \u017eagalna enota:<\/strong> Omogo\u010da natan\u010dne po\u0161evne reze od +45\u00b0 do -45\u00b0.<\/li>\n<li><strong>dve hitrosti rezanja (700\/1300 min<sup>-1<\/sup>)<\/strong>: Optimalna zmogljivost rezanja glede na vrsto materiala \u2013 izbirno preko jermenskega pogona za \u010diste reze, ki so ne\u017eni do materiala.<\/li>\n<li><strong>prime\u017e s funkcijo hitrega vpenjanja:<\/strong> Hitro in varno pritrdi obdelovanec za u\u010dinkovito delo. Potovanje \/ obseg rezanja \u010deljusti prime\u017ea: 0-140 mm<\/li>\n<li><strong>stojalo z omarico:<\/strong> Zagotavlja ergonomsko delovno vi\u0161ino in stabilno postavitev ter ponuja prakti\u010den prostor za shranjevanje orodja in dodatkov.<\/li>\n<li><strong>zmogljivost rezanja:<\/strong>\u00a0\n<ul>\n<li>polni material:\n<ul>\n<li>okroglo: \u00d8 45 mm<\/li>\n<li>kvadratno: 40 mm\u00a0<\/li>\n<\/ul>\n<\/li>\n<li>material do debeline stene 3 mm:\u00a0\n<ul>\n<li>okroglo: \u00d8100 mm (0\u00b0); \u00a0\u00d8 90 mm (D 45\u00b0), \u00d8 75 mm (L 45\u00b0)\u00a0<\/li>\n<li>kvadratno 90 mm (0\u00b0); \u00a080 mm (D 45\u00b0), 75 mm (L 45\u00b0)<\/li>\n<li>pravokotno: 140 x 80 mm (0\u00b0), 100 x 70 mm (D 45\u00b0), 70 x 90 mm (L 45\u00b0)<\/li>\n<\/ul>\n<\/li>\n<\/ul>\n<\/li>\n<\/ul>\n<p><strong>Vklju\u010deno v dostavo<\/strong>: stroj + stojalo, \u017eagin list: TCT\u00a0\u00d8300&#215;25.4 mm<\/p><\/p>\n","protected":false},"featured_media":11376,"template":"","meta":[],"product_brand":[],"product_cat":[1055,1043],"product_tag":[],"class_list":{"0":"post-11375","1":"product","2":"type-product","3":"status-publish","4":"has-post-thumbnail","6":"product_cat-krozne-zage-za-kovino","7":"product_cat-stroji-za-kovine","9":"first","10":"instock","11":"shipping-taxable","12":"purchasable","13":"product-type-simple"},"_links":{"self":[{"href":"https:\/\/www.depoles.com\/hr\/wp-json\/wp\/v2\/product\/11375","targetHints":{"allow":["GET"]}}],"collection":[{"href":"https:\/\/www.depoles.com\/hr\/wp-json\/wp\/v2\/product"}],"about":[{"href":"https:\/\/www.depoles.com\/hr\/wp-json\/wp\/v2\/types\/product"}],"wp:featuredmedia":[{"embeddable":true,"href":"https:\/\/www.depoles.com\/hr\/wp-json\/wp\/v2\/media\/11376"}],"wp:attachment":[{"href":"https:\/\/www.depoles.com\/hr\/wp-json\/wp\/v2\/media?parent=11375"}],"wp:term":[{"taxonomy":"product_brand","embeddable":true,"href":"https:\/\/www.depoles.com\/hr\/wp-json\/wp\/v2\/product_brand?post=11375"},{"taxonomy":"product_cat","embeddable":true,"href":"https:\/\/www.depoles.com\/hr\/wp-json\/wp\/v2\/product_cat?post=11375"},{"taxonomy":"product_tag","embeddable":true,"href":"https:\/\/www.depoles.com\/hr\/wp-json\/wp\/v2\/product_tag?post=11375"}],"curies":[{"name":"wp","href":"https:\/\/api.w.org\/{rel}","templated":true}]}}