{"id":11381,"date":"2026-03-17T12:56:40","date_gmt":"2026-03-17T11:56:40","guid":{"rendered":"https:\/\/www.depoles.com\/trgovina\/kovinska-krozna-zaga-s-stojalom-mks400_400v\/"},"modified":"2026-03-17T12:56:40","modified_gmt":"2026-03-17T11:56:40","slug":"kovinska-krozna-zaga-s-stojalom-mks400_400v","status":"publish","type":"product","link":"https:\/\/www.depoles.com\/hr\/trgovina\/kovinska-krozna-zaga-s-stojalom-mks400_400v\/","title":{"rendered":"Kovinska kro\u017ena \u017eaga s stojalom MKS400_400V"},"content":{"rendered":"<table>\n<tr>\n<td><strong>tehni\u010dni podatki<\/strong><\/td>\n<\/tr>\n<tr>\n<td><strong>podatki o motorju<\/strong><\/td>\n<\/tr>\n<tr>\n<td>mo\u010d motorja s1 v W<\/td>\n<td>3000<\/td>\n<\/tr>\n<tr>\n<td>napetost<\/td>\n<td>400 V \/ 50 Hz<\/td>\n<\/tr>\n<tr>\n<td><strong>mere<\/strong><\/td>\n<\/tr>\n<tr>\n<td>vi\u0161ina mize v mm<\/td>\n<td>890<\/td>\n<\/tr>\n<tr>\n<td>skupne dimenzije v mm<\/td>\n<td>945 x 1070 x 1430<\/td>\n<\/tr>\n<tr>\n<td><strong>glasnost in vibracije<\/strong><\/td>\n<\/tr>\n<tr>\n<td>zvo\u010dna mo\u010d v dB(A)<\/td>\n<td>93<\/td>\n<\/tr>\n<tr>\n<td>zvo\u010dni tlak v dB(A)<\/td>\n<td>85<\/td>\n<\/tr>\n<tr>\n<td><strong>te\u017ea<\/strong><\/td>\n<\/tr>\n<tr>\n<td>bruto te\u017ea v kg<\/td>\n<td>152<\/td>\n<\/tr>\n<tr>\n<td>neto te\u017ea v kg<\/td>\n<td>128<\/td>\n<\/tr>\n<tr>\n<td><strong>embala\u017ea<\/strong><\/td>\n<\/tr>\n<tr>\n<td>\u0161irina embala\u017ee v mm<\/td>\n<td>565<\/td>\n<\/tr>\n<tr>\n<td>dol\u017eina embala\u017ee v mm<\/td>\n<td>1.000<\/td>\n<\/tr>\n<tr>\n<td>vi\u0161ina embala\u017ee v mm<\/td>\n<td>765<\/td>\n<\/tr>\n<tr>\n<td><strong>splo\u0161ni podatki<\/strong><\/td>\n<\/tr>\n<tr>\n<td>EAN koda<\/td>\n<td>9120132140595<\/td>\n<\/tr>\n<\/table>\n","protected":false},"excerpt":{"rendered":"<p>HOLZMANN MKS300_400V kovinska kro\u017ena \u017eaga s stojalom \u2013 natan\u010dnost in u\u010dinkovitost za va\u0161e delo z kovinami HOLZMANN MKS400_400V je idealna re\u0161itev za natan\u010dno in hitro rezanje kovinskih cevi, palic in profilov. Zahvaljujo\u010d robustnemu osnovnemu okvirju lahko delate na ergonomski vi\u0161ini in hkrati izkoristite integriran prostor za shranjevanje dodatkov in orodij. MKS400_400V navdu\u0161uje z enostavnostjo uporabe, trdno konstrukcijo in vsestranskostjo \u2013 popoln dodatek za vsako kovinsko delavnico.<\/p>\n<ul>\n<li><strong>ustavitev obdelovanca<\/strong>: Za ponovljive reze v serijski proizvodnji \u2013 idealno za obdelovance enake dol\u017eine.<\/li>\n<li><strong>vrtljiva \u017eagalna enota<\/strong>: Omogo\u010da natan\u010dne po\u0161evne reze od +45\u00b0 do -45\u00b0.<\/li>\n<li><strong>dve hitrosti rezanja (600\/1100 min-1)<\/strong>: Optimalna zmogljivost rezanja glede na vrsto materiala \u2013 izbirno preko jermenskega pogona za \u010diste reze, ki so ne\u017eni do materiala.<\/li>\n<li><strong>prime\u017e s funkcijo hitrega vpenjanja<\/strong>: Hitro in varno pritrdi obdelovanec za u\u010dinkovito delo. Potovanje \/ obseg rezanja \u010deljusti prime\u017ea: 0-170 mm<\/li>\n<li><strong>stojalo z omarico<\/strong>: Zagotavlja ergonomsko delovno vi\u0161ino in stabilno podlago ter ponuja prakti\u010den prostor za shranjevanje orodja in dodatkov.<\/li>\n<li><strong>zmogljivost rezanja:\u00a0<\/strong>\n<ul>\n<li>polni material:\n<ul>\n<li>okroglo: \u00a0\u00d8 60 mm (0\u00b0); \u00d8 45 mm (D 45\u00b0), \u00d8 55 mm (L 45\u00b0)\u00a0<\/li>\n<li>kvadratno: 55 mm (0\u00b0); \u00d8 40 mm (D 45\u00b0), \u00d8 50 mm (L 45\u00b0)\u00a0<\/li>\n<\/ul>\n<\/li>\n<li>material do 3 mm debeline stene:\u00a0\n<ul>\n<li>okroglo: \u00d8 140 mm (0\u00b0);\u00a0\u00a0\u00d8 120 mm (D 45\u00b0), \u00d8 100 mm (L 45\u00b0)\u00a0\u00a0<\/li>\n<li>kvadratno 120 mm (0\u00b0);\u00a0\u00a0120 mm (D 45\u00b0), 100 mm (L 45\u00b0)<\/li>\n<li>pravokotno: 170 x 100 mm\u00a0(0\u00b0), 120 x 100 mm (D 45\u00b0), 95 x 120 mm\u00a0(L 45\u00b0)<\/li>\n<\/ul>\n<\/li>\n<\/ul>\n<\/li>\n<\/ul>\n<p><strong>Vklju\u010deno v dostavo<\/strong>: stroj + stojalo, \u017eagin list: TCT \u00d8400&#215;25.4 mm<\/p><\/p>\n","protected":false},"featured_media":11382,"template":"","meta":[],"product_brand":[],"product_cat":[1055,1043],"product_tag":[],"class_list":{"0":"post-11381","1":"product","2":"type-product","3":"status-publish","4":"has-post-thumbnail","6":"product_cat-krozne-zage-za-kovino","7":"product_cat-stroji-za-kovine","9":"first","10":"instock","11":"shipping-taxable","12":"purchasable","13":"product-type-simple"},"_links":{"self":[{"href":"https:\/\/www.depoles.com\/hr\/wp-json\/wp\/v2\/product\/11381","targetHints":{"allow":["GET"]}}],"collection":[{"href":"https:\/\/www.depoles.com\/hr\/wp-json\/wp\/v2\/product"}],"about":[{"href":"https:\/\/www.depoles.com\/hr\/wp-json\/wp\/v2\/types\/product"}],"wp:featuredmedia":[{"embeddable":true,"href":"https:\/\/www.depoles.com\/hr\/wp-json\/wp\/v2\/media\/11382"}],"wp:attachment":[{"href":"https:\/\/www.depoles.com\/hr\/wp-json\/wp\/v2\/media?parent=11381"}],"wp:term":[{"taxonomy":"product_brand","embeddable":true,"href":"https:\/\/www.depoles.com\/hr\/wp-json\/wp\/v2\/product_brand?post=11381"},{"taxonomy":"product_cat","embeddable":true,"href":"https:\/\/www.depoles.com\/hr\/wp-json\/wp\/v2\/product_cat?post=11381"},{"taxonomy":"product_tag","embeddable":true,"href":"https:\/\/www.depoles.com\/hr\/wp-json\/wp\/v2\/product_tag?post=11381"}],"curies":[{"name":"wp","href":"https:\/\/api.w.org\/{rel}","templated":true}]}}