{"id":11387,"date":"2026-03-17T12:56:58","date_gmt":"2026-03-17T11:56:58","guid":{"rendered":"https:\/\/www.depoles.com\/trgovina\/mobilni-stroj-za-rezanje-kovin-mks355n_230v\/"},"modified":"2026-04-20T18:38:39","modified_gmt":"2026-04-20T16:38:39","slug":"mobilni-stroj-za-rezanje-kovin-mks355n_230v","status":"publish","type":"product","link":"https:\/\/www.depoles.com\/hr\/trgovina\/mobilni-stroj-za-rezanje-kovin-mks355n_230v\/","title":{"rendered":"Mobilni stroj za rezanje kovin MKS355N_230V"},"content":{"rendered":"<table>\n<tr>\n<td><strong>tehni\u010dni podatki<\/strong><\/td>\n<\/tr>\n<tr>\n<td><strong>podatki o motorju<\/strong><\/td>\n<\/tr>\n<tr>\n<td>mo\u010d motorja s1 v W<\/td>\n<td>2480<\/td>\n<\/tr>\n<tr>\n<td>napetost<\/td>\n<td>230 V \/ 50 Hz<\/td>\n<\/tr>\n<tr>\n<td>razred naprave<\/td>\n<td>II<\/td>\n<\/tr>\n<tr>\n<td><strong>mere<\/strong><\/td>\n<\/tr>\n<tr>\n<td>skupne dimenzije v mm<\/td>\n<td>525 x 340 x 400<\/td>\n<\/tr>\n<tr>\n<td><strong>zmogljivost rezanja<\/strong><\/td>\n<\/tr>\n<tr>\n<td>zmogljivost rezanja okroglo \u00d8 90\u00b0 v mm<\/td>\n<td>\u00d8 130<\/td>\n<\/tr>\n<tr>\n<td>zmogljivost rezanja okroglo \u00d8 45\u00b0 v mm<\/td>\n<td>\u00d8 95<\/td>\n<\/tr>\n<tr>\n<td>zmogljivost rezanja lxv 90\u00b0 v mm<\/td>\n<td>190 x 90<\/td>\n<\/tr>\n<tr>\n<td>zmogljivost rezanja lxv 45\u00b0 v mm<\/td>\n<td>120 x 90<\/td>\n<\/tr>\n<tr>\n<td><strong>kro\u017ene \u017eage<\/strong><\/td>\n<\/tr>\n<tr>\n<td>\u017eagin list v mm<\/td>\n<td>355(\/25,4)<\/td>\n<\/tr>\n<tr>\n<td>hitrost \u017eaginega lista v min-1<\/td>\n<td>1700<\/td>\n<\/tr>\n<tr>\n<td><strong>nivo glasnosti in vibracije<\/strong><\/td>\n<\/tr>\n<tr>\n<td>nivo zvo\u010dne mo\u010di v dB(A)<\/td>\n<td>105,9<\/td>\n<\/tr>\n<tr>\n<td>nivo zvo\u010dnega tlaka v dB(A)<\/td>\n<td>92,9<\/td>\n<\/tr>\n<tr>\n<td><strong>te\u017ea<\/strong><\/td>\n<\/tr>\n<tr>\n<td>bruto te\u017ea v kg<\/td>\n<td>23<\/td>\n<\/tr>\n<tr>\n<td>neto te\u017ea v kg<\/td>\n<td>21<\/td>\n<\/tr>\n<tr>\n<td><strong>embala\u017ea<\/strong><\/td>\n<\/tr>\n<tr>\n<td>\u0161irina embala\u017ee v mm<\/td>\n<td>395<\/td>\n<\/tr>\n<tr>\n<td>dol\u017eina embala\u017ee v mm<\/td>\n<td>575<\/td>\n<\/tr>\n<tr>\n<td>vi\u0161ina embala\u017ee v mm<\/td>\n<td>455<\/td>\n<\/tr>\n<tr>\n<td><strong>splo\u0161ni podatki<\/strong><\/td>\n<\/tr>\n<tr>\n<td>EAN koda<\/td>\n<td>9120132141455<\/td>\n<\/tr>\n<\/table>\n","protected":false},"excerpt":{"rendered":"<p><strong>HOLZMANN mobilni stroj za rezanje kovin MKS355N_230V z \u017eaginim listom TCT \u2013 zmogljiv, natan\u010den, mobilen<\/strong> <br \/>\nTa \u017eaga za rezanje kovin je popolna izbira za vsakogar, ki pri\u010dakuje zmogljivo in \u010disto rezanje kovinskih materialov \u2013 bodisi na gradbi\u0161\u010du ali v delavnici. <\/p>\n<ul>\n<li>visoka zmogljivost rezanja \u2013 vklju\u010duje posebno karbidno \u017eago za hitre in natan\u010dne reze<\/li>\n<li>prime\u017e s hitrim prilagajanjem \u2013 ne\u017eno vpenjanje obdelovancev in hitro prilagajanje<\/li>\n<li>mo\u017eni po\u0161evni rezi \u2013 za ve\u010djo prilagodljivost med obdelavo<\/li>\n<li>vsestransko \u2013 idealno za cevi, plo\u0161\u010date in okrogle materiale iz jekla, aluminija in ne\u017eeleznih kovin<\/li>\n<li>mobilno in prakti\u010dno \u2013 z integriranim ro\u010dajem za no\u0161enje, popolno za monta\u017ena dela<\/li>\n<\/ul>\n<p><strong>Vklju\u010deno v dostavo<\/strong>: 1x TCT \u017eagin list (premer: 355 mm; odprtina: 25,4 mm; 72 zob)\u00a0<\/p>\n","protected":false},"featured_media":11388,"template":"","meta":[],"product_brand":[],"product_cat":[1055,1043],"product_tag":[],"class_list":{"0":"post-11387","1":"product","2":"type-product","3":"status-publish","4":"has-post-thumbnail","6":"product_cat-krozne-zage-za-kovino","7":"product_cat-stroji-za-kovine","9":"first","10":"instock","11":"shipping-taxable","12":"purchasable","13":"product-type-simple"},"_links":{"self":[{"href":"https:\/\/www.depoles.com\/hr\/wp-json\/wp\/v2\/product\/11387","targetHints":{"allow":["GET"]}}],"collection":[{"href":"https:\/\/www.depoles.com\/hr\/wp-json\/wp\/v2\/product"}],"about":[{"href":"https:\/\/www.depoles.com\/hr\/wp-json\/wp\/v2\/types\/product"}],"wp:featuredmedia":[{"embeddable":true,"href":"https:\/\/www.depoles.com\/hr\/wp-json\/wp\/v2\/media\/11388"}],"wp:attachment":[{"href":"https:\/\/www.depoles.com\/hr\/wp-json\/wp\/v2\/media?parent=11387"}],"wp:term":[{"taxonomy":"product_brand","embeddable":true,"href":"https:\/\/www.depoles.com\/hr\/wp-json\/wp\/v2\/product_brand?post=11387"},{"taxonomy":"product_cat","embeddable":true,"href":"https:\/\/www.depoles.com\/hr\/wp-json\/wp\/v2\/product_cat?post=11387"},{"taxonomy":"product_tag","embeddable":true,"href":"https:\/\/www.depoles.com\/hr\/wp-json\/wp\/v2\/product_tag?post=11387"}],"curies":[{"name":"wp","href":"https:\/\/api.w.org\/{rel}","templated":true}]}}