{"id":1139,"date":"2024-07-01T11:44:00","date_gmt":"2024-07-01T09:44:00","guid":{"rendered":"https:\/\/nova.depoles.com\/trgovina\/edge-banding-machine-kam35p_400v\/"},"modified":"2025-12-17T14:15:36","modified_gmt":"2025-12-17T13:15:36","slug":"edge-banding-machine-kam35p_400v","status":"publish","type":"product","link":"https:\/\/www.depoles.com\/hr\/trgovina\/edge-banding-machine-kam35p_400v\/","title":{"rendered":"Strojevi za pakiranje KAM35P_400V"},"content":{"rendered":"<p><strong>Tehni\u010dna specifikacija<\/strong><\/p>\n<ul>\n<li><strong>Motor:<\/strong>\n<ul>\n<li>Mo\u010d motorja S1: 3390 W<\/li>\n<li>Napetost: 400 V \/ 50 Hz<\/li>\n<li>Hitrost pomika: 7 m\/min<\/li>\n<\/ul>\n<\/li>\n<li><strong>Dimenzije:<\/strong>\n<ul>\n<li>Vi\u0161ina mize: 850 mm<\/li>\n<li>Priklju\u010dek za sesanje: 100 mm<\/li>\n<li>Skupne dimenzije: 2060 x 1050 x 1320 mm<\/li>\n<\/ul>\n<\/li>\n<li><strong>Dimenzije obdelovanca:<\/strong>\n<ul>\n<li>Minimalna dol\u017eina obdelovanca: 70 mm<\/li>\n<li>Minimalna \u0161irina obdelovanca: 80 mm<\/li>\n<li>Minimalna debelina obdelovanca: 12 mm<\/li>\n<li>Maksimalna debelina obdelovanca: 43 mm<\/li>\n<\/ul>\n<\/li>\n<li><strong>Obrobni trakovi:<\/strong>\n<ul>\n<li>\u0160irina obrobe: 15 &#8211; 48 mm<\/li>\n<li>Debelina obrobe: 0,4 &#8211; 2 mm<\/li>\n<li>Zahtevan zra\u010dni tlak: 6 bar<\/li>\n<\/ul>\n<\/li>\n<li><strong>Raven hrupa in vibracije:<\/strong>\n<ul>\n<li>Raven zvo\u010dnega tlaka: 78 dB(A)<\/li>\n<\/ul>\n<\/li>\n<li><strong>Te\u017ea:<\/strong>\n<ul>\n<li>Bruto te\u017ea: 430 kg<\/li>\n<li>Netto te\u017ea: 366 kg<\/li>\n<\/ul>\n<\/li>\n<li><strong>Embala\u017ea:<\/strong>\n<ul>\n<li>\u0160irina embala\u017ee: 645 mm<\/li>\n<li>Dol\u017eina embala\u017ee: 1680 mm<\/li>\n<li>Vi\u0161ina embala\u017ee: 1270 mm<\/li>\n<\/ul>\n<\/li>\n<li><strong>Splo\u0161ni podatki:<\/strong>\n<ul>\n<li>EAN koda: 9120132140342<\/li>\n<\/ul>\n<\/li>\n<\/ul>\n","protected":false},"excerpt":{"rendered":"<h3>Izpostavljeno<\/h3>\n<p>Enostranska avtomatska robna lepilka z naslednjimi lastnostmi:<\/p>\n<ul>\n<li>Rezervoar za lepilo z nadzorom ogrevanja in neposredno dostavo lepila na ravne obdelovance<\/li>\n<li>Dvojna enota za obrezovanje robov na vrhu in dnu obdelovanca z motorjem 0,35 kW in 1380 min-1<\/li>\n<li>Enota za poliranje na vrhu in dnu z motorjem 0,18 kW in 1400 min-1<\/li>\n<li>Samodejno in konstantno podajanje plo\u0161\u010d zahvaljujo\u010d pogonu z veri\u017enim transporterjem in mo\u010dnemu motorju<\/li>\n<li>Elektronsko nastavljiva temperatura lepila na zaslonu<\/li>\n<li>Podporna miza za robno lepljenje<\/li>\n<\/ul>\n<p><strong>V dobavi:<\/strong> 2x polirni disk (\u00f8150 mm), 2x rezilo za dvojno rezkalno enoto, ro\u010dni obrezovalnik za robno lepljenje<\/p>\n","protected":false},"featured_media":1140,"template":"","meta":[],"product_brand":[],"product_cat":[1033,1012],"product_tag":[],"class_list":{"0":"post-1139","1":"product","2":"type-product","3":"status-publish","4":"has-post-thumbnail","6":"product_cat-robne-lepilke","7":"product_cat-stroji-za-les","9":"first","10":"instock","11":"shipping-taxable","12":"purchasable","13":"product-type-simple"},"_links":{"self":[{"href":"https:\/\/www.depoles.com\/hr\/wp-json\/wp\/v2\/product\/1139","targetHints":{"allow":["GET"]}}],"collection":[{"href":"https:\/\/www.depoles.com\/hr\/wp-json\/wp\/v2\/product"}],"about":[{"href":"https:\/\/www.depoles.com\/hr\/wp-json\/wp\/v2\/types\/product"}],"wp:featuredmedia":[{"embeddable":true,"href":"https:\/\/www.depoles.com\/hr\/wp-json\/wp\/v2\/media\/1140"}],"wp:attachment":[{"href":"https:\/\/www.depoles.com\/hr\/wp-json\/wp\/v2\/media?parent=1139"}],"wp:term":[{"taxonomy":"product_brand","embeddable":true,"href":"https:\/\/www.depoles.com\/hr\/wp-json\/wp\/v2\/product_brand?post=1139"},{"taxonomy":"product_cat","embeddable":true,"href":"https:\/\/www.depoles.com\/hr\/wp-json\/wp\/v2\/product_cat?post=1139"},{"taxonomy":"product_tag","embeddable":true,"href":"https:\/\/www.depoles.com\/hr\/wp-json\/wp\/v2\/product_tag?post=1139"}],"curies":[{"name":"wp","href":"https:\/\/api.w.org\/{rel}","templated":true}]}}