{"id":11426,"date":"2026-03-17T12:58:45","date_gmt":"2026-03-17T11:58:45","guid":{"rendered":"https:\/\/www.depoles.com\/trgovina\/stroj-za-brusenje-kovin-msm75_3in1_230v\/"},"modified":"2026-03-17T12:58:45","modified_gmt":"2026-03-17T11:58:45","slug":"stroj-za-brusenje-kovin-msm75_3in1_230v","status":"publish","type":"product","link":"https:\/\/www.depoles.com\/hr\/trgovina\/stroj-za-brusenje-kovin-msm75_3in1_230v\/","title":{"rendered":"Stroj za bru\u0161enje kovin MSM75_3IN1_230V"},"content":{"rendered":"<table>\n<thead>\n<tr>\n<th colspan=\"2\">\n<h3>tehni\u010dne podrobnosti<\/h3>\n<\/th>\n<\/tr>\n<\/thead>\n<tbody>\n<tr>\n<td colspan=\"2\"><strong>podatki o motorju<\/strong><\/td>\n<\/tr>\n<tr>\n<td>mo\u010d motorja s1 v W<\/td>\n<td>2800<\/td>\n<\/tr>\n<tr>\n<td>napetost<\/td>\n<td>230 V \/ 50Hz<\/td>\n<\/tr>\n<tr>\n<td colspan=\"2\"><strong>mere<\/strong><\/td>\n<\/tr>\n<tr>\n<td>priklju\u010dek za zbiralnik prahu v mm<\/td>\n<td>2 x \u00d8100<\/td>\n<\/tr>\n<tr>\n<td>skupne dimenzije v mm<\/td>\n<td>980 x 720 x 1030<\/td>\n<\/tr>\n<tr>\n<td colspan=\"2\"><strong>bru\u0161enje<\/strong><\/td>\n<\/tr>\n<tr>\n<td>dimenzije traku v mm<\/td>\n<td>1520 x 75<\/td>\n<\/tr>\n<tr>\n<td>hitrost traku<\/td>\n<td>30 m\/s<\/td>\n<\/tr>\n<tr>\n<td colspan=\"2\"><strong>nivo glasnosti in vibracije<\/strong><\/td>\n<\/tr>\n<tr>\n<td>nivo zvo\u010dne mo\u010di v dB(A)<\/td>\n<td>94,5<\/td>\n<\/tr>\n<tr>\n<td>nivo zvo\u010dnega tlaka v dB(A)<\/td>\n<td>81,7<\/td>\n<\/tr>\n<tr>\n<td colspan=\"2\"><strong>te\u017ea<\/strong><\/td>\n<\/tr>\n<tr>\n<td>bruto te\u017ea v kg<\/td>\n<td>116<\/td>\n<\/tr>\n<tr>\n<td>neto te\u017ea v kg<\/td>\n<td>96<\/td>\n<\/tr>\n<tr>\n<td colspan=\"2\"><strong>embala\u017ea<\/strong><\/td>\n<\/tr>\n<tr>\n<td>\u0161irina embala\u017ee v mm<\/td>\n<td>565<\/td>\n<\/tr>\n<tr>\n<td>dol\u017eina embala\u017ee v mm<\/td>\n<td>1.050<\/td>\n<\/tr>\n<tr>\n<td>vi\u0161ina embala\u017ee v mm<\/td>\n<td>640<\/td>\n<\/tr>\n<tr>\n<td colspan=\"2\"><strong>splo\u0161ni podatki<\/strong><\/td>\n<\/tr>\n<tr>\n<td>EAN koda<\/td>\n<td>9120132141226<\/td>\n<\/tr>\n<\/tbody>\n<\/table>\n","protected":false},"excerpt":{"rendered":"<p>HOLZMANN MSM75_3In1_230V kovinska brusilna naprava &#8211; va\u0161a celovita re\u0161itev za profesionalno obdelavo kovin! Ta zmogljiva vsestranska naprava zdru\u017euje kontaktno bru\u0161enje, povr\u0161insko bru\u0161enje in bru\u0161enje cevi v eni napravi &#8211; za najve\u010djo u\u010dinkovitost in \u0161irok spekter uporabe v va\u0161i delavnici ali tovarni<\/p>\n<ul>\n<li>zmogljiv motor<\/li>\n<li>kot bru\u0161enja je nastavljiv od 30 &#8211; 90<\/li>\n<li>odli\u010dni rezultati bru\u0161enja zahvaljujo\u010d mo\u010dnemu vpenjalnemu mehanizmu<\/li>\n<li>za prilagoditve prakti\u010dno niso potrebna orodja<\/li>\n<li>posode za zbiranje ostru\u017ekov zagotavljajo \u010diste delovne pogoje<\/li>\n<li>na voljo so priklju\u010dki za zbiralnik kovinskega prahu<\/li>\n<\/ul>\n<p><strong>Vklju\u010deno v dobavo<\/strong>: brusni trak K40, \u00d842 mm brusni valj<br \/>\n<strong>Opcijsko:<\/strong> na voljo so naslednji valji: \u00d820 mm, \u00d826mm, \u00d832mm, \u00d848mm, \u00d860mm<\/p><\/p>\n","protected":false},"featured_media":11427,"template":"","meta":[],"product_brand":[],"product_cat":[1054,1043],"product_tag":[],"class_list":{"0":"post-11426","1":"product","2":"type-product","3":"status-publish","4":"has-post-thumbnail","6":"product_cat-brusilniki-za-kovine","7":"product_cat-stroji-za-kovine","9":"first","10":"instock","11":"shipping-taxable","12":"purchasable","13":"product-type-simple"},"_links":{"self":[{"href":"https:\/\/www.depoles.com\/hr\/wp-json\/wp\/v2\/product\/11426","targetHints":{"allow":["GET"]}}],"collection":[{"href":"https:\/\/www.depoles.com\/hr\/wp-json\/wp\/v2\/product"}],"about":[{"href":"https:\/\/www.depoles.com\/hr\/wp-json\/wp\/v2\/types\/product"}],"wp:featuredmedia":[{"embeddable":true,"href":"https:\/\/www.depoles.com\/hr\/wp-json\/wp\/v2\/media\/11427"}],"wp:attachment":[{"href":"https:\/\/www.depoles.com\/hr\/wp-json\/wp\/v2\/media?parent=11426"}],"wp:term":[{"taxonomy":"product_brand","embeddable":true,"href":"https:\/\/www.depoles.com\/hr\/wp-json\/wp\/v2\/product_brand?post=11426"},{"taxonomy":"product_cat","embeddable":true,"href":"https:\/\/www.depoles.com\/hr\/wp-json\/wp\/v2\/product_cat?post=11426"},{"taxonomy":"product_tag","embeddable":true,"href":"https:\/\/www.depoles.com\/hr\/wp-json\/wp\/v2\/product_tag?post=11426"}],"curies":[{"name":"wp","href":"https:\/\/api.w.org\/{rel}","templated":true}]}}