{"id":11438,"date":"2026-03-17T12:59:19","date_gmt":"2026-03-17T11:59:19","guid":{"rendered":"https:\/\/www.depoles.com\/trgovina\/povrsinska-brusilka-fsm30auto_400v\/"},"modified":"2026-03-17T12:59:19","modified_gmt":"2026-03-17T11:59:19","slug":"povrsinska-brusilka-fsm30auto_400v","status":"publish","type":"product","link":"https:\/\/www.depoles.com\/hr\/trgovina\/povrsinska-brusilka-fsm30auto_400v\/","title":{"rendered":"Povr\u0161inska brusilka FSM30AUTO_400V&nbsp;"},"content":{"rendered":"<table>\n<tr>\n<td><strong>motorni podatki<\/strong><\/td>\n<\/tr>\n<tr>\n<td>mo\u010d motorja s1 v W<\/td>\n<td>4000 \/ 2200 \/ 750 \/ 40 \/ 40<\/td>\n<\/tr>\n<tr>\n<td>napetost<\/td>\n<td>400 V \/ 50 Hz<\/td>\n<\/tr>\n<tr>\n<td>hitrost v min-1<\/td>\n<td>1400<\/td>\n<\/tr>\n<tr>\n<td><strong>mere<\/strong><\/td>\n<\/tr>\n<tr>\n<td>doseg v mm<\/td>\n<td>510<\/td>\n<\/tr>\n<tr>\n<td>velikost mize v mm<\/td>\n<td>605 x 300<\/td>\n<\/tr>\n<tr>\n<td>skupne dimenzije v mm<\/td>\n<td>2190 x 1770 x 1870<\/td>\n<\/tr>\n<tr>\n<td><strong>te\u017ea<\/strong><\/td>\n<\/tr>\n<tr>\n<td>bruto te\u017ea v kg<\/td>\n<td>2.220<\/td>\n<\/tr>\n<tr>\n<td>neto te\u017ea v kg<\/td>\n<td>2.120<\/td>\n<\/tr>\n<tr>\n<td>XL-po\u0161iljanje<\/td>\n<td>17<\/td>\n<\/tr>\n<tr>\n<td><strong>embala\u017ea<\/strong><\/td>\n<\/tr>\n<tr>\n<td>\u0161irina embala\u017ee v mm<\/td>\n<td>1.850<\/td>\n<\/tr>\n<tr>\n<td>dol\u017eina embala\u017ee v mm<\/td>\n<td>2.080<\/td>\n<\/tr>\n<tr>\n<td>vi\u0161ina embala\u017ee v mm<\/td>\n<td>2.150<\/td>\n<\/tr>\n<tr>\n<td><strong>splo\u0161ni podatki<\/strong><\/td>\n<\/tr>\n<tr>\n<td>EAN koda<\/td>\n<td>9120132141202<\/td>\n<\/tr>\n<\/table>\n","protected":false},"excerpt":{"rendered":"<p><strong> XL-\u010clanek <\/strong> <br \/>\nPovr\u0161inski brusilni stroj HOLZMANN FSM30AUTO_400V je popolna re\u0161itev za visokokakovostno povr\u0161insko bru\u0161enje kovinskih obdelovancev. Opremljen z avtomatskim ciklom bru\u0161enja (predbru\u0161enje, fino bru\u0161enje, poliranje) je idealen za profesionalno uporabo v izdelavi orodij in kalupov.<br \/>\nZahvaljujo\u010d magnetni mizi velikosti 600 x 300 mm je mogo\u010de obdelovance varno pritrditi in u\u010dinkovito obdelati.<br \/>\nIntegriran 2-osni digitalni prikaz (DRO) omogo\u010da natan\u010dno pozicioniranje, medtem ko samodejni podajalni osi in programabilna nastavitev vi\u0161ine brusnega kolesa znatno pove\u010data enostavnost uporabe.\n<\/p>\n<ul>\n<li>samodejni cikel bru\u0161enja: predbru\u0161enje, fino bru\u0161enje, \u017eganje<\/li>\n<li>drsna pot mize kot V-ravna v vzdol\u017eni smeri in dvojni V v pre\u010dni smeri mize<\/li>\n<li>opremljen z opremo za dovod hladilne teko\u010dine (\u010drpalka, rezervoar, cevovod)<\/li>\n<li>\u010drpalka za hladilno teko\u010dino: 40 W 12 l\/min<\/li>\n<li>na napravi je na voljo naprava za obla\u010denje za ponovno ostrenje brusnega kolesa (vklju\u010dno z diamantnim orodjem za obla\u010denje)<\/li>\n<li>centralno mazanje vseh vodil (samodejno s \u010dasovno funkcijo)<\/li>\n<li>mo\u017eno bru\u0161enje obdelovancev do 635 x 330 x 250 mm<\/li>\n<li>2-osni prikaz polo\u017eaja (dovod brusnega kolesa in polo\u017eaj mize)<\/li>\n<li>hidravli\u010dni vzdol\u017eni pomik nastavljiv preko ro\u010dice in preklopni polo\u017eaji nastavljivi preko kon\u010dnega stikala (elektri\u010dni motor za \u010drpalko 1,5 kW) 7-23 m\/min<\/li>\n<li>ro\u010dna vzdol\u017ena nastavitev mo\u017ena preko lo\u010denega vzmetnega ro\u010dnega kolesa<\/li>\n<li>lo\u010den pogonski motor za pre\u010dni premik mize (velikost koraka nastavljiva preko potenciometra na nadzorni plo\u0161\u010di (0,1-8 mm\/obrat) in polo\u017eaj stikala prav tako nastavljiv v pre\u010dni smeri preko kon\u010dnega stikala)<\/li>\n<li>ro\u010dna pre\u010dna nastavitev mo\u017ena preko ro\u010dnega kolesa (delitev 0,02 mm\/obrat)<\/li>\n<li>vi\u0161inska nastavitev preko 750W servo motorja (ro\u010dni dovod preko ro\u010dnega kolesa na nadzorni plo\u0161\u010di s 3 stopnjami in samodejno v samodejnem ciklu)<\/li>\n<li>maks. obremenitev mize 270 kg<\/li>\n<\/ul>\n<p><strong>Vklju\u010deno v dostavo<\/strong>: brusno kolo (\u00d8300 x 30 mm, WA\/46), \u010drpalka za hladilno teko\u010dino + rezervoar, pripomo\u010dki za uravnote\u017eenje brusnega kolesa (gred, stojalo), orodja, 2-osni DRO; LED delovna lu\u010d, hidravli\u010dna enota s \u010drpalko, motorjem in hladilnikom<\/p>\n<p><strong>Obratovalne teko\u010dine:<\/strong><\/p>\n<ul>\n<li>rezervoar za hladilno teko\u010dino: 25 l (npr. KSM5l)<\/li>\n<li>centralno mazanje: 2 l (HLP32)<\/li>\n<li>hidravli\u010dni rezervoar: 80 l (HLP46)<\/li>\n<\/ul>\n","protected":false},"featured_media":11439,"template":"","meta":[],"product_brand":[],"product_cat":[1054,1043],"product_tag":[],"class_list":{"0":"post-11438","1":"product","2":"type-product","3":"status-publish","4":"has-post-thumbnail","6":"product_cat-brusilniki-za-kovine","7":"product_cat-stroji-za-kovine","9":"first","10":"instock","11":"shipping-taxable","12":"purchasable","13":"product-type-simple"},"_links":{"self":[{"href":"https:\/\/www.depoles.com\/hr\/wp-json\/wp\/v2\/product\/11438","targetHints":{"allow":["GET"]}}],"collection":[{"href":"https:\/\/www.depoles.com\/hr\/wp-json\/wp\/v2\/product"}],"about":[{"href":"https:\/\/www.depoles.com\/hr\/wp-json\/wp\/v2\/types\/product"}],"wp:featuredmedia":[{"embeddable":true,"href":"https:\/\/www.depoles.com\/hr\/wp-json\/wp\/v2\/media\/11439"}],"wp:attachment":[{"href":"https:\/\/www.depoles.com\/hr\/wp-json\/wp\/v2\/media?parent=11438"}],"wp:term":[{"taxonomy":"product_brand","embeddable":true,"href":"https:\/\/www.depoles.com\/hr\/wp-json\/wp\/v2\/product_brand?post=11438"},{"taxonomy":"product_cat","embeddable":true,"href":"https:\/\/www.depoles.com\/hr\/wp-json\/wp\/v2\/product_cat?post=11438"},{"taxonomy":"product_tag","embeddable":true,"href":"https:\/\/www.depoles.com\/hr\/wp-json\/wp\/v2\/product_tag?post=11438"}],"curies":[{"name":"wp","href":"https:\/\/api.w.org\/{rel}","templated":true}]}}