{"id":11442,"date":"2026-03-17T12:59:23","date_gmt":"2026-03-17T11:59:23","guid":{"rendered":"https:\/\/www.depoles.com\/trgovina\/valji-o-60-mm-msm75_3in1_r60\/"},"modified":"2026-03-17T12:59:23","modified_gmt":"2026-03-17T11:59:23","slug":"valji-o-60-mm-msm75_3in1_r60","status":"publish","type":"product","link":"https:\/\/www.depoles.com\/hr\/trgovina\/valji-o-60-mm-msm75_3in1_r60\/","title":{"rendered":"Valji \u00d8 60 mm MSM75_3IN1_R60"},"content":{"rendered":"<table>\n<tr>\n<td><strong>te\u017ea<\/strong><\/td>\n<\/tr>\n<tr>\n<td>bruto te\u017ea v kg<\/td>\n<td>2.10<\/td>\n<\/tr>\n<tr>\n<td>neto te\u017ea v kg<\/td>\n<td>2.07<\/td>\n<\/tr>\n<tr>\n<td><strong>embala\u017ea<\/strong><\/td>\n<\/tr>\n<tr>\n<td>\u0161irina embala\u017ee v mm<\/td>\n<td>65<\/td>\n<\/tr>\n<tr>\n<td>dol\u017eina embala\u017ee v mm<\/td>\n<td>150<\/td>\n<\/tr>\n<tr>\n<td>vi\u0161ina embala\u017ee v mm<\/td>\n<td>65<\/td>\n<\/tr>\n<\/table>\n","protected":false},"excerpt":{"rendered":"<p>te\u017ea bruto te\u017ea v kg 2.10 neto te\u017ea v kg 2.07 embala\u017ea \u0161irina embala\u017ee v mm 65 dol\u017eina embala\u017ee v mm 150 vi\u0161ina embala\u017ee v mm 65<\/p>\n","protected":false},"featured_media":11443,"template":"","meta":[],"product_brand":[],"product_cat":[1054,1043],"product_tag":[],"class_list":{"0":"post-11442","1":"product","2":"type-product","3":"status-publish","4":"has-post-thumbnail","6":"product_cat-brusilniki-za-kovine","7":"product_cat-stroji-za-kovine","9":"first","10":"instock","11":"shipping-taxable","12":"purchasable","13":"product-type-simple"},"_links":{"self":[{"href":"https:\/\/www.depoles.com\/hr\/wp-json\/wp\/v2\/product\/11442","targetHints":{"allow":["GET"]}}],"collection":[{"href":"https:\/\/www.depoles.com\/hr\/wp-json\/wp\/v2\/product"}],"about":[{"href":"https:\/\/www.depoles.com\/hr\/wp-json\/wp\/v2\/types\/product"}],"wp:featuredmedia":[{"embeddable":true,"href":"https:\/\/www.depoles.com\/hr\/wp-json\/wp\/v2\/media\/11443"}],"wp:attachment":[{"href":"https:\/\/www.depoles.com\/hr\/wp-json\/wp\/v2\/media?parent=11442"}],"wp:term":[{"taxonomy":"product_brand","embeddable":true,"href":"https:\/\/www.depoles.com\/hr\/wp-json\/wp\/v2\/product_brand?post=11442"},{"taxonomy":"product_cat","embeddable":true,"href":"https:\/\/www.depoles.com\/hr\/wp-json\/wp\/v2\/product_cat?post=11442"},{"taxonomy":"product_tag","embeddable":true,"href":"https:\/\/www.depoles.com\/hr\/wp-json\/wp\/v2\/product_tag?post=11442"}],"curies":[{"name":"wp","href":"https:\/\/api.w.org\/{rel}","templated":true}]}}