{"id":11450,"date":"2026-03-17T12:59:37","date_gmt":"2026-03-17T11:59:37","guid":{"rendered":"https:\/\/www.depoles.com\/trgovina\/valji-o-26-mm-msm75_3in1_r26\/"},"modified":"2026-03-17T12:59:37","modified_gmt":"2026-03-17T11:59:37","slug":"valji-o-26-mm-msm75_3in1_r26","status":"publish","type":"product","link":"https:\/\/www.depoles.com\/hr\/trgovina\/valji-o-26-mm-msm75_3in1_r26\/","title":{"rendered":"Valji \u00d8 26 mm MSM75_3IN1_R26"},"content":{"rendered":"<table>\n<tr>\n<th>Te\u017ea<\/th>\n<\/tr>\n<tr>\n<td>Bruto te\u017ea v kg<\/td>\n<td>0.43<\/td>\n<\/tr>\n<tr>\n<td>Neto te\u017ea v kg<\/td>\n<td>0.42<\/td>\n<\/tr>\n<tr>\n<th>Pakiranje<\/th>\n<\/tr>\n<tr>\n<td>\u0160irina pakiranja v mm<\/td>\n<td>30<\/td>\n<\/tr>\n<tr>\n<td>Dol\u017eina pakiranja v mm<\/td>\n<td>150<\/td>\n<\/tr>\n<tr>\n<td>Vi\u0161ina pakiranja v mm<\/td>\n<td>30<\/td>\n<\/tr>\n<\/table>\n","protected":false},"excerpt":{"rendered":"<p>Te\u017ea Bruto te\u017ea v kg 0.43 Neto te\u017ea v kg 0.42 Pakiranje \u0160irina pakiranja v mm 30 Dol\u017eina pakiranja v mm 150 Vi\u0161ina pakiranja v mm 30<\/p>\n","protected":false},"featured_media":11451,"template":"","meta":[],"product_brand":[],"product_cat":[1054,1043],"product_tag":[],"class_list":{"0":"post-11450","1":"product","2":"type-product","3":"status-publish","4":"has-post-thumbnail","6":"product_cat-brusilniki-za-kovine","7":"product_cat-stroji-za-kovine","9":"first","10":"instock","11":"shipping-taxable","12":"purchasable","13":"product-type-simple"},"_links":{"self":[{"href":"https:\/\/www.depoles.com\/hr\/wp-json\/wp\/v2\/product\/11450","targetHints":{"allow":["GET"]}}],"collection":[{"href":"https:\/\/www.depoles.com\/hr\/wp-json\/wp\/v2\/product"}],"about":[{"href":"https:\/\/www.depoles.com\/hr\/wp-json\/wp\/v2\/types\/product"}],"wp:featuredmedia":[{"embeddable":true,"href":"https:\/\/www.depoles.com\/hr\/wp-json\/wp\/v2\/media\/11451"}],"wp:attachment":[{"href":"https:\/\/www.depoles.com\/hr\/wp-json\/wp\/v2\/media?parent=11450"}],"wp:term":[{"taxonomy":"product_brand","embeddable":true,"href":"https:\/\/www.depoles.com\/hr\/wp-json\/wp\/v2\/product_brand?post=11450"},{"taxonomy":"product_cat","embeddable":true,"href":"https:\/\/www.depoles.com\/hr\/wp-json\/wp\/v2\/product_cat?post=11450"},{"taxonomy":"product_tag","embeddable":true,"href":"https:\/\/www.depoles.com\/hr\/wp-json\/wp\/v2\/product_tag?post=11450"}],"curies":[{"name":"wp","href":"https:\/\/api.w.org\/{rel}","templated":true}]}}