{"id":11477,"date":"2026-03-17T13:01:07","date_gmt":"2026-03-17T12:01:07","guid":{"rendered":"https:\/\/www.depoles.com\/trgovina\/mini-namizni-brusilnik-set-110-kosov-dsm75set_230v\/"},"modified":"2026-03-17T13:01:07","modified_gmt":"2026-03-17T12:01:07","slug":"mini-namizni-brusilnik-set-110-kosov-dsm75set_230v","status":"publish","type":"product","link":"https:\/\/www.depoles.com\/hr\/trgovina\/mini-namizni-brusilnik-set-110-kosov-dsm75set_230v\/","title":{"rendered":"Mini namizni brusilnik SET 110 kosov DSM75SET_230V"},"content":{"rendered":"<table>\n<tr>\n<td><strong>tehni\u010dni podatki<\/strong><\/td>\n<\/tr>\n<tr>\n<td><strong>podatki o motorju<\/strong><\/td>\n<\/tr>\n<tr>\n<td>mo\u010d motorja s1 v W<\/td>\n<td>120<\/td>\n<\/tr>\n<tr>\n<td>napetost<\/td>\n<td>230 V \/ 50 Hz<\/td>\n<\/tr>\n<tr>\n<td>hitrost v min-1<\/td>\n<td>0 &#8211; 9900<\/td>\n<\/tr>\n<tr>\n<td>razred naprave<\/td>\n<td>II<\/td>\n<\/tr>\n<tr>\n<td><strong>glasnost in vibracije<\/strong><\/td>\n<\/tr>\n<tr>\n<td>zvo\u010dna mo\u010d v dB(A)<\/td>\n<td>95,8<\/td>\n<\/tr>\n<tr>\n<td>zvo\u010dni tlak v dB(A)<\/td>\n<td>82,8<\/td>\n<\/tr>\n<tr>\n<td><strong>te\u017ea<\/strong><\/td>\n<\/tr>\n<tr>\n<td>bruto te\u017ea v kg<\/td>\n<td>2.50<\/td>\n<\/tr>\n<tr>\n<td>neto te\u017ea v kg<\/td>\n<td>2.30<\/td>\n<\/tr>\n<tr>\n<td><strong>pakiranje<\/strong><\/td>\n<\/tr>\n<tr>\n<td>\u0161irina pakiranja v mm<\/td>\n<td>220<\/td>\n<\/tr>\n<tr>\n<td>dol\u017eina pakiranja v mm<\/td>\n<td>276<\/td>\n<\/tr>\n<tr>\n<td>vi\u0161ina pakiranja v mm<\/td>\n<td>226<\/td>\n<\/tr>\n<tr>\n<td><strong>splo\u0161ni podatki<\/strong><\/td>\n<\/tr>\n<tr>\n<td>EAN koda<\/td>\n<td>9120132140694<\/td>\n<\/tr>\n<\/table>\n","protected":false},"excerpt":{"rendered":"<p>HOLZMANN mini namizni brusilnik DSM7SET_230V s fleksibilno gredjo in 110-delni komplet dodatkov. Ve\u010dnamenska naprava (ostrenje, graviranje, bru\u0161enje,&#8230;) vse mogo\u010de z eno napravo.\n<\/p>\n<ul>\n<li>1x brusni disk: \u00d8 75 x 20 x \u00d810 mm<\/li>\n<li>1x polirni disk: \u00d8 75 x 20 x \u00d810 mm<\/li>\n<li>110-delni komplet orodij za fleksibilno gred<\/li>\n<li>dol\u017eina fleksibilne gredi: 1m<\/li>\n<\/ul>\n","protected":false},"featured_media":11478,"template":"","meta":[],"product_brand":[],"product_cat":[1007,1003],"product_tag":[],"class_list":{"0":"post-11477","1":"product","2":"type-product","3":"status-publish","4":"has-post-thumbnail","6":"product_cat-brusilniki","7":"product_cat-oprema-za-delavnice","9":"first","10":"instock","11":"shipping-taxable","12":"purchasable","13":"product-type-simple"},"_links":{"self":[{"href":"https:\/\/www.depoles.com\/hr\/wp-json\/wp\/v2\/product\/11477","targetHints":{"allow":["GET"]}}],"collection":[{"href":"https:\/\/www.depoles.com\/hr\/wp-json\/wp\/v2\/product"}],"about":[{"href":"https:\/\/www.depoles.com\/hr\/wp-json\/wp\/v2\/types\/product"}],"wp:featuredmedia":[{"embeddable":true,"href":"https:\/\/www.depoles.com\/hr\/wp-json\/wp\/v2\/media\/11478"}],"wp:attachment":[{"href":"https:\/\/www.depoles.com\/hr\/wp-json\/wp\/v2\/media?parent=11477"}],"wp:term":[{"taxonomy":"product_brand","embeddable":true,"href":"https:\/\/www.depoles.com\/hr\/wp-json\/wp\/v2\/product_brand?post=11477"},{"taxonomy":"product_cat","embeddable":true,"href":"https:\/\/www.depoles.com\/hr\/wp-json\/wp\/v2\/product_cat?post=11477"},{"taxonomy":"product_tag","embeddable":true,"href":"https:\/\/www.depoles.com\/hr\/wp-json\/wp\/v2\/product_tag?post=11477"}],"curies":[{"name":"wp","href":"https:\/\/api.w.org\/{rel}","templated":true}]}}