{"id":11483,"date":"2026-03-17T13:01:21","date_gmt":"2026-03-17T12:01:21","guid":{"rendered":"https:\/\/www.depoles.com\/trgovina\/stenska-delovna-miza-wb120fold\/"},"modified":"2026-03-17T13:01:21","modified_gmt":"2026-03-17T12:01:21","slug":"stenska-delovna-miza-wb120fold","status":"publish","type":"product","link":"https:\/\/www.depoles.com\/hr\/trgovina\/stenska-delovna-miza-wb120fold\/","title":{"rendered":"Stenska delovna miza WB120FOLD"},"content":{"rendered":"<table>\n<tr>\n<th colspan=\"2\">\n<h3>tehni\u010dne podrobnosti<\/h3>\n<\/th>\n<\/tr>\n<tr>\n<th colspan=\"2\"><strong>mere<\/strong><\/th>\n<\/tr>\n<tr>\n<td>vi\u0161ina mize v mm<\/td>\n<td>~900<\/td>\n<\/tr>\n<tr>\n<td>skupne dimenzije v mm<\/td>\n<td>1205 x 825 x 1620<\/td>\n<\/tr>\n<tr>\n<td>nosilnost v kg<\/td>\n<td>135<\/td>\n<\/tr>\n<tr>\n<th colspan=\"2\"><strong>te\u017ea<\/strong><\/th>\n<\/tr>\n<tr>\n<td>bruto te\u017ea v kg<\/td>\n<td>31<\/td>\n<\/tr>\n<tr>\n<td>neto te\u017ea v kg<\/td>\n<td>28<\/td>\n<\/tr>\n<tr>\n<th colspan=\"2\"><strong>embala\u017ea<\/strong><\/th>\n<\/tr>\n<tr>\n<td>\u0161irina embala\u017ee v mm<\/td>\n<td>690<\/td>\n<\/tr>\n<tr>\n<td>dol\u017eina embala\u017ee v mm<\/td>\n<td>1.240<\/td>\n<\/tr>\n<tr>\n<td>vi\u0161ina embala\u017ee v mm<\/td>\n<td>165<\/td>\n<\/tr>\n<tr>\n<th colspan=\"2\"><strong>splo\u0161ni podatki<\/strong><\/th>\n<\/tr>\n<tr>\n<td>EAN koda<\/td>\n<td>9120132140830<\/td>\n<\/tr>\n<\/table>\n","protected":false},"excerpt":{"rendered":"<p>HOLZMANN WB120FOLD je popolna delovna miza, \u010de nimate veliko prostora na voljo. Zahvaljujo\u010d zlo\u017eljivi delovni mizi jo lahko zlo\u017eite na minimalno velikost, da prihranite prostor. Perforirana plo\u0161\u010da, ki je prilo\u017eena izdelku, vam omogo\u010da, da s pomo\u010djo kavljev ohranite orodje urejeno. Za monta\u017eo na steno<\/p>\n<ul>\n<li>SAMO ZA STENSKO MONTA\u017dO<\/li>\n<li>zlo\u017eljiva delovna miza za prostorsko var\u010dno shranjevanje<\/li>\n<li>plo\u0161\u010da z luknjami vklj. kavlji za urejeno shranjevanje orodja<\/li>\n<li>plo\u0161\u010da z luknjami podrobne informacije: Velikost luknje \u00d8 5,5 mm; razmik med luknjami 25,4 mm<\/li>\n<li>maks. obremenitev 135 kg delovna miza, maks. obremenitev plo\u0161\u010de z luknjami 5 kg<\/li>\n<li>dimenzije izdelka, ko je zlo\u017een: 1205 mm x 265 x 950 mm<\/li>\n<li>delovna povr\u0161ina (1200 x 600 x 20 mm) iz lesa (gumijasti les)<\/li>\n<\/ul>\n<p><strong>Vklju\u010deno v dostavo<\/strong>: Delovna miza vklj. 20 kavljev<\/p><\/p>\n","protected":false},"featured_media":11484,"template":"","meta":[],"product_brand":[],"product_cat":[1002,1003],"product_tag":[],"class_list":{"0":"post-11483","1":"product","2":"type-product","3":"status-publish","4":"has-post-thumbnail","6":"product_cat-delovne-mize-in-police","7":"product_cat-oprema-za-delavnice","9":"first","10":"instock","11":"shipping-taxable","12":"purchasable","13":"product-type-simple"},"_links":{"self":[{"href":"https:\/\/www.depoles.com\/hr\/wp-json\/wp\/v2\/product\/11483","targetHints":{"allow":["GET"]}}],"collection":[{"href":"https:\/\/www.depoles.com\/hr\/wp-json\/wp\/v2\/product"}],"about":[{"href":"https:\/\/www.depoles.com\/hr\/wp-json\/wp\/v2\/types\/product"}],"wp:featuredmedia":[{"embeddable":true,"href":"https:\/\/www.depoles.com\/hr\/wp-json\/wp\/v2\/media\/11484"}],"wp:attachment":[{"href":"https:\/\/www.depoles.com\/hr\/wp-json\/wp\/v2\/media?parent=11483"}],"wp:term":[{"taxonomy":"product_brand","embeddable":true,"href":"https:\/\/www.depoles.com\/hr\/wp-json\/wp\/v2\/product_brand?post=11483"},{"taxonomy":"product_cat","embeddable":true,"href":"https:\/\/www.depoles.com\/hr\/wp-json\/wp\/v2\/product_cat?post=11483"},{"taxonomy":"product_tag","embeddable":true,"href":"https:\/\/www.depoles.com\/hr\/wp-json\/wp\/v2\/product_tag?post=11483"}],"curies":[{"name":"wp","href":"https:\/\/api.w.org\/{rel}","templated":true}]}}