{"id":11488,"date":"2026-03-17T13:01:39","date_gmt":"2026-03-17T12:01:39","guid":{"rendered":"https:\/\/www.depoles.com\/trgovina\/vecnamensko-orodje-kabina-ww1000multi\/"},"modified":"2026-03-17T13:01:39","modified_gmt":"2026-03-17T12:01:39","slug":"vecnamensko-orodje-kabina-ww1000multi","status":"publish","type":"product","link":"https:\/\/www.depoles.com\/hr\/trgovina\/vecnamensko-orodje-kabina-ww1000multi\/","title":{"rendered":"Ve\u010dnamensko orodje kabina WW1000MULTI"},"content":{"rendered":"<table>\n<tr>\n<th colspan=\"2\">tehni\u010dne podrobnosti<\/th>\n<\/tr>\n<tr>\n<th>podatki o motorju<\/th>\n<td><\/td>\n<\/tr>\n<tr>\n<td>napetost<\/td>\n<td>230 V \/ 50 Hz<\/td>\n<\/tr>\n<tr>\n<th>mere<\/th>\n<td><\/td>\n<\/tr>\n<tr>\n<td>vi\u0161ina mize v mm<\/td>\n<td>1100<\/td>\n<\/tr>\n<tr>\n<td>skupne dimenzije v mm<\/td>\n<td>1040 x 600 x 1555<\/td>\n<\/tr>\n<tr>\n<th>mobilne delavnice<\/th>\n<td><\/td>\n<\/tr>\n<tr>\n<td>\u0161tevilo predalov<\/td>\n<td>7<\/td>\n<\/tr>\n<tr>\n<td>maks. nosilnost predalov v kg<\/td>\n<td>35<\/td>\n<\/tr>\n<tr>\n<td>velikost predala v mm<\/td>\n<td>569x400x75 (1-5); 569x400x154 (6-7)<\/td>\n<\/tr>\n<tr>\n<th>te\u017ea<\/th>\n<td><\/td>\n<\/tr>\n<tr>\n<td>bruto te\u017ea v kg<\/td>\n<td>102<\/td>\n<\/tr>\n<tr>\n<td>neto te\u017ea v kg<\/td>\n<td>92<\/td>\n<\/tr>\n<tr>\n<th>embala\u017ea<\/th>\n<td><\/td>\n<\/tr>\n<tr>\n<td>\u0161irina embala\u017ee v mm<\/td>\n<td>655<\/td>\n<\/tr>\n<tr>\n<td>dol\u017eina embala\u017ee v mm<\/td>\n<td>1.100<\/td>\n<\/tr>\n<tr>\n<td>vi\u0161ina embala\u017ee v mm<\/td>\n<td>878<\/td>\n<\/tr>\n<tr>\n<th>splo\u0161ni podatki<\/th>\n<td><\/td>\n<\/tr>\n<tr>\n<td>EAN koda<\/td>\n<td>9120132141578<\/td>\n<\/tr>\n<\/table>\n","protected":false},"excerpt":{"rendered":"<p>Ve\u010dnamensko orodje HOLZMANN WW1000Multi je idealna pridobitev za vsako profesionalno delavnico. Opremljen z razli\u010dnimi pametnimi funkcijami, ta delavni\u0161ki vozi\u010dek ponuja najve\u010djo prilagodljivost, prostor za shranjevanje in udobje pri delu: WW1000Multi zdru\u017euje mobilnost, funkcionalnost in stabilnost v kompaktni sistem &#8211; resni\u010dno nujen pripomo\u010dek za profesionalce in zahtevne ljubitelje doma\u010dih projektov.<\/p>\n<ul>\n<li>7 gladko delujo\u010dih predalov s centralnim zaklepanjem za varno shranjevanje orodja in dodatkov<\/li>\n<li>zaklenljiva omara za orodje za ve\u010djo opremo<\/li>\n<li>prakti\u010dna perforirana plo\u0161\u010da (1040x600x20mm) za individualno pritrditev orodja<\/li>\n<li>zadnja plo\u0161\u010da s shranjevalnimi predelki za dodatni prostor za shranjevanje<\/li>\n<li>230V razdelilnik z 3 vti\u010dnicami (maks. 3680 W), stikalom za vklop\/izklop in USB priklju\u010dkom (2&#215;5.4V 2.1A maks. 10.5W) &#8211; idealno za polnilce ali elektri\u010dno orodje<\/li>\n<li>zaklenljiva vrtljiva kolesa (\u00d851 mm) za maksimalno mobilnost in stabilnost<\/li>\n<li>prostorna delovna povr\u0161ina &#8211; NIROSTA nerjave\u010de jeklo (dimenzije: 1034 x 595 mm) &#8211; robustna, enostavna za \u010di\u0161\u010denje in trpe\u017ena<\/li>\n<li>maks. skupna obremenitev: do 350 kg\n<ul>\n<li>maks. obremenitev delovne povr\u0161ine: 150 kg<\/li>\n<li>maks. obremenitev predalov do 35 kg<\/li>\n<li>maks. obremenitev polic 5 kg<\/li>\n<li>popolno za te\u017eko orodje in materiale<\/li>\n<\/ul>\n<\/li>\n<\/ul>\n","protected":false},"featured_media":11489,"template":"","meta":[],"product_brand":[],"product_cat":[1002,1003],"product_tag":[],"class_list":{"0":"post-11488","1":"product","2":"type-product","3":"status-publish","4":"has-post-thumbnail","6":"product_cat-delovne-mize-in-police","7":"product_cat-oprema-za-delavnice","9":"first","10":"instock","11":"shipping-taxable","12":"purchasable","13":"product-type-simple"},"_links":{"self":[{"href":"https:\/\/www.depoles.com\/hr\/wp-json\/wp\/v2\/product\/11488","targetHints":{"allow":["GET"]}}],"collection":[{"href":"https:\/\/www.depoles.com\/hr\/wp-json\/wp\/v2\/product"}],"about":[{"href":"https:\/\/www.depoles.com\/hr\/wp-json\/wp\/v2\/types\/product"}],"wp:featuredmedia":[{"embeddable":true,"href":"https:\/\/www.depoles.com\/hr\/wp-json\/wp\/v2\/media\/11489"}],"wp:attachment":[{"href":"https:\/\/www.depoles.com\/hr\/wp-json\/wp\/v2\/media?parent=11488"}],"wp:term":[{"taxonomy":"product_brand","embeddable":true,"href":"https:\/\/www.depoles.com\/hr\/wp-json\/wp\/v2\/product_brand?post=11488"},{"taxonomy":"product_cat","embeddable":true,"href":"https:\/\/www.depoles.com\/hr\/wp-json\/wp\/v2\/product_cat?post=11488"},{"taxonomy":"product_tag","embeddable":true,"href":"https:\/\/www.depoles.com\/hr\/wp-json\/wp\/v2\/product_tag?post=11488"}],"curies":[{"name":"wp","href":"https:\/\/api.w.org\/{rel}","templated":true}]}}