{"id":11502,"date":"2026-03-17T13:02:08","date_gmt":"2026-03-17T12:02:08","guid":{"rendered":"https:\/\/www.depoles.com\/trgovina\/elektricna-visinsko-nastavljiva-delovna-miza-wb210elift_230v\/"},"modified":"2026-03-17T13:02:08","modified_gmt":"2026-03-17T12:02:08","slug":"elektricna-visinsko-nastavljiva-delovna-miza-wb210elift_230v","status":"publish","type":"product","link":"https:\/\/www.depoles.com\/hr\/trgovina\/elektricna-visinsko-nastavljiva-delovna-miza-wb210elift_230v\/","title":{"rendered":"Elektri\u010dna vi\u0161insko nastavljiva delovna miza WB210ELIFT_230V"},"content":{"rendered":"<table>\n<tr>\n<td colspan=\"2\"><strong>tehni\u010dne podrobnosti<\/strong><\/td>\n<\/tr>\n<tr>\n<td colspan=\"2\"><strong>podatki o motorju<\/strong><\/td>\n<\/tr>\n<tr>\n<td>napetost<\/td>\n<td>100-240 V \/ 50-60 Hz<\/td>\n<\/tr>\n<tr>\n<td colspan=\"2\"><strong>mere<\/strong><\/td>\n<\/tr>\n<tr>\n<td>vi\u0161ina mize v mm<\/td>\n<td>820 &#8211; 1300<\/td>\n<\/tr>\n<tr>\n<td>skupne dimenzije v mm<\/td>\n<td>2110 x 780 x 820-1300<\/td>\n<\/tr>\n<tr>\n<td>vrsta lesa<\/td>\n<td>Gummibaumholz\/rubber wood<\/td>\n<\/tr>\n<tr>\n<td>nosilnost v kg<\/td>\n<td>70<\/td>\n<\/tr>\n<tr>\n<td colspan=\"2\"><strong>te\u017ea<\/strong><\/td>\n<\/tr>\n<tr>\n<td>bruto te\u017ea v kg<\/td>\n<td>69<\/td>\n<\/tr>\n<tr>\n<td>neto te\u017ea v kg<\/td>\n<td>63<\/td>\n<\/tr>\n<tr>\n<td colspan=\"2\"><strong>pakiranje<\/strong><\/td>\n<\/tr>\n<tr>\n<td>\u0161irina pakiranja v mm<\/td>\n<td>620<\/td>\n<\/tr>\n<tr>\n<td>dol\u017eina pakiranja v mm<\/td>\n<td>2.130<\/td>\n<\/tr>\n<tr>\n<td>vi\u0161ina pakiranja v mm<\/td>\n<td>180<\/td>\n<\/tr>\n<tr>\n<td colspan=\"2\"><strong>splo\u0161ni podatki<\/strong><\/td>\n<\/tr>\n<tr>\n<td>EAN koda<\/td>\n<td>9120132140953<\/td>\n<\/tr>\n<\/table>\n","protected":false},"excerpt":{"rendered":"<p>HOLZMANN WB210ELIFT_230V je prava atrakcija za vsako delavnico! Vi\u0161insko nastavljiva delovna povr\u0161ina zagotavlja ergonomsko udobje, medtem ko dva motorja in nadzorna plo\u0161\u010da s tremi vnaprej programiranimi delovnimi polo\u017eaji omogo\u010dajo izjemno enostavno upravljanje. Robustni prime\u017ei in masivna delovna povr\u0161ina iz gumijastega lesa ne zagotavljajo le stabilnosti, temve\u010d tudi prijetno delovno okolje. To naredi delo bolj zabavno kot kdajkoli prej!<\/p>\n<ul>\n<li>delovna povr\u0161ina iz kav\u010dukovca (23 mm)<\/li>\n<li>dva prime\u017ea<\/li>\n<li>veliko prostora za shranjevanje (pladenj)<\/li>\n<li>dimenzija delovne povr\u0161ine: 1885 x 615 mm<\/li>\n<li>maks. nosilnost 70 kg<\/li>\n<li>nastavljiva vi\u0161ina delovne povr\u0161ine od 820 do 1300 mm<\/li>\n<\/ul>\n<p><strong>Vklju\u010deno v dostavo:<\/strong> AC-DC napajalni adapter, 2 kovinska klina<\/p><\/p>\n","protected":false},"featured_media":11503,"template":"","meta":[],"product_brand":[],"product_cat":[1002,1003],"product_tag":[],"class_list":{"0":"post-11502","1":"product","2":"type-product","3":"status-publish","4":"has-post-thumbnail","6":"product_cat-delovne-mize-in-police","7":"product_cat-oprema-za-delavnice","9":"first","10":"instock","11":"shipping-taxable","12":"purchasable","13":"product-type-simple"},"_links":{"self":[{"href":"https:\/\/www.depoles.com\/hr\/wp-json\/wp\/v2\/product\/11502","targetHints":{"allow":["GET"]}}],"collection":[{"href":"https:\/\/www.depoles.com\/hr\/wp-json\/wp\/v2\/product"}],"about":[{"href":"https:\/\/www.depoles.com\/hr\/wp-json\/wp\/v2\/types\/product"}],"wp:featuredmedia":[{"embeddable":true,"href":"https:\/\/www.depoles.com\/hr\/wp-json\/wp\/v2\/media\/11503"}],"wp:attachment":[{"href":"https:\/\/www.depoles.com\/hr\/wp-json\/wp\/v2\/media?parent=11502"}],"wp:term":[{"taxonomy":"product_brand","embeddable":true,"href":"https:\/\/www.depoles.com\/hr\/wp-json\/wp\/v2\/product_brand?post=11502"},{"taxonomy":"product_cat","embeddable":true,"href":"https:\/\/www.depoles.com\/hr\/wp-json\/wp\/v2\/product_cat?post=11502"},{"taxonomy":"product_tag","embeddable":true,"href":"https:\/\/www.depoles.com\/hr\/wp-json\/wp\/v2\/product_tag?post=11502"}],"curies":[{"name":"wp","href":"https:\/\/api.w.org\/{rel}","templated":true}]}}