{"id":11507,"date":"2026-03-17T13:02:22","date_gmt":"2026-03-17T12:02:22","guid":{"rendered":"https:\/\/www.depoles.com\/trgovina\/elektricna-visinsko-nastavljiva-delovna-miza-wb150elift_230v\/"},"modified":"2026-03-17T13:02:22","modified_gmt":"2026-03-17T12:02:22","slug":"elektricna-visinsko-nastavljiva-delovna-miza-wb150elift_230v","status":"publish","type":"product","link":"https:\/\/www.depoles.com\/hr\/trgovina\/elektricna-visinsko-nastavljiva-delovna-miza-wb150elift_230v\/","title":{"rendered":"Elektri\u010dna vi\u0161insko nastavljiva delovna miza WB150ELIFT_230V"},"content":{"rendered":"<table>\n<tr>\n<td><strong>tehni\u010dni podatki<\/strong><\/td>\n<\/tr>\n<tr>\n<td><strong>podatki motorja<\/strong><\/td>\n<\/tr>\n<tr>\n<td>napetost<\/td>\n<td>100-240 \/ 50-60 Hz<\/td>\n<\/tr>\n<tr>\n<td><strong>mere<\/strong><\/td>\n<\/tr>\n<tr>\n<td>vi\u0161ina mize v mm<\/td>\n<td>765 &#8211; 1220<\/td>\n<\/tr>\n<tr>\n<td>razpon nastavitve<\/td>\n<td>1390 x 505 x 780<\/td>\n<\/tr>\n<tr>\n<td>nosilnost v kg<\/td>\n<td>40<\/td>\n<\/tr>\n<tr>\n<td><strong>mobilne delavnice<\/strong><\/td>\n<\/tr>\n<tr>\n<td>\u0161tevilo predalov<\/td>\n<td>1<\/td>\n<\/tr>\n<tr>\n<td>maks. nosilnost predalov v kg<\/td>\n<td>5<\/td>\n<\/tr>\n<tr>\n<td>velikost predala v mm<\/td>\n<td>420 x 185 x 105<\/td>\n<\/tr>\n<tr>\n<td><strong>te\u017ea<\/strong><\/td>\n<\/tr>\n<tr>\n<td>bruto te\u017ea v kg<\/td>\n<td>31<\/td>\n<\/tr>\n<tr>\n<td>neto te\u017ea v kg<\/td>\n<td>26.50<\/td>\n<\/tr>\n<tr>\n<td><strong>embala\u017ea<\/strong><\/td>\n<\/tr>\n<tr>\n<td>\u0161irina embala\u017ee v mm<\/td>\n<td>520<\/td>\n<\/tr>\n<tr>\n<td>dol\u017eina embala\u017ee v mm<\/td>\n<td>1.390<\/td>\n<\/tr>\n<tr>\n<td>vi\u0161ina embala\u017ee v mm<\/td>\n<td>140<\/td>\n<\/tr>\n<tr>\n<td><strong>splo\u0161ni podatki<\/strong><\/td>\n<\/tr>\n<tr>\n<td>EAN koda<\/td>\n<td>9120132140946<\/td>\n<\/tr>\n<\/table>\n","protected":false},"excerpt":{"rendered":"<p>HOLZMANN WB150ELIFT_230V je prava atrakcija za vsako delavnico! Vi\u0161insko nastavljiva delovna povr\u0161ina zagotavlja ergonomsko udobje, medtem ko motor in nadzorna plo\u0161\u010da z dvema vnaprej programirljivima delovnima polo\u017eajema omogo\u010data izjemno enostavno upravljanje. Robusten prime\u017e in masivna delovna plo\u0161\u010da iz kav\u010dukovca ne zagotavljata le stabilnosti, temve\u010d tudi prijetno delovno okolje. Tako je delo bolj zabavno kot kdajkoli prej!<\/p>\n<ul>\n<li>delovna povr\u0161ina iz kav\u010dukovega lesa (18 mm)<\/li>\n<li>ena prime\u017e<\/li>\n<li>veliko prostora za shranjevanje (pladenj)<\/li>\n<li>dimenzije delovne povr\u0161ine: 1365 x 500 x 18 mm<\/li>\n<li>maks. nosilnost 40 kg<\/li>\n<li>po vi\u0161ini nastavljiva delovna povr\u0161ina od 765 do 1220 mm<\/li>\n<\/ul>\n<p><strong>Vklju\u010deno v dostavo<\/strong>: napajalni adapter AC-DC, 4 kovinski klini za delovno mizo<\/p><\/p>\n","protected":false},"featured_media":11508,"template":"","meta":[],"product_brand":[],"product_cat":[1002,1003],"product_tag":[],"class_list":{"0":"post-11507","1":"product","2":"type-product","3":"status-publish","4":"has-post-thumbnail","6":"product_cat-delovne-mize-in-police","7":"product_cat-oprema-za-delavnice","9":"first","10":"instock","11":"shipping-taxable","12":"purchasable","13":"product-type-simple"},"_links":{"self":[{"href":"https:\/\/www.depoles.com\/hr\/wp-json\/wp\/v2\/product\/11507","targetHints":{"allow":["GET"]}}],"collection":[{"href":"https:\/\/www.depoles.com\/hr\/wp-json\/wp\/v2\/product"}],"about":[{"href":"https:\/\/www.depoles.com\/hr\/wp-json\/wp\/v2\/types\/product"}],"wp:featuredmedia":[{"embeddable":true,"href":"https:\/\/www.depoles.com\/hr\/wp-json\/wp\/v2\/media\/11508"}],"wp:attachment":[{"href":"https:\/\/www.depoles.com\/hr\/wp-json\/wp\/v2\/media?parent=11507"}],"wp:term":[{"taxonomy":"product_brand","embeddable":true,"href":"https:\/\/www.depoles.com\/hr\/wp-json\/wp\/v2\/product_brand?post=11507"},{"taxonomy":"product_cat","embeddable":true,"href":"https:\/\/www.depoles.com\/hr\/wp-json\/wp\/v2\/product_cat?post=11507"},{"taxonomy":"product_tag","embeddable":true,"href":"https:\/\/www.depoles.com\/hr\/wp-json\/wp\/v2\/product_tag?post=11507"}],"curies":[{"name":"wp","href":"https:\/\/api.w.org\/{rel}","templated":true}]}}