{"id":11514,"date":"2026-03-17T13:02:35","date_gmt":"2026-03-17T12:02:35","guid":{"rendered":"https:\/\/www.depoles.com\/trgovina\/vozicek-za-orodje-ww862eco\/"},"modified":"2026-03-17T13:02:35","modified_gmt":"2026-03-17T12:02:35","slug":"vozicek-za-orodje-ww862eco","status":"publish","type":"product","link":"https:\/\/www.depoles.com\/hr\/trgovina\/vozicek-za-orodje-ww862eco\/","title":{"rendered":"Vozi\u010dek za orodje WW862ECO"},"content":{"rendered":"<table>\n<tr>\n<th>tehni\u010dne podrobnosti<\/th>\n<th><\/th>\n<\/tr>\n<tr>\n<td><strong>meritve<\/strong><\/td>\n<td><\/td>\n<\/tr>\n<tr>\n<td>skupne dimenzije v mm<\/td>\n<td>860 x 450 x 960<\/td>\n<\/tr>\n<tr>\n<td><strong>te\u017ea<\/strong><\/td>\n<td><\/td>\n<\/tr>\n<tr>\n<td>bruto te\u017ea v kg<\/td>\n<td>47<\/td>\n<\/tr>\n<tr>\n<td>neto te\u017ea v kg<\/td>\n<td>44<\/td>\n<\/tr>\n<tr>\n<td><strong>embala\u017ea<\/strong><\/td>\n<td><\/td>\n<\/tr>\n<tr>\n<td>\u0161irina embala\u017ee v mm<\/td>\n<td>500<\/td>\n<\/tr>\n<tr>\n<td>dol\u017eina embala\u017ee v mm<\/td>\n<td>830<\/td>\n<\/tr>\n<tr>\n<td>vi\u0161ina embala\u017ee v mm<\/td>\n<td>500<\/td>\n<\/tr>\n<tr>\n<td><strong>splo\u0161ni podatki<\/strong><\/td>\n<td><\/td>\n<\/tr>\n<tr>\n<td>EAN koda<\/td>\n<td>9120132140670<\/td>\n<\/tr>\n<\/table>\n","protected":false},"excerpt":{"rendered":"<p>Vozi\u010dek za orodje Holzmann WW862ECO ponuja izjemno veliko prostora za shranjevanje in je mobilen zahvaljujo\u010d kolesom in ro\u010daju. Predale je mogo\u010de odpreti po odprtju pokrova. Pokrov je zaklenljiv, tako da so va\u0161a orodja v predalih varna pred nepoobla\u0161\u010denim dostopom<\/p>\n<ul>\n<li>maks. obremenitev\n<ul>\n<li>skupaj: 260 kg<\/li>\n<li>zgornji pokrov: 40 kg<\/li>\n<li>predal: 20 kg<\/li>\n<li>spodnji predel: 40 kg<\/li>\n<\/ul>\n<\/li>\n<li>dimenzije pokrova: 789 x 443 mm<\/li>\n<li>dimenzije predala:\n<ul>\n<li>predal1 (\u0160 x G x V): 337 x 378 x 56,5 mm<\/li>\n<li>predal2 (\u0160 x G x V): 681 x 378 x 77 mm<\/li>\n<li>predal3 (\u0160 x G x V): 681 x 378 x 108,5 mm<\/li>\n<\/ul>\n<\/li>\n<li>dimenzije koles: \u00d8 126 x 31 mm<\/li>\n<li>vi\u0161ina ro\u010daja: 945 mm<\/li>\n<\/ul>\n","protected":false},"featured_media":11515,"template":"","meta":[],"product_brand":[],"product_cat":[1002,1003],"product_tag":[],"class_list":{"0":"post-11514","1":"product","2":"type-product","3":"status-publish","4":"has-post-thumbnail","6":"product_cat-delovne-mize-in-police","7":"product_cat-oprema-za-delavnice","9":"first","10":"instock","11":"shipping-taxable","12":"purchasable","13":"product-type-simple"},"_links":{"self":[{"href":"https:\/\/www.depoles.com\/hr\/wp-json\/wp\/v2\/product\/11514","targetHints":{"allow":["GET"]}}],"collection":[{"href":"https:\/\/www.depoles.com\/hr\/wp-json\/wp\/v2\/product"}],"about":[{"href":"https:\/\/www.depoles.com\/hr\/wp-json\/wp\/v2\/types\/product"}],"wp:featuredmedia":[{"embeddable":true,"href":"https:\/\/www.depoles.com\/hr\/wp-json\/wp\/v2\/media\/11515"}],"wp:attachment":[{"href":"https:\/\/www.depoles.com\/hr\/wp-json\/wp\/v2\/media?parent=11514"}],"wp:term":[{"taxonomy":"product_brand","embeddable":true,"href":"https:\/\/www.depoles.com\/hr\/wp-json\/wp\/v2\/product_brand?post=11514"},{"taxonomy":"product_cat","embeddable":true,"href":"https:\/\/www.depoles.com\/hr\/wp-json\/wp\/v2\/product_cat?post=11514"},{"taxonomy":"product_tag","embeddable":true,"href":"https:\/\/www.depoles.com\/hr\/wp-json\/wp\/v2\/product_tag?post=11514"}],"curies":[{"name":"wp","href":"https:\/\/api.w.org\/{rel}","templated":true}]}}