{"id":11517,"date":"2026-03-17T13:02:47","date_gmt":"2026-03-17T12:02:47","guid":{"rendered":"https:\/\/www.depoles.com\/trgovina\/otroska-delovna-miza-wb80micro\/"},"modified":"2026-03-17T13:02:47","modified_gmt":"2026-03-17T12:02:47","slug":"otroska-delovna-miza-wb80micro","status":"publish","type":"product","link":"https:\/\/www.depoles.com\/hr\/trgovina\/otroska-delovna-miza-wb80micro\/","title":{"rendered":"Otro\u0161ka delovna miza WB80MICRO"},"content":{"rendered":"<table>\n<tr>\n<th colspan=\"2\">tehni\u010dne podrobnosti<\/th>\n<\/tr>\n<tr>\n<th>meritve<\/th>\n<td><\/td>\n<\/tr>\n<tr>\n<td>vi\u0161ina mize v mm<\/td>\n<td>650<\/td>\n<\/tr>\n<tr>\n<td>skupne dimenzije v mm<\/td>\n<td>920 x 500 x 650<\/td>\n<\/tr>\n<tr>\n<td>nosilnost v kg<\/td>\n<td>30<\/td>\n<\/tr>\n<tr>\n<td>velikost mize v mm<\/td>\n<td>800 x 400<\/td>\n<\/tr>\n<tr>\n<th>te\u017ea<\/th>\n<td><\/td>\n<\/tr>\n<tr>\n<td>bruto te\u017ea v kg<\/td>\n<td>12<\/td>\n<\/tr>\n<tr>\n<td>neto te\u017ea v kg<\/td>\n<td>11<\/td>\n<\/tr>\n<tr>\n<th>pakiranje<\/th>\n<td><\/td>\n<\/tr>\n<tr>\n<td>\u0161irina pakiranja v mm<\/td>\n<td>450<\/td>\n<\/tr>\n<tr>\n<td>dol\u017eina pakiranja v mm<\/td>\n<td>850<\/td>\n<\/tr>\n<tr>\n<td>vi\u0161ina pakiranja v mm<\/td>\n<td>140<\/td>\n<\/tr>\n<tr>\n<th>splo\u0161ni podatki<\/th>\n<td><\/td>\n<\/tr>\n<tr>\n<td>EAN koda<\/td>\n<td>9120132140939<\/td>\n<\/tr>\n<\/table>\n","protected":false},"excerpt":{"rendered":"<p>Otro\u0161ka delovna miza HOLZMANN WB80Micro je izdelana iz kav\u010dukovca, ima certifikat EN71-1 in je opremljena s prime\u017eem za delovno mizo ter 4 zati\u010di. Popolna delovna miza za otroke, starej\u0161e od 3 let, ki \u017eelijo biti aktivni kot obrtniki. <\/p>\n<p><p><strong>delovna miza iz masivnega lesa: Poseben model za otroke<\/strong><\/p>\n<ul>\n<li>delovna povr\u0161ina iz kav\u010dukovca (800 x 400 x 18 mm)<\/li>\n<li>ena prime\u017ena miza (\u0160: 280 mm, hod: 160 mm)<\/li>\n<li>4 klini za delovno mizo<\/li>\n<li>certificirano v skladu z EN71-1<\/li>\n<li>ni primerno za otroke, mlaj\u0161e od 3 let<\/li>\n<\/ul>\n","protected":false},"featured_media":11518,"template":"","meta":[],"product_brand":[],"product_cat":[1002,1003],"product_tag":[],"class_list":{"0":"post-11517","1":"product","2":"type-product","3":"status-publish","4":"has-post-thumbnail","6":"product_cat-delovne-mize-in-police","7":"product_cat-oprema-za-delavnice","9":"first","10":"instock","11":"shipping-taxable","12":"purchasable","13":"product-type-simple"},"_links":{"self":[{"href":"https:\/\/www.depoles.com\/hr\/wp-json\/wp\/v2\/product\/11517","targetHints":{"allow":["GET"]}}],"collection":[{"href":"https:\/\/www.depoles.com\/hr\/wp-json\/wp\/v2\/product"}],"about":[{"href":"https:\/\/www.depoles.com\/hr\/wp-json\/wp\/v2\/types\/product"}],"wp:featuredmedia":[{"embeddable":true,"href":"https:\/\/www.depoles.com\/hr\/wp-json\/wp\/v2\/media\/11518"}],"wp:attachment":[{"href":"https:\/\/www.depoles.com\/hr\/wp-json\/wp\/v2\/media?parent=11517"}],"wp:term":[{"taxonomy":"product_brand","embeddable":true,"href":"https:\/\/www.depoles.com\/hr\/wp-json\/wp\/v2\/product_brand?post=11517"},{"taxonomy":"product_cat","embeddable":true,"href":"https:\/\/www.depoles.com\/hr\/wp-json\/wp\/v2\/product_cat?post=11517"},{"taxonomy":"product_tag","embeddable":true,"href":"https:\/\/www.depoles.com\/hr\/wp-json\/wp\/v2\/product_tag?post=11517"}],"curies":[{"name":"wp","href":"https:\/\/api.w.org\/{rel}","templated":true}]}}