{"id":11520,"date":"2026-03-17T13:02:59","date_gmt":"2026-03-17T12:02:59","guid":{"rendered":"https:\/\/www.depoles.com\/trgovina\/mobilni-delovni-pult-primez-wbs1mobil\/"},"modified":"2026-03-17T13:02:59","modified_gmt":"2026-03-17T12:02:59","slug":"mobilni-delovni-pult-primez-wbs1mobil","status":"publish","type":"product","link":"https:\/\/www.depoles.com\/hr\/trgovina\/mobilni-delovni-pult-primez-wbs1mobil\/","title":{"rendered":"Mobilni delovni pult prime\u017e WBS1MOBIL"},"content":{"rendered":"<table>\n<tr>\n<th colspan=\"2\">tehni\u010dne podrobnosti<\/th>\n<\/tr>\n<tr>\n<th>meritve<\/th>\n<td><\/td>\n<\/tr>\n<tr>\n<td>skupne dimenzije v mm<\/td>\n<td>460 x 330 x 70<\/td>\n<\/tr>\n<tr>\n<td>nosilnost v kg<\/td>\n<td>30<\/td>\n<\/tr>\n<tr>\n<th>te\u017ea<\/th>\n<td><\/td>\n<\/tr>\n<tr>\n<td>bruto te\u017ea v kg<\/td>\n<td>5.10<\/td>\n<\/tr>\n<tr>\n<td>neto te\u017ea v kg<\/td>\n<td>4.80<\/td>\n<\/tr>\n<tr>\n<th>embala\u017ea<\/th>\n<td><\/td>\n<\/tr>\n<tr>\n<td>\u0161irina embala\u017ee v mm<\/td>\n<td>365<\/td>\n<\/tr>\n<tr>\n<td>dol\u017eina embala\u017ee v mm<\/td>\n<td>485<\/td>\n<\/tr>\n<tr>\n<td>vi\u0161ina embala\u017ee v mm<\/td>\n<td>95<\/td>\n<\/tr>\n<tr>\n<th>splo\u0161ni podatki<\/th>\n<td><\/td>\n<\/tr>\n<tr>\n<td>EAN koda<\/td>\n<td>9120132140922<\/td>\n<\/tr>\n<\/table>\n","protected":false},"excerpt":{"rendered":"<p>Mobilni delovni pult WBS1Mobil od HOLZMANN z ro\u010dajem za prena\u0161anje in prime\u017eem je popolna izbolj\u0161ava za va\u0161e delovno mesto.<\/p>\n<ul>\n<li>trdna delovna plo\u0161\u010da iz kav\u010dukovca (360 x 300 x 22 mm)<\/li>\n<li>dimenzije prime\u017ea:\n<ul>\n<li>\u00a0\u00a0 \u00a0\u0161irina: 300 mm<\/li>\n<li>\u00a0\u00a0 \u00a0potovalna razdalja: maks. 160 mm<\/li>\n<\/ul>\n<\/li>\n<li>mobilna uporaba zaradi kompaktne zasnove in ro\u010daja za prena\u0161anje<\/li>\n<li>lahko se pritrdi na razli\u010dne delovne postaje, npr. z uporabo vijakov\/prime\u017enih sponk (niso vklju\u010dene v obseg dobave)<\/li>\n<\/ul>\n<p><strong>Vklju\u010deno v dobavo<\/strong>: 4 klini za delovno mizo (jeklo)<\/p><\/p>\n","protected":false},"featured_media":11521,"template":"","meta":[],"product_brand":[],"product_cat":[1002,1003],"product_tag":[],"class_list":{"0":"post-11520","1":"product","2":"type-product","3":"status-publish","4":"has-post-thumbnail","6":"product_cat-delovne-mize-in-police","7":"product_cat-oprema-za-delavnice","9":"first","10":"instock","11":"shipping-taxable","12":"purchasable","13":"product-type-simple"},"_links":{"self":[{"href":"https:\/\/www.depoles.com\/hr\/wp-json\/wp\/v2\/product\/11520","targetHints":{"allow":["GET"]}}],"collection":[{"href":"https:\/\/www.depoles.com\/hr\/wp-json\/wp\/v2\/product"}],"about":[{"href":"https:\/\/www.depoles.com\/hr\/wp-json\/wp\/v2\/types\/product"}],"wp:featuredmedia":[{"embeddable":true,"href":"https:\/\/www.depoles.com\/hr\/wp-json\/wp\/v2\/media\/11521"}],"wp:attachment":[{"href":"https:\/\/www.depoles.com\/hr\/wp-json\/wp\/v2\/media?parent=11520"}],"wp:term":[{"taxonomy":"product_brand","embeddable":true,"href":"https:\/\/www.depoles.com\/hr\/wp-json\/wp\/v2\/product_brand?post=11520"},{"taxonomy":"product_cat","embeddable":true,"href":"https:\/\/www.depoles.com\/hr\/wp-json\/wp\/v2\/product_cat?post=11520"},{"taxonomy":"product_tag","embeddable":true,"href":"https:\/\/www.depoles.com\/hr\/wp-json\/wp\/v2\/product_tag?post=11520"}],"curies":[{"name":"wp","href":"https:\/\/api.w.org\/{rel}","templated":true}]}}