{"id":11525,"date":"2026-03-17T13:03:08","date_gmt":"2026-03-17T12:03:08","guid":{"rendered":"https:\/\/www.depoles.com\/trgovina\/objemka-za-panele-in-vrata-panfix1\/"},"modified":"2026-03-17T13:03:08","modified_gmt":"2026-03-17T12:03:08","slug":"objemka-za-panele-in-vrata-panfix1","status":"publish","type":"product","link":"https:\/\/www.depoles.com\/hr\/trgovina\/objemka-za-panele-in-vrata-panfix1\/","title":{"rendered":"Objemka za panele in vrata PANFIX1"},"content":{"rendered":"<table>\n<tr>\n<th>tehni\u010dne podrobnosti<\/th>\n<th><\/th>\n<\/tr>\n<tr>\n<td><strong>mere<\/strong><\/td>\n<td><\/td>\n<\/tr>\n<tr>\n<td>skupne dimenzije v mm<\/td>\n<td>540 x 70 x 390<\/td>\n<\/tr>\n<tr>\n<td><strong>te\u017ea<\/strong><\/td>\n<td><\/td>\n<\/tr>\n<tr>\n<td>bruto te\u017ea v kg<\/td>\n<td>8.80<\/td>\n<\/tr>\n<tr>\n<td>neto te\u017ea v kg<\/td>\n<td>8.20<\/td>\n<\/tr>\n<tr>\n<td><strong>embala\u017ea<\/strong><\/td>\n<td><\/td>\n<\/tr>\n<tr>\n<td>\u0161irina embala\u017ee v mm<\/td>\n<td>410<\/td>\n<\/tr>\n<tr>\n<td>dol\u017eina embala\u017ee v mm<\/td>\n<td>555<\/td>\n<\/tr>\n<tr>\n<td>vi\u0161ina embala\u017ee v mm<\/td>\n<td>90<\/td>\n<\/tr>\n<tr>\n<td><strong>splo\u0161ni podatki<\/strong><\/td>\n<td><\/td>\n<\/tr>\n<tr>\n<td>EAN koda<\/td>\n<td>9120132141424<\/td>\n<\/tr>\n<\/table>\n","protected":false},"excerpt":{"rendered":"<p>Idealna re\u0161itev za natan\u010dno in prostoro\u010dno namestitev vrat. Izdelana iz trdnega jekla, z gumirano podporo \u010deljusti in trdno stopno plo\u0161\u010do za varen oprijem. Primerna za vrata\/panele do \u0161irine 65 mm. Vklju\u010duje dvigalo za vrata za enostavno dvigovanje te\u017ekih vrat. Popolna za doma\u010de mojstre in profesionalce!<\/p>\n<ul>\n<li>vpenjalna sila 136 kg<\/li>\n<li>vpenjalni razpon 10-65 mm<\/li>\n<li>pritrdilni vijak<\/li>\n<li>ro\u010daj za prena\u0161anje<\/li>\n<\/ul>\n","protected":false},"featured_media":11526,"template":"","meta":[],"product_brand":[],"product_cat":[1003,1008],"product_tag":[],"class_list":{"0":"post-11525","1":"product","2":"type-product","3":"status-publish","4":"has-post-thumbnail","6":"product_cat-oprema-za-delavnice","7":"product_cat-pripomocki","9":"first","10":"instock","11":"shipping-taxable","12":"purchasable","13":"product-type-simple"},"_links":{"self":[{"href":"https:\/\/www.depoles.com\/hr\/wp-json\/wp\/v2\/product\/11525","targetHints":{"allow":["GET"]}}],"collection":[{"href":"https:\/\/www.depoles.com\/hr\/wp-json\/wp\/v2\/product"}],"about":[{"href":"https:\/\/www.depoles.com\/hr\/wp-json\/wp\/v2\/types\/product"}],"wp:featuredmedia":[{"embeddable":true,"href":"https:\/\/www.depoles.com\/hr\/wp-json\/wp\/v2\/media\/11526"}],"wp:attachment":[{"href":"https:\/\/www.depoles.com\/hr\/wp-json\/wp\/v2\/media?parent=11525"}],"wp:term":[{"taxonomy":"product_brand","embeddable":true,"href":"https:\/\/www.depoles.com\/hr\/wp-json\/wp\/v2\/product_brand?post=11525"},{"taxonomy":"product_cat","embeddable":true,"href":"https:\/\/www.depoles.com\/hr\/wp-json\/wp\/v2\/product_cat?post=11525"},{"taxonomy":"product_tag","embeddable":true,"href":"https:\/\/www.depoles.com\/hr\/wp-json\/wp\/v2\/product_tag?post=11525"}],"curies":[{"name":"wp","href":"https:\/\/api.w.org\/{rel}","templated":true}]}}