{"id":1153,"date":"2024-07-01T11:43:55","date_gmt":"2024-07-01T09:43:55","guid":{"rendered":"https:\/\/nova.depoles.com\/trgovina\/edge-banding-machines-kam115p_400v\/"},"modified":"2025-12-17T14:34:25","modified_gmt":"2025-12-17T13:34:25","slug":"edge-banding-machines-kam115p_400v","status":"publish","type":"product","link":"https:\/\/www.depoles.com\/hr\/trgovina\/edge-banding-machines-kam115p_400v\/","title":{"rendered":"Strojevi za pakiranje KAM115P_400V"},"content":{"rendered":"<p><strong>Tehni\u010dna specifikacija<\/strong><\/p>\n<ul>\n<li><strong>Motor<\/strong>\n<ul>\n<li>Mo\u010d motorja S1: 2490 W<\/li>\n<li>Hitrost pomika: 6,4 m\/min<\/li>\n<\/ul>\n<\/li>\n<li><strong>Dimenzije<\/strong>\n<ul>\n<li>Skupne dimenzije: 2050 x 800 x 1070 mm<\/li>\n<li>Velikost mize: 2050 x 800 mm<\/li>\n<li>Premer priklju\u010dka za zbiralec prahu: 60 mm<\/li>\n<\/ul>\n<\/li>\n<li><strong>Dimenzije obdelovanca<\/strong>\n<ul>\n<li>Minimalna debelina: 10 mm<\/li>\n<li>Maksimalna debelina: 45 mm<\/li>\n<li>Minimalna dol\u017eina: 120 mm<\/li>\n<li>Minimalna \u0161irina: 90 mm<\/li>\n<\/ul>\n<\/li>\n<li><strong>Oblaganje robov<\/strong>\n<ul>\n<li>Debelina roba: 0,4 &#8211; 3 mm<\/li>\n<li>\u0160irina roba: 12 &#8211; 48 mm<\/li>\n<li>Potreben zra\u010dni tlak: 7 bar<\/li>\n<li>Delovna temperatura: 190 &#8211; 200 \u00b0C<\/li>\n<\/ul>\n<\/li>\n<li><strong>Te\u017ea<\/strong>\n<ul>\n<li>Netto te\u017ea: 300 kg<\/li>\n<li>Bruto te\u017ea: 350 kg<\/li>\n<\/ul>\n<\/li>\n<li><strong>Pakiranje<\/strong>\n<ul>\n<li>Vi\u0161ina pakiranja: 1060 mm<\/li>\n<li>\u0160irina pakiranja: 760 mm<\/li>\n<li>Dol\u017eina pakiranja: 1710 mm<\/li>\n<\/ul>\n<\/li>\n<li><strong>Splo\u0161ni podatki<\/strong>\n<ul>\n<li>EAN koda: 9120058371592<\/li>\n<\/ul>\n<\/li>\n<\/ul>\n","protected":false},"excerpt":{"rendered":"<h3>Opis izdelka<\/h3>\n<p>Samodejen in natan\u010den postopek lepljenja z integrirano dvojno zaklju\u010dna R stranjo poteka v enem delovnem toku, kar omogo\u010da u\u010dinkovito delo. Kon\u010dno rezanje je mogo\u010de izvesti na zadnji strani stroja.<\/p>\n<ul>\n<li>Enostranski avtomatski robni stroj<\/li>\n<li>Lepilo se nana\u0161a neposredno na ravne obdelovance<\/li>\n<li>Funkcija stand-by prepre\u010duje kurjenje lepila<\/li>\n<li>Nastavitev enote je opremljena s \u0161tevcem za razli\u010dne vrste robov<\/li>\n<li>LCD zaslon omogo\u010da nadzor in prilagajanje temperature lepila<\/li>\n<\/ul>\n","protected":false},"featured_media":1154,"template":"","meta":[],"product_brand":[],"product_cat":[1033,1012],"product_tag":[],"class_list":{"0":"post-1153","1":"product","2":"type-product","3":"status-publish","4":"has-post-thumbnail","6":"product_cat-robne-lepilke","7":"product_cat-stroji-za-les","9":"first","10":"instock","11":"shipping-taxable","12":"purchasable","13":"product-type-simple"},"_links":{"self":[{"href":"https:\/\/www.depoles.com\/hr\/wp-json\/wp\/v2\/product\/1153","targetHints":{"allow":["GET"]}}],"collection":[{"href":"https:\/\/www.depoles.com\/hr\/wp-json\/wp\/v2\/product"}],"about":[{"href":"https:\/\/www.depoles.com\/hr\/wp-json\/wp\/v2\/types\/product"}],"wp:featuredmedia":[{"embeddable":true,"href":"https:\/\/www.depoles.com\/hr\/wp-json\/wp\/v2\/media\/1154"}],"wp:attachment":[{"href":"https:\/\/www.depoles.com\/hr\/wp-json\/wp\/v2\/media?parent=1153"}],"wp:term":[{"taxonomy":"product_brand","embeddable":true,"href":"https:\/\/www.depoles.com\/hr\/wp-json\/wp\/v2\/product_brand?post=1153"},{"taxonomy":"product_cat","embeddable":true,"href":"https:\/\/www.depoles.com\/hr\/wp-json\/wp\/v2\/product_cat?post=1153"},{"taxonomy":"product_tag","embeddable":true,"href":"https:\/\/www.depoles.com\/hr\/wp-json\/wp\/v2\/product_tag?post=1153"}],"curies":[{"name":"wp","href":"https:\/\/api.w.org\/{rel}","templated":true}]}}