{"id":11535,"date":"2026-03-17T13:03:22","date_gmt":"2026-03-17T12:03:22","guid":{"rendered":"https:\/\/www.depoles.com\/trgovina\/par-tri-zlozljiva-rampa-rampa23t\/"},"modified":"2026-03-17T13:03:22","modified_gmt":"2026-03-17T12:03:22","slug":"par-tri-zlozljiva-rampa-rampa23t","status":"publish","type":"product","link":"https:\/\/www.depoles.com\/hr\/trgovina\/par-tri-zlozljiva-rampa-rampa23t\/","title":{"rendered":"PAR TRI ZLO\u017dLJIVA RAMPA RAMPA23T"},"content":{"rendered":"<table>\n<tr>\n<td><strong>te\u017ea<\/strong><\/td>\n<\/tr>\n<tr>\n<td>bruto te\u017ea v kg<\/td>\n<td>30<\/td>\n<\/tr>\n<tr>\n<td>neto te\u017ea v kg<\/td>\n<td>28.50<\/td>\n<\/tr>\n<tr>\n<td><strong>embala\u017ea<\/strong><\/td>\n<\/tr>\n<tr>\n<td>\u0161irina embala\u017ee v mm<\/td>\n<td>372<\/td>\n<\/tr>\n<tr>\n<td>dol\u017eina embala\u017ee v mm<\/td>\n<td>615<\/td>\n<\/tr>\n<tr>\n<td>vi\u0161ina embala\u017ee v mm<\/td>\n<td>285<\/td>\n<\/tr>\n<tr>\n<td><strong>splo\u0161ni podatki<\/strong><\/td>\n<\/tr>\n<tr>\n<td>EAN koda<\/td>\n<td>9120132141257<\/td>\n<\/tr>\n<\/table>\n","protected":false},"excerpt":{"rendered":"<p>Ta par klan\u010din olaj\u0161a nalaganje manj\u0161ih strojev na prikolico, kombi itd. Omogo\u010da dvojno uporabo, zlo\u017eena z najve\u010djo obremenitvijo 2300 kg, raztegnjena z najve\u010djo obremenitvijo 460 kg. Uporabite jo za nalaganje izdelkov, kot so: mini prekucniki, kosilnice, \u0161tirikolesniki. Ta nakladalna klan\u010dina ponuja \u0161irino 225 mm za nalaganje izdelkov z nekoliko \u0161ir\u0161imi kolesi.<\/p>\n<ul>\n<li>maks. obremenitev zlo\u017eeno<\/li>\n<li>1150 kg na rampo \/ 2300 kg na par<\/li>\n<li>maks. obremenitev razlo\u017eeno<\/li>\n<li>230 kg na rampo \/ 460 kg na par<\/li>\n<li>maks. \u0161irina pnevmatike 225 mm<\/li>\n<li>maks. naklon 17\u00b0<\/li>\n<li>material jeklo s pra\u0161nim premazom<\/li>\n<li>dimenzije izdelka zlo\u017eeno (D\u00d7\u0160\u00d7V) 900\u00d7250\u00d7150 mm<\/li>\n<li>dimenzije izdelka razlo\u017eeno (D\u00d7\u0160\u00d7V) 1930\u00d7250\u00d750 mm<\/li>\n<\/ul>\n","protected":false},"featured_media":11536,"template":"","meta":[],"product_brand":[],"product_cat":[1003,1008],"product_tag":[],"class_list":{"0":"post-11535","1":"product","2":"type-product","3":"status-publish","4":"has-post-thumbnail","6":"product_cat-oprema-za-delavnice","7":"product_cat-pripomocki","9":"first","10":"instock","11":"shipping-taxable","12":"purchasable","13":"product-type-simple"},"_links":{"self":[{"href":"https:\/\/www.depoles.com\/hr\/wp-json\/wp\/v2\/product\/11535","targetHints":{"allow":["GET"]}}],"collection":[{"href":"https:\/\/www.depoles.com\/hr\/wp-json\/wp\/v2\/product"}],"about":[{"href":"https:\/\/www.depoles.com\/hr\/wp-json\/wp\/v2\/types\/product"}],"wp:featuredmedia":[{"embeddable":true,"href":"https:\/\/www.depoles.com\/hr\/wp-json\/wp\/v2\/media\/11536"}],"wp:attachment":[{"href":"https:\/\/www.depoles.com\/hr\/wp-json\/wp\/v2\/media?parent=11535"}],"wp:term":[{"taxonomy":"product_brand","embeddable":true,"href":"https:\/\/www.depoles.com\/hr\/wp-json\/wp\/v2\/product_brand?post=11535"},{"taxonomy":"product_cat","embeddable":true,"href":"https:\/\/www.depoles.com\/hr\/wp-json\/wp\/v2\/product_cat?post=11535"},{"taxonomy":"product_tag","embeddable":true,"href":"https:\/\/www.depoles.com\/hr\/wp-json\/wp\/v2\/product_tag?post=11535"}],"curies":[{"name":"wp","href":"https:\/\/api.w.org\/{rel}","templated":true}]}}