{"id":11542,"date":"2026-03-17T13:03:42","date_gmt":"2026-03-17T12:03:42","guid":{"rendered":"https:\/\/www.depoles.com\/trgovina\/vecnamensko-podporno-in-valjcno-stojalo-s3in1\/"},"modified":"2026-03-30T20:50:00","modified_gmt":"2026-03-30T18:50:00","slug":"vecnamensko-podporno-in-valjcno-stojalo-s3in1","status":"publish","type":"product","link":"https:\/\/www.depoles.com\/hr\/trgovina\/vecnamensko-podporno-in-valjcno-stojalo-s3in1\/","title":{"rendered":"Ve\u010dnamensko podporno in valj\u010dno stojalo S3IN1"},"content":{"rendered":"<table>\n<tr>\n<th colspan=\"2\">tehni\u010dne podrobnosti<\/th>\n<\/tr>\n<tr>\n<td><strong>mere<\/strong><\/td>\n<td><\/td>\n<\/tr>\n<tr>\n<td>skupne dimenzije v mm<\/td>\n<td>580\u00d7430\u00d7660-1150<\/td>\n<\/tr>\n<tr>\n<td><strong>te\u017ea<\/strong><\/td>\n<td><\/td>\n<\/tr>\n<tr>\n<td>bruto te\u017ea v kg<\/td>\n<td>6<\/td>\n<\/tr>\n<tr>\n<td>neto te\u017ea v kg<\/td>\n<td>5.70<\/td>\n<\/tr>\n<tr>\n<td><strong>pakiranje<\/strong><\/td>\n<td><\/td>\n<\/tr>\n<tr>\n<td>\u0161irina pakiranja v mm<\/td>\n<td>170<\/td>\n<\/tr>\n<tr>\n<td>dol\u017eina pakiranja v mm<\/td>\n<td>620<\/td>\n<\/tr>\n<tr>\n<td>vi\u0161ina pakiranja v mm<\/td>\n<td>80<\/td>\n<\/tr>\n<tr>\n<td><strong>splo\u0161ni podatki<\/strong><\/td>\n<td><\/td>\n<\/tr>\n<tr>\n<td>EAN koda<\/td>\n<td>9120132140625<\/td>\n<\/tr>\n<\/table>\n","protected":false},"excerpt":{"rendered":"<p>HOLZMANN S3in1 multifunkcionalno stojalo in valj\u010dni podstavek &#8211; nepogre\u0161ljivo orodje za vsako delavnico! S svojimi tremi podpornimi elementi (valj\u010dni podstavek, zlo\u017eljiv podstavek, krogli\u010dni podstavek) se S3IN1 prilagaja vsaki nalogi in zagotavlja maksimalno udobje in u\u010dinkovitost. Ne glede na to, ali gre za natan\u010dno delo, enostavno premikanje materialov ali stabilno podporo &#8211; ta vsestranski vsestranski pripomo\u010dek je popoln spremljevalec za va\u0161e projekte\n<\/p>\n<ul>\n<li>nastavljiva vi\u0161ina 660-1150 mm<\/li>\n<li>3 funkcije v eni napravi (najve\u010dja nosilnost 136 kg):\n<ul>\n<li>stacionarna podpora<\/li>\n<li>valj\u010dna podpora (\u00d8 50 mm \/ 286 mm)<\/li>\n<li>krogli\u010dna podpora<\/li>\n<\/ul>\n<\/li>\n<\/ul>\n","protected":false},"featured_media":11543,"template":"","meta":[],"product_brand":[],"product_cat":[1003,1008],"product_tag":[],"class_list":{"0":"post-11542","1":"product","2":"type-product","3":"status-publish","4":"has-post-thumbnail","6":"product_cat-oprema-za-delavnice","7":"product_cat-pripomocki","9":"first","10":"instock","11":"shipping-taxable","12":"purchasable","13":"product-type-simple"},"_links":{"self":[{"href":"https:\/\/www.depoles.com\/hr\/wp-json\/wp\/v2\/product\/11542","targetHints":{"allow":["GET"]}}],"collection":[{"href":"https:\/\/www.depoles.com\/hr\/wp-json\/wp\/v2\/product"}],"about":[{"href":"https:\/\/www.depoles.com\/hr\/wp-json\/wp\/v2\/types\/product"}],"wp:featuredmedia":[{"embeddable":true,"href":"https:\/\/www.depoles.com\/hr\/wp-json\/wp\/v2\/media\/11543"}],"wp:attachment":[{"href":"https:\/\/www.depoles.com\/hr\/wp-json\/wp\/v2\/media?parent=11542"}],"wp:term":[{"taxonomy":"product_brand","embeddable":true,"href":"https:\/\/www.depoles.com\/hr\/wp-json\/wp\/v2\/product_brand?post=11542"},{"taxonomy":"product_cat","embeddable":true,"href":"https:\/\/www.depoles.com\/hr\/wp-json\/wp\/v2\/product_cat?post=11542"},{"taxonomy":"product_tag","embeddable":true,"href":"https:\/\/www.depoles.com\/hr\/wp-json\/wp\/v2\/product_tag?post=11542"}],"curies":[{"name":"wp","href":"https:\/\/api.w.org\/{rel}","templated":true}]}}