{"id":11549,"date":"2026-03-17T13:04:12","date_gmt":"2026-03-17T12:04:12","guid":{"rendered":"https:\/\/www.depoles.com\/trgovina\/nastavljiva-zaga-ab1085flex\/"},"modified":"2026-03-17T13:04:12","modified_gmt":"2026-03-17T12:04:12","slug":"nastavljiva-zaga-ab1085flex","status":"publish","type":"product","link":"https:\/\/www.depoles.com\/hr\/trgovina\/nastavljiva-zaga-ab1085flex\/","title":{"rendered":"Nastavljiva \u017eaga AB1085FLEX"},"content":{"rendered":"<table>\n<tr>\n<th colspan=\"2\">\n<h3>tehni\u010dne podrobnosti<\/h3>\n<\/th>\n<\/tr>\n<tr>\n<td colspan=\"2\"><strong>te\u017ea<\/strong><\/td>\n<\/tr>\n<tr>\n<td>bruto te\u017ea v kg<\/td>\n<td>10.50<\/td>\n<\/tr>\n<tr>\n<td>neto te\u017ea v kg<\/td>\n<td>9.80<\/td>\n<\/tr>\n<tr>\n<td colspan=\"2\"><strong>embala\u017ea<\/strong><\/td>\n<\/tr>\n<tr>\n<td>\u0161irina embala\u017ee v mm<\/td>\n<td>155<\/td>\n<\/tr>\n<tr>\n<td>dol\u017eina embala\u017ee v mm<\/td>\n<td>1.030<\/td>\n<\/tr>\n<tr>\n<td>vi\u0161ina embala\u017ee v mm<\/td>\n<td>122<\/td>\n<\/tr>\n<tr>\n<td colspan=\"2\"><strong>splo\u0161ni podatki<\/strong><\/td>\n<\/tr>\n<tr>\n<td>EAN koda<\/td>\n<td>9120132140816<\/td>\n<\/tr>\n<\/table>\n","protected":false},"excerpt":{"rendered":"<p>Zlo\u017eljivo in po vi\u0161ini nastavljivo delovno stojalo HOLZMANN AB1085FLX se lahko uporablja kot podpora pri obdelavi obdelovancev ali za postavitev stabilne delovne mize<\/p>\n<ul>\n<li>zlo\u017eljiv delovni \u017eaga konj s \u0161irinsko nastavljivimi nosilci stebrov (0-90 mm levo\/desno)<\/li>\n<li>noge s stabilnim stojalom na vseh povr\u0161inah<\/li>\n<li>enostavno shranjevanje in transport zahvaljujo\u010d zlo\u017eljivim nogam in ro\u010daju. Noge se lahko popolnoma pospravijo v ohi\u0161je.<\/li>\n<li>dimenzije izdelka v raztegnjenem stanju: 980(1155) x 470(640) x 630(820) mm<\/li>\n<li>izbira vi\u0161ine v razponu od 630-820 mm<\/li>\n<li>stabilna delovna povr\u0161ina se lahko ustvari s kombinacijo dveh delovnih \u017eaga konjev. (Dodatni material ni vklju\u010den, npr. delovna plo\u0161\u010da)<\/li>\n<li>najve\u010dja obremenitev 590 kg na delovni konj<\/li>\n<\/ul>\n","protected":false},"featured_media":11550,"template":"","meta":[],"product_brand":[],"product_cat":[1003,1008],"product_tag":[],"class_list":{"0":"post-11549","1":"product","2":"type-product","3":"status-publish","4":"has-post-thumbnail","6":"product_cat-oprema-za-delavnice","7":"product_cat-pripomocki","9":"first","10":"instock","11":"shipping-taxable","12":"purchasable","13":"product-type-simple"},"_links":{"self":[{"href":"https:\/\/www.depoles.com\/hr\/wp-json\/wp\/v2\/product\/11549","targetHints":{"allow":["GET"]}}],"collection":[{"href":"https:\/\/www.depoles.com\/hr\/wp-json\/wp\/v2\/product"}],"about":[{"href":"https:\/\/www.depoles.com\/hr\/wp-json\/wp\/v2\/types\/product"}],"wp:featuredmedia":[{"embeddable":true,"href":"https:\/\/www.depoles.com\/hr\/wp-json\/wp\/v2\/media\/11550"}],"wp:attachment":[{"href":"https:\/\/www.depoles.com\/hr\/wp-json\/wp\/v2\/media?parent=11549"}],"wp:term":[{"taxonomy":"product_brand","embeddable":true,"href":"https:\/\/www.depoles.com\/hr\/wp-json\/wp\/v2\/product_brand?post=11549"},{"taxonomy":"product_cat","embeddable":true,"href":"https:\/\/www.depoles.com\/hr\/wp-json\/wp\/v2\/product_cat?post=11549"},{"taxonomy":"product_tag","embeddable":true,"href":"https:\/\/www.depoles.com\/hr\/wp-json\/wp\/v2\/product_tag?post=11549"}],"curies":[{"name":"wp","href":"https:\/\/api.w.org\/{rel}","templated":true}]}}