{"id":11555,"date":"2026-03-17T13:04:23","date_gmt":"2026-03-17T12:04:23","guid":{"rendered":"https:\/\/www.depoles.com\/trgovina\/nastavljiva-zaga-ab1015flex\/"},"modified":"2026-03-17T13:04:23","modified_gmt":"2026-03-17T12:04:23","slug":"nastavljiva-zaga-ab1015flex","status":"publish","type":"product","link":"https:\/\/www.depoles.com\/hr\/trgovina\/nastavljiva-zaga-ab1015flex\/","title":{"rendered":"Nastavljiva \u017eaga AB1015FLEX"},"content":{"rendered":"<table>\n<tr>\n<th colspan=\"2\">tehni\u010dne podrobnosti<\/th>\n<\/tr>\n<tr>\n<th>meritve<\/th>\n<td><\/td>\n<\/tr>\n<tr>\n<td>nosilnost v kg<\/td>\n<td>500<\/td>\n<\/tr>\n<tr>\n<th>te\u017ea<\/th>\n<td><\/td>\n<\/tr>\n<tr>\n<td>bruto te\u017ea v kg<\/td>\n<td>7.10<\/td>\n<\/tr>\n<tr>\n<td>neto te\u017ea v kg<\/td>\n<td>6.70<\/td>\n<\/tr>\n<tr>\n<th>embala\u017ea<\/th>\n<td><\/td>\n<\/tr>\n<tr>\n<td>\u0161irina embala\u017ee v mm<\/td>\n<td>132<\/td>\n<\/tr>\n<tr>\n<td>dol\u017eina embala\u017ee v mm<\/td>\n<td>1.130<\/td>\n<\/tr>\n<tr>\n<td>vi\u0161ina embala\u017ee v mm<\/td>\n<td>80<\/td>\n<\/tr>\n<tr>\n<th>splo\u0161ni podatki<\/th>\n<td><\/td>\n<\/tr>\n<tr>\n<td>EAN koda<\/td>\n<td>9120132140823<\/td>\n<\/tr>\n<\/table>\n","protected":false},"excerpt":{"rendered":"<p>Zlo\u017eljivo delovno \u017eago HOLZMANN AB1015FLX se lahko uporablja kot oporo za obdelavo obdelovancev ali za postavitev stabilne delovne mize<\/p>\n<ul>\n<li>zlo\u017eljiva delovna \u017eaga s stojalom in dr\u017eali za stebre z nastavljivo \u0161irino<\/li>\n<li>noge s stabilnim stojalom na vseh povr\u0161inah<\/li>\n<li>enostavno shranjevanje in transport zahvaljujo\u010d zlo\u017eljivim nogam in ro\u010daju. Noge se lahko popolnoma zlo\u017eijo v ohi\u0161je.<\/li>\n<li>dimenzije izdelka v raztegnjenem stanju: 1010(1100) x 593 x 757 mm, dimenzije izdelka v zlo\u017eenem stanju: 1015 x 115 x 70 mm<\/li>\n<li>stabilna delovna povr\u0161ina se lahko ustvari z zdru\u017eitvijo dveh delovnih \u017eag. (Dodatni material ni vklju\u010den, npr. delovna plo\u0161\u010da)<\/li>\n<li>najve\u010dja obremenitev 500 kg na delovni podstavek<\/li>\n<\/ul>\n","protected":false},"featured_media":11556,"template":"","meta":[],"product_brand":[],"product_cat":[1003,1008],"product_tag":[],"class_list":{"0":"post-11555","1":"product","2":"type-product","3":"status-publish","4":"has-post-thumbnail","6":"product_cat-oprema-za-delavnice","7":"product_cat-pripomocki","9":"first","10":"instock","11":"shipping-taxable","12":"purchasable","13":"product-type-simple"},"_links":{"self":[{"href":"https:\/\/www.depoles.com\/hr\/wp-json\/wp\/v2\/product\/11555","targetHints":{"allow":["GET"]}}],"collection":[{"href":"https:\/\/www.depoles.com\/hr\/wp-json\/wp\/v2\/product"}],"about":[{"href":"https:\/\/www.depoles.com\/hr\/wp-json\/wp\/v2\/types\/product"}],"wp:featuredmedia":[{"embeddable":true,"href":"https:\/\/www.depoles.com\/hr\/wp-json\/wp\/v2\/media\/11556"}],"wp:attachment":[{"href":"https:\/\/www.depoles.com\/hr\/wp-json\/wp\/v2\/media?parent=11555"}],"wp:term":[{"taxonomy":"product_brand","embeddable":true,"href":"https:\/\/www.depoles.com\/hr\/wp-json\/wp\/v2\/product_brand?post=11555"},{"taxonomy":"product_cat","embeddable":true,"href":"https:\/\/www.depoles.com\/hr\/wp-json\/wp\/v2\/product_cat?post=11555"},{"taxonomy":"product_tag","embeddable":true,"href":"https:\/\/www.depoles.com\/hr\/wp-json\/wp\/v2\/product_tag?post=11555"}],"curies":[{"name":"wp","href":"https:\/\/api.w.org\/{rel}","templated":true}]}}