{"id":11571,"date":"2026-03-17T13:04:52","date_gmt":"2026-03-17T12:04:52","guid":{"rendered":"https:\/\/www.depoles.com\/trgovina\/paletni-vilicar-z-merilno-funkcijo-hub30kg\/"},"modified":"2026-03-17T13:04:52","modified_gmt":"2026-03-17T12:04:52","slug":"paletni-vilicar-z-merilno-funkcijo-hub30kg","status":"publish","type":"product","link":"https:\/\/www.depoles.com\/hr\/trgovina\/paletni-vilicar-z-merilno-funkcijo-hub30kg\/","title":{"rendered":"Paletni vili\u010dar z merilno funkcijo HUB30KG&nbsp;"},"content":{"rendered":"<table>\n<tr>\n<th>tehni\u010dne podrobnosti<\/th>\n<th><\/th>\n<\/tr>\n<tr>\n<td><strong>mere<\/strong><\/td>\n<td><\/td>\n<\/tr>\n<tr>\n<td>dvi\u017ena mo\u010d v kg<\/td>\n<td>3000<\/td>\n<\/tr>\n<tr>\n<td>maks. vi\u0161ina vilic v mm<\/td>\n<td>200<\/td>\n<\/tr>\n<tr>\n<td>min. vi\u0161ina vilic v mm<\/td>\n<td>90<\/td>\n<\/tr>\n<tr>\n<td>mere vilic v mm<\/td>\n<td>1150 x 550<\/td>\n<\/tr>\n<tr>\n<td>hod v mm<\/td>\n<td>110<\/td>\n<\/tr>\n<tr>\n<td>premer valja v mm<\/td>\n<td>180 \/ 80<\/td>\n<\/tr>\n<tr>\n<td><strong>te\u017ea<\/strong><\/td>\n<td><\/td>\n<\/tr>\n<tr>\n<td>bruto te\u017ea v kg<\/td>\n<td>97.50<\/td>\n<\/tr>\n<tr>\n<td>neto te\u017ea v kg<\/td>\n<td>97<\/td>\n<\/tr>\n<tr>\n<td><strong>embala\u017ea<\/strong><\/td>\n<td><\/td>\n<\/tr>\n<tr>\n<td>\u0161irina embala\u017ee v mm<\/td>\n<td>600<\/td>\n<\/tr>\n<tr>\n<td>dol\u017eina embala\u017ee v mm<\/td>\n<td>2.250<\/td>\n<\/tr>\n<tr>\n<td>vi\u0161ina embala\u017ee v mm<\/td>\n<td>900<\/td>\n<\/tr>\n<tr>\n<td><strong>splo\u0161ni podatki<\/strong><\/td>\n<td><\/td>\n<\/tr>\n<tr>\n<td>EAN koda<\/td>\n<td>9120132141141<\/td>\n<\/tr>\n<\/table>\n","protected":false},"excerpt":{"rendered":"<p>Paletni vili\u010dar HOLZMANN HUB30KG ima tandem kolesa in vhodni valj ter 4 neodvisne tehtalne enote (senzorje). Natan\u010dnost prikaza je 0,5 kg. Paletni vili\u010dar je izdelan iz visokokakovostnega jekla za maksimalno zanesljivost. Gumiran ro\u010daj in ergonomski krmilni ro\u010daj olaj\u0161ata upravljanje, da je dviganje\/spu\u0161\u010danje in vo\u017enja \u010dim bolj udobna. Tehtalno enoto je mogo\u010de vklopiti\/izklopiti ali nastaviti na ni\u010dlo na prikazovalniku ali na daljinskem upravljalniku.<\/p>\n<ul>\n<li>Paletni vili\u010dar z vgrajeno tehtnico<\/li>\n<li>4 neodvisne tehtalne enote (senzorji); natan\u010dnost prikaza 0,5 kg<\/li>\n<li>Tandemska pnevmatika in vhodni valj<\/li>\n<li>Paletni vili\u010dar iz visokokakovostnega jekla za najve\u010djo zanesljivost<\/li>\n<li>ro\u010daj prevle\u010den z gumo<\/li>\n<li>zelo uporabniku prijazen zaradi ergonomskega ro\u010daja &#8211; 3 funkcije dviganje\/spu\u0161\u010danje\/vo\u017enja<\/li>\n<li>industrijska in komercialna izvedba za profesionalno uporabo<\/li>\n<\/ul>\n<p><strong>Vsebina paketa<\/strong>: Napajalnik za polnjenje baterije (7,4V;4,4Ah) (zaslon), daljinski upravljalnik<\/p><\/p>\n","protected":false},"featured_media":11572,"template":"","meta":[],"product_brand":[],"product_cat":[1003,1065],"product_tag":[],"class_list":{"0":"post-11571","1":"product","2":"type-product","3":"status-publish","4":"has-post-thumbnail","6":"product_cat-oprema-za-delavnice","7":"product_cat-transportne-naprave","9":"first","10":"instock","11":"shipping-taxable","12":"purchasable","13":"product-type-simple"},"_links":{"self":[{"href":"https:\/\/www.depoles.com\/hr\/wp-json\/wp\/v2\/product\/11571","targetHints":{"allow":["GET"]}}],"collection":[{"href":"https:\/\/www.depoles.com\/hr\/wp-json\/wp\/v2\/product"}],"about":[{"href":"https:\/\/www.depoles.com\/hr\/wp-json\/wp\/v2\/types\/product"}],"wp:featuredmedia":[{"embeddable":true,"href":"https:\/\/www.depoles.com\/hr\/wp-json\/wp\/v2\/media\/11572"}],"wp:attachment":[{"href":"https:\/\/www.depoles.com\/hr\/wp-json\/wp\/v2\/media?parent=11571"}],"wp:term":[{"taxonomy":"product_brand","embeddable":true,"href":"https:\/\/www.depoles.com\/hr\/wp-json\/wp\/v2\/product_brand?post=11571"},{"taxonomy":"product_cat","embeddable":true,"href":"https:\/\/www.depoles.com\/hr\/wp-json\/wp\/v2\/product_cat?post=11571"},{"taxonomy":"product_tag","embeddable":true,"href":"https:\/\/www.depoles.com\/hr\/wp-json\/wp\/v2\/product_tag?post=11571"}],"curies":[{"name":"wp","href":"https:\/\/api.w.org\/{rel}","templated":true}]}}