{"id":1159,"date":"2024-07-01T11:43:52","date_gmt":"2024-07-01T09:43:52","guid":{"rendered":"https:\/\/nova.depoles.com\/trgovina\/bandsaw-balde-3886x8x065mm-6tpi-bsb450b8\/"},"modified":"2025-12-17T22:18:21","modified_gmt":"2025-12-17T21:18:21","slug":"bandsaw-balde-3886x8x065mm-6tpi-bsb450b8","status":"publish","type":"product","link":"https:\/\/www.depoles.com\/hr\/trgovina\/bandsaw-balde-3886x8x065mm-6tpi-bsb450b8\/","title":{"rendered":"List za tra\u010dnu pilu 3886x8x0,65mm 6TPI BSB450B8"},"content":{"rendered":"<p><strong>Tehni\u010dni podatki:<\/strong><\/p>\n<ul>\n<li><strong>Te\u017ea:<\/strong>\n<ul>\n<li>Bruto te\u017ea: 0,20 kg<\/li>\n<li>Netto te\u017ea: 0,14 kg<\/li>\n<\/ul>\n<\/li>\n<li><strong>Embala\u017ea:<\/strong>\n<ul>\n<li>\u0160irina embala\u017ee: 0 mm<\/li>\n<li>Dol\u017eina embala\u017ee: 0 mm<\/li>\n<li>Vi\u0161ina embala\u017ee: 0 mm<\/li>\n<\/ul>\n<\/li>\n<li><strong>Splo\u0161ni podatki:<\/strong>\n<ul>\n<li>EAN koda: 9120132140182<\/li>\n<\/ul>\n<\/li>\n<\/ul>\n","protected":false},"excerpt":{"rendered":"<h3>Poudarki izdelka<\/h3>\n<ul>\n<li>Flexback dizajn omogo\u010da fleksibilno hrbtno stran rezila z utrjenimi zobmi \u017eage.<\/li>\n<li>Zobje so nazob\u010dani, nastavljeni in bru\u0161eni za natan\u010dno rezanje.<\/li>\n<li>Zobni vrhovi so utrjeni do trdote 60 &#8211; 62 HRC, hrbet rezila pa je izravnan.<\/li>\n<li>Izdelek omogo\u010da dolgo \u017eivljenjsko dobo tudi pri rezanju trdih materialov.<\/li>\n<li>Fleksibilnost in oblika zob zmanj\u0161ujeta tveganje za zlom rezila.<\/li>\n<li>Oblika zob MW (levo-desno) je primerna za rezanje trdega in mehkega lesa.<\/li>\n<\/ul>\n","protected":false},"featured_media":1160,"template":"","meta":[],"product_brand":[],"product_cat":[1012,1038],"product_tag":[],"class_list":{"0":"post-1159","1":"product","2":"type-product","3":"status-publish","4":"has-post-thumbnail","6":"product_cat-stroji-za-les","7":"product_cat-tracne-zage-za-les","9":"first","10":"instock","11":"shipping-taxable","12":"purchasable","13":"product-type-simple"},"_links":{"self":[{"href":"https:\/\/www.depoles.com\/hr\/wp-json\/wp\/v2\/product\/1159","targetHints":{"allow":["GET"]}}],"collection":[{"href":"https:\/\/www.depoles.com\/hr\/wp-json\/wp\/v2\/product"}],"about":[{"href":"https:\/\/www.depoles.com\/hr\/wp-json\/wp\/v2\/types\/product"}],"wp:featuredmedia":[{"embeddable":true,"href":"https:\/\/www.depoles.com\/hr\/wp-json\/wp\/v2\/media\/1160"}],"wp:attachment":[{"href":"https:\/\/www.depoles.com\/hr\/wp-json\/wp\/v2\/media?parent=1159"}],"wp:term":[{"taxonomy":"product_brand","embeddable":true,"href":"https:\/\/www.depoles.com\/hr\/wp-json\/wp\/v2\/product_brand?post=1159"},{"taxonomy":"product_cat","embeddable":true,"href":"https:\/\/www.depoles.com\/hr\/wp-json\/wp\/v2\/product_cat?post=1159"},{"taxonomy":"product_tag","embeddable":true,"href":"https:\/\/www.depoles.com\/hr\/wp-json\/wp\/v2\/product_tag?post=1159"}],"curies":[{"name":"wp","href":"https:\/\/api.w.org\/{rel}","templated":true}]}}