{"id":11593,"date":"2026-03-17T13:05:23","date_gmt":"2026-03-17T12:05:23","guid":{"rendered":"https:\/\/www.depoles.com\/trgovina\/vozicek-za-tovorne-palete-pr4t\/"},"modified":"2026-03-17T13:05:23","modified_gmt":"2026-03-17T12:05:23","slug":"vozicek-za-tovorne-palete-pr4t","status":"publish","type":"product","link":"https:\/\/www.depoles.com\/hr\/trgovina\/vozicek-za-tovorne-palete-pr4t\/","title":{"rendered":"Vozi\u010dek za tovorne palete PR4T"},"content":{"rendered":"<table>\n<tr>\n<th>te\u017ea<\/th>\n<\/tr>\n<tr>\n<td>bruto te\u017ea v kg<\/td>\n<td>14<\/td>\n<\/tr>\n<tr>\n<td>neto te\u017ea v kg<\/td>\n<td>13.50<\/td>\n<\/tr>\n<tr>\n<th>embala\u017ea<\/th>\n<\/tr>\n<tr>\n<td>\u0161irina embala\u017ee v mm<\/td>\n<td>245<\/td>\n<\/tr>\n<tr>\n<td>dol\u017eina embala\u017ee v mm<\/td>\n<td>320<\/td>\n<\/tr>\n<tr>\n<td>vi\u0161ina embala\u017ee v mm<\/td>\n<td>140<\/td>\n<\/tr>\n<tr>\n<th>splo\u0161ni podatki<\/th>\n<\/tr>\n<tr>\n<td>EAN koda<\/td>\n<td>9120132141776<\/td>\n<\/tr>\n<\/table>\n","protected":false},"excerpt":{"rendered":"<p>Vozi\u010dek za tovorne palete HOLZMANN PR4T z najve\u010djo nosilnostjo 6 ton je zasnovan za prevoz te\u017ekega blaga po ravnih in trdnih povr\u0161inah. Opremljen je s 4 PU valji (\u00d880 x 70 mm), vrtljivo plo\u0161\u010do \u00d8150 mm.<\/p>\n<ul>\n<li>maks. obremenitev: 6 ton<\/li>\n<li>\u0161tevilo koles: 4<\/li>\n<\/ul>\n<p><strong>opcijsko<\/strong>: PRTH&#8230;krmilni ro\u010daj<\/p><\/p>\n","protected":false},"featured_media":11594,"template":"","meta":[],"product_brand":[],"product_cat":[1003,1065],"product_tag":[],"class_list":{"0":"post-11593","1":"product","2":"type-product","3":"status-publish","4":"has-post-thumbnail","6":"product_cat-oprema-za-delavnice","7":"product_cat-transportne-naprave","9":"first","10":"instock","11":"shipping-taxable","12":"purchasable","13":"product-type-simple"},"_links":{"self":[{"href":"https:\/\/www.depoles.com\/hr\/wp-json\/wp\/v2\/product\/11593","targetHints":{"allow":["GET"]}}],"collection":[{"href":"https:\/\/www.depoles.com\/hr\/wp-json\/wp\/v2\/product"}],"about":[{"href":"https:\/\/www.depoles.com\/hr\/wp-json\/wp\/v2\/types\/product"}],"wp:featuredmedia":[{"embeddable":true,"href":"https:\/\/www.depoles.com\/hr\/wp-json\/wp\/v2\/media\/11594"}],"wp:attachment":[{"href":"https:\/\/www.depoles.com\/hr\/wp-json\/wp\/v2\/media?parent=11593"}],"wp:term":[{"taxonomy":"product_brand","embeddable":true,"href":"https:\/\/www.depoles.com\/hr\/wp-json\/wp\/v2\/product_brand?post=11593"},{"taxonomy":"product_cat","embeddable":true,"href":"https:\/\/www.depoles.com\/hr\/wp-json\/wp\/v2\/product_cat?post=11593"},{"taxonomy":"product_tag","embeddable":true,"href":"https:\/\/www.depoles.com\/hr\/wp-json\/wp\/v2\/product_tag?post=11593"}],"curies":[{"name":"wp","href":"https:\/\/api.w.org\/{rel}","templated":true}]}}