{"id":1161,"date":"2024-07-01T11:43:51","date_gmt":"2024-07-01T09:43:51","guid":{"rendered":"https:\/\/nova.depoles.com\/trgovina\/bandsaw-blade-3886x6x06mm-6tpi-bsb450b6\/"},"modified":"2026-02-12T13:35:58","modified_gmt":"2026-02-12T12:35:58","slug":"bandsaw-blade-3886x6x06mm-6tpi-bsb450b6","status":"publish","type":"product","link":"https:\/\/www.depoles.com\/hr\/trgovina\/bandsaw-blade-3886x6x06mm-6tpi-bsb450b6\/","title":{"rendered":"List za tra\u010dnu pilu 3886x6x0,6mm 6TPI BSB450B6"},"content":{"rendered":"<p><strong>Tehni\u010dni podatki<\/strong><\/p>\n<ul>\n<li><strong>Te\u017ea<\/strong>\n<ul>\n<li>Bruto te\u017ea: 0,15 kg<\/li>\n<li>Netto te\u017ea: 0,09 kg<\/li>\n<\/ul>\n<\/li>\n<li><strong>Embala\u017ea<\/strong>\n<ul>\n<li>\u0160irina embala\u017ee: 0 mm<\/li>\n<li>Dol\u017eina embala\u017ee: 0 mm<\/li>\n<li>Vi\u0161ina embala\u017ee: 0 mm<\/li>\n<\/ul>\n<\/li>\n<li><strong>Splo\u0161ni podatki<\/strong>\n<ul>\n<li>EAN koda: 9120132140175<\/li>\n<\/ul>\n<\/li>\n<\/ul>\n","protected":false},"excerpt":{"rendered":"<p>\u017daga z zasnovo Flexback zagotavlja dolgo \u017eivljenjsko dobo in zanesljivo rezanje tako trdih kot mehkih materialov. Njene klju\u010dne zna\u010dilnosti so:<\/p>\n<ul>\n<li>Trdine zob na rezilu, utrjene na 60 &#8211; 62 HRC, in prilagodljiv zadnji del rezila<\/li>\n<li>Zobje so nazob\u010dani, nastavljeni in bru\u0161eni<\/li>\n<li>Prilagodljivost in oblika zob zmanj\u0161ujeta tveganje za zlom<\/li>\n<li>Oblika zob MW (levo-desno) je primerna za trdo in mehko leseno gradivo<\/li>\n<\/ul>\n","protected":false},"featured_media":1162,"template":"","meta":[],"product_brand":[],"product_cat":[1012,1038],"product_tag":[],"class_list":{"0":"post-1161","1":"product","2":"type-product","3":"status-publish","4":"has-post-thumbnail","6":"product_cat-stroji-za-les","7":"product_cat-tracne-zage-za-les","9":"first","10":"instock","11":"shipping-taxable","12":"purchasable","13":"product-type-simple"},"_links":{"self":[{"href":"https:\/\/www.depoles.com\/hr\/wp-json\/wp\/v2\/product\/1161","targetHints":{"allow":["GET"]}}],"collection":[{"href":"https:\/\/www.depoles.com\/hr\/wp-json\/wp\/v2\/product"}],"about":[{"href":"https:\/\/www.depoles.com\/hr\/wp-json\/wp\/v2\/types\/product"}],"wp:featuredmedia":[{"embeddable":true,"href":"https:\/\/www.depoles.com\/hr\/wp-json\/wp\/v2\/media\/1162"}],"wp:attachment":[{"href":"https:\/\/www.depoles.com\/hr\/wp-json\/wp\/v2\/media?parent=1161"}],"wp:term":[{"taxonomy":"product_brand","embeddable":true,"href":"https:\/\/www.depoles.com\/hr\/wp-json\/wp\/v2\/product_brand?post=1161"},{"taxonomy":"product_cat","embeddable":true,"href":"https:\/\/www.depoles.com\/hr\/wp-json\/wp\/v2\/product_cat?post=1161"},{"taxonomy":"product_tag","embeddable":true,"href":"https:\/\/www.depoles.com\/hr\/wp-json\/wp\/v2\/product_tag?post=1161"}],"curies":[{"name":"wp","href":"https:\/\/api.w.org\/{rel}","templated":true}]}}