{"id":11612,"date":"2026-03-17T13:06:10","date_gmt":"2026-03-17T12:06:10","guid":{"rendered":"https:\/\/www.depoles.com\/trgovina\/delovna-miza-primez-vklj-vrtljiva-miza-wbs125m\/"},"modified":"2026-03-17T13:06:10","modified_gmt":"2026-03-17T12:06:10","slug":"delovna-miza-primez-vklj-vrtljiva-miza-wbs125m","status":"publish","type":"product","link":"https:\/\/www.depoles.com\/hr\/trgovina\/delovna-miza-primez-vklj-vrtljiva-miza-wbs125m\/","title":{"rendered":"Delovna miza prime\u017e vklj. vrtljiva miza WBS125M"},"content":{"rendered":"<table>\n<tr>\n<td><strong>tehni\u010dne podrobnosti<\/strong><\/td>\n<\/tr>\n<tr>\n<td><strong>meritve<\/strong><\/td>\n<\/tr>\n<tr>\n<td>skupne dimenzije v mm<\/td>\n<td>419 x 204 x 225<\/td>\n<\/tr>\n<tr>\n<td><strong>prime\u017ei in nakovala<\/strong><\/td>\n<\/tr>\n<tr>\n<td>\u0161irina \u010deljusti v mm<\/td>\n<td>125<\/td>\n<\/tr>\n<tr>\n<td>maks. odprtina \u010deljusti v mm<\/td>\n<td>125<\/td>\n<\/tr>\n<tr>\n<td>velikost nakovala v mm<\/td>\n<td>81 x 65<\/td>\n<\/tr>\n<tr>\n<td><strong>te\u017ea<\/strong><\/td>\n<\/tr>\n<tr>\n<td>bruto te\u017ea v kg<\/td>\n<td>15.70<\/td>\n<\/tr>\n<tr>\n<td>neto te\u017ea v kg<\/td>\n<td>15<\/td>\n<\/tr>\n<tr>\n<td><strong>embala\u017ea<\/strong><\/td>\n<\/tr>\n<tr>\n<td>\u0161irina embala\u017ee v mm<\/td>\n<td>206<\/td>\n<\/tr>\n<tr>\n<td>dol\u017eina embala\u017ee v mm<\/td>\n<td>448<\/td>\n<\/tr>\n<tr>\n<td>vi\u0161ina embala\u017ee v mm<\/td>\n<td>218<\/td>\n<\/tr>\n<tr>\n<td><strong>splo\u0161ni podatki<\/strong><\/td>\n<\/tr>\n<tr>\n<td>EAN koda<\/td>\n<td>9120132141592<\/td>\n<\/tr>\n<\/table>\n","protected":false},"excerpt":{"rendered":"<p>HOLZMANN prime\u017e za delovno mizo WBS125M \u2013 Vsestranski univerzalni pripomo\u010dek z vrtljivo plo\u0161\u010do za va\u0161o delavnico<br \/>\nNe glede na to, ali gre za doma\u010do delavnico, \u0161olo ali profesionalno okolje \u2013 HOLZMANN prime\u017e za delovno mizo navdu\u0161uje s svojo stabilnostjo, prilagodljivostjo in premi\u0161ljenimi lastnostmi. Opremljen je z osnovo, ki se lahko zavrti za \u00b160\u00b0, integriranim nakovalom in \u0161irino \u010deljusti 75 mm, kar ga naredi za popolno orodje za vpenjanje, pritrditev in obdelavo \u0161irokega spektra materialov z natan\u010dnostjo.<br \/>\nZahvaljujo\u010d \u0161tirim monta\u017enim luknjam se prime\u017e lahko varno pritrdi na katero koli delovno mizo \u2013 kar zagotavlja maksimalno stabilnost med uporabo. Najve\u010dja odprtina \u010deljusti 63,5 mm zagotavlja dovolj prostora za enostavno obdelavo razli\u010dnih obdelovancev.<\/p>\n<ul>\n<li>velikost nakovala: 81 x 65 mm<\/li>\n<li>\u0161irina \u010deljusti: 125 mm<\/li>\n<li>maks. odprtina: 125 mm<\/li>\n<li>material: lito \u017eelezo<\/li>\n<li>\u00d8 \u010deljusti za cevi: \u00d8 20 &#8211; 64 mm<\/li>\n<\/ul>\n","protected":false},"featured_media":11613,"template":"","meta":[],"product_brand":[],"product_cat":[1003,1069],"product_tag":[],"class_list":{"0":"post-11612","1":"product","2":"type-product","3":"status-publish","4":"has-post-thumbnail","6":"product_cat-oprema-za-delavnice","7":"product_cat-primezi","9":"first","10":"instock","11":"shipping-taxable","12":"purchasable","13":"product-type-simple"},"_links":{"self":[{"href":"https:\/\/www.depoles.com\/hr\/wp-json\/wp\/v2\/product\/11612","targetHints":{"allow":["GET"]}}],"collection":[{"href":"https:\/\/www.depoles.com\/hr\/wp-json\/wp\/v2\/product"}],"about":[{"href":"https:\/\/www.depoles.com\/hr\/wp-json\/wp\/v2\/types\/product"}],"wp:featuredmedia":[{"embeddable":true,"href":"https:\/\/www.depoles.com\/hr\/wp-json\/wp\/v2\/media\/11613"}],"wp:attachment":[{"href":"https:\/\/www.depoles.com\/hr\/wp-json\/wp\/v2\/media?parent=11612"}],"wp:term":[{"taxonomy":"product_brand","embeddable":true,"href":"https:\/\/www.depoles.com\/hr\/wp-json\/wp\/v2\/product_brand?post=11612"},{"taxonomy":"product_cat","embeddable":true,"href":"https:\/\/www.depoles.com\/hr\/wp-json\/wp\/v2\/product_cat?post=11612"},{"taxonomy":"product_tag","embeddable":true,"href":"https:\/\/www.depoles.com\/hr\/wp-json\/wp\/v2\/product_tag?post=11612"}],"curies":[{"name":"wp","href":"https:\/\/api.w.org\/{rel}","templated":true}]}}