{"id":11617,"date":"2026-03-17T13:06:22","date_gmt":"2026-03-17T12:06:22","guid":{"rendered":"https:\/\/www.depoles.com\/trgovina\/primez-za-delovno-mizo-vklj-vrtljiva-miza-wbs75\/"},"modified":"2026-03-17T13:06:22","modified_gmt":"2026-03-17T12:06:22","slug":"primez-za-delovno-mizo-vklj-vrtljiva-miza-wbs75","status":"publish","type":"product","link":"https:\/\/www.depoles.com\/hr\/trgovina\/primez-za-delovno-mizo-vklj-vrtljiva-miza-wbs75\/","title":{"rendered":"Prime\u017e za delovno mizo vklj. vrtljiva miza WBS75"},"content":{"rendered":"<table>\n<tr>\n<td><strong>prime\u017ei in nakovala<\/strong><\/td>\n<\/tr>\n<tr>\n<td>\u0161irina \u010deljusti v mm<\/td>\n<td>75<\/td>\n<\/tr>\n<tr>\n<td>maks. odprtje \u010deljusti v mm<\/td>\n<td>63,5<\/td>\n<\/tr>\n<tr>\n<td>velikost nakovala v mm<\/td>\n<td>49 x 60<\/td>\n<\/tr>\n<tr>\n<td><strong>te\u017ea<\/strong><\/td>\n<\/tr>\n<tr>\n<td>bruto te\u017ea v kg<\/td>\n<td>4<\/td>\n<\/tr>\n<tr>\n<td>neto te\u017ea v kg<\/td>\n<td>3,75<\/td>\n<\/tr>\n<tr>\n<td><strong>embala\u017ea<\/strong><\/td>\n<\/tr>\n<tr>\n<td>\u0161irina embala\u017ee v mm<\/td>\n<td>112<\/td>\n<\/tr>\n<tr>\n<td>dol\u017eina embala\u017ee v mm<\/td>\n<td>230<\/td>\n<\/tr>\n<tr>\n<td>vi\u0161ina embala\u017ee v mm<\/td>\n<td>130<\/td>\n<\/tr>\n<tr>\n<td><strong>splo\u0161ni podatki<\/strong><\/td>\n<\/tr>\n<tr>\n<td>EAN koda<\/td>\n<td>9120132141615<\/td>\n<\/tr>\n<\/table>\n","protected":false},"excerpt":{"rendered":"<p>HOLZMANN prime\u017e za delovno mizo \u2013 Vsestranski vsestranski pripomo\u010dek z vrtljivo plo\u0161\u010do za va\u0161o delavnico<br \/>\nNe glede na to, ali gre za delavnico za doma\u010de mojstre, \u0161olo ali profesionalno okolje \u2013 HOLZMANN prime\u017e za delovno mizo navdu\u0161uje s svojo stabilnostjo, prilagodljivostjo in premi\u0161ljenimi funkcijami. Opremljen z osnovo, ki se lahko zavrti za \u00b160\u00b0, integriranim nakovalom in \u0161irino \u010deljusti 75 mm, je popolno orodje za vpenjanje, pritrjevanje in obdelavo \u0161irokega spektra materialov z natan\u010dnostjo.<br \/>\nZahvaljujo\u010d \u0161tirim monta\u017enim luknjam je prime\u017e mogo\u010de varno pritrditi na katero koli delovno mizo \u2013 kar zagotavlja najve\u010djo stabilnost med uporabo. Najve\u010dja odprtina \u010deljusti 63,5 mm zagotavlja dovolj prostora za enostavno obdelavo razli\u010dnih obdelovancev.\n<\/p>\n<ul>\n<li>velikost nakovala: 49 x 60 mm<\/li>\n<li>\u0161irina \u010deljusti: 75 mm<\/li>\n<li>maks. odprtina: 63,5 mm<\/li>\n<li>material: lito \u017eelezo<\/li>\n<\/ul>\n","protected":false},"featured_media":11618,"template":"","meta":[],"product_brand":[],"product_cat":[1003,1069],"product_tag":[],"class_list":{"0":"post-11617","1":"product","2":"type-product","3":"status-publish","4":"has-post-thumbnail","6":"product_cat-oprema-za-delavnice","7":"product_cat-primezi","9":"first","10":"instock","11":"shipping-taxable","12":"purchasable","13":"product-type-simple"},"_links":{"self":[{"href":"https:\/\/www.depoles.com\/hr\/wp-json\/wp\/v2\/product\/11617","targetHints":{"allow":["GET"]}}],"collection":[{"href":"https:\/\/www.depoles.com\/hr\/wp-json\/wp\/v2\/product"}],"about":[{"href":"https:\/\/www.depoles.com\/hr\/wp-json\/wp\/v2\/types\/product"}],"wp:featuredmedia":[{"embeddable":true,"href":"https:\/\/www.depoles.com\/hr\/wp-json\/wp\/v2\/media\/11618"}],"wp:attachment":[{"href":"https:\/\/www.depoles.com\/hr\/wp-json\/wp\/v2\/media?parent=11617"}],"wp:term":[{"taxonomy":"product_brand","embeddable":true,"href":"https:\/\/www.depoles.com\/hr\/wp-json\/wp\/v2\/product_brand?post=11617"},{"taxonomy":"product_cat","embeddable":true,"href":"https:\/\/www.depoles.com\/hr\/wp-json\/wp\/v2\/product_cat?post=11617"},{"taxonomy":"product_tag","embeddable":true,"href":"https:\/\/www.depoles.com\/hr\/wp-json\/wp\/v2\/product_tag?post=11617"}],"curies":[{"name":"wp","href":"https:\/\/api.w.org\/{rel}","templated":true}]}}