{"id":11621,"date":"2026-03-17T13:06:33","date_gmt":"2026-03-17T12:06:33","guid":{"rendered":"https:\/\/www.depoles.com\/trgovina\/skarje-za-plocevino-tbs1320n\/"},"modified":"2026-03-17T13:06:33","modified_gmt":"2026-03-17T12:06:33","slug":"skarje-za-plocevino-tbs1320n","status":"publish","type":"product","link":"https:\/\/www.depoles.com\/hr\/trgovina\/skarje-za-plocevino-tbs1320n\/","title":{"rendered":"\u0161karje za plo\u010devino TBS1320N&nbsp;"},"content":{"rendered":"<table>\n<tr>\n<th>tehni\u010dne podrobnosti<\/th>\n<th><\/th>\n<\/tr>\n<tr>\n<td><strong>meritve<\/strong><\/td>\n<td><\/td>\n<\/tr>\n<tr>\n<td>vi\u0161ina mize v mm<\/td>\n<td>770<\/td>\n<\/tr>\n<tr>\n<td>skupne dimenzije v mm<\/td>\n<td>1565 x 1810 x 945<\/td>\n<\/tr>\n<tr>\n<td><strong>zmogljivost rezanja<\/strong><\/td>\n<td><\/td>\n<\/tr>\n<tr>\n<td>maks. vi\u0161ina rezanja 90\u00b0 v mm<\/td>\n<td>1320<\/td>\n<\/tr>\n<tr>\n<td><strong>obdelava plo\u010devine<\/strong><\/td>\n<td><\/td>\n<\/tr>\n<tr>\n<td>maks. debelina plo\u010devine v mm<\/td>\n<td>1,5<\/td>\n<\/tr>\n<tr>\n<td>maks. debelina alu v mm<\/td>\n<td>2,5<\/td>\n<\/tr>\n<tr>\n<td>maks. \u0161irina odprtine<\/td>\n<td>43<\/td>\n<\/tr>\n<tr>\n<td><strong>te\u017ea<\/strong><\/td>\n<td><\/td>\n<\/tr>\n<tr>\n<td>bruto te\u017ea v kg<\/td>\n<td>315.50<\/td>\n<\/tr>\n<tr>\n<td>neto te\u017ea v kg<\/td>\n<td>264<\/td>\n<\/tr>\n<tr>\n<td><strong>pakiranje<\/strong><\/td>\n<td><\/td>\n<\/tr>\n<tr>\n<td>\u0161irina pakiranja v mm<\/td>\n<td>635<\/td>\n<\/tr>\n<tr>\n<td>dol\u017eina pakiranja v mm<\/td>\n<td>1.620<\/td>\n<\/tr>\n<tr>\n<td>vi\u0161ina pakiranja v mm<\/td>\n<td>920<\/td>\n<\/tr>\n<tr>\n<td><strong>splo\u0161ni podatki<\/strong><\/td>\n<td><\/td>\n<\/tr>\n<tr>\n<td>EAN koda<\/td>\n<td>9120132140663<\/td>\n<\/tr>\n<\/table>\n","protected":false},"excerpt":{"rendered":"<p>HOLZMANN TBS1320N \u0161karje za plo\u010devino za rezanje plo\u010devine do debeline 1,5 mm z no\u017enim pedalom.<\/p>\n<ul>\n<li>ustavljalec materiala z nastavitvijo dol\u017eine do 900 mm in merilom<\/li>\n<li>pravokotni ustavljalec materiala na prevzemni mizi<\/li>\n<li>samodejna pritrdilna naprava za pritrditev plo\u010devine na mestu<\/li>\n<li>preprosto in uporabniku prijazno upravljanje s pomo\u010djo no\u017enega pedala<\/li>\n<\/ul>\n","protected":false},"featured_media":11622,"template":"","meta":[],"product_brand":[],"product_cat":[1047,1043],"product_tag":[],"class_list":{"0":"post-11621","1":"product","2":"type-product","3":"status-publish","4":"has-post-thumbnail","6":"product_cat-skarje-za-plocevino","7":"product_cat-stroji-za-kovine","9":"first","10":"instock","11":"shipping-taxable","12":"purchasable","13":"product-type-simple"},"_links":{"self":[{"href":"https:\/\/www.depoles.com\/hr\/wp-json\/wp\/v2\/product\/11621","targetHints":{"allow":["GET"]}}],"collection":[{"href":"https:\/\/www.depoles.com\/hr\/wp-json\/wp\/v2\/product"}],"about":[{"href":"https:\/\/www.depoles.com\/hr\/wp-json\/wp\/v2\/types\/product"}],"wp:featuredmedia":[{"embeddable":true,"href":"https:\/\/www.depoles.com\/hr\/wp-json\/wp\/v2\/media\/11622"}],"wp:attachment":[{"href":"https:\/\/www.depoles.com\/hr\/wp-json\/wp\/v2\/media?parent=11621"}],"wp:term":[{"taxonomy":"product_brand","embeddable":true,"href":"https:\/\/www.depoles.com\/hr\/wp-json\/wp\/v2\/product_brand?post=11621"},{"taxonomy":"product_cat","embeddable":true,"href":"https:\/\/www.depoles.com\/hr\/wp-json\/wp\/v2\/product_cat?post=11621"},{"taxonomy":"product_tag","embeddable":true,"href":"https:\/\/www.depoles.com\/hr\/wp-json\/wp\/v2\/product_tag?post=11621"}],"curies":[{"name":"wp","href":"https:\/\/api.w.org\/{rel}","templated":true}]}}