{"id":11645,"date":"2026-03-17T13:07:29","date_gmt":"2026-03-17T12:07:29","guid":{"rendered":"https:\/\/www.depoles.com\/trgovina\/laserska-varilna-celada-lsh1\/"},"modified":"2026-03-17T13:07:29","modified_gmt":"2026-03-17T12:07:29","slug":"laserska-varilna-celada-lsh1","status":"publish","type":"product","link":"https:\/\/www.depoles.com\/hr\/trgovina\/laserska-varilna-celada-lsh1\/","title":{"rendered":"Laserska varilna \u010delada LSH1"},"content":{"rendered":"<table>\n<tr>\n<th colspan=\"2\">tehni\u010dni podatki<\/th>\n<\/tr>\n<tr>\n<td><strong>te\u017ea<\/strong><\/td>\n<td><\/td>\n<\/tr>\n<tr>\n<td>bruto te\u017ea v kg<\/td>\n<td>0.82<\/td>\n<\/tr>\n<tr>\n<td>neto te\u017ea v kg<\/td>\n<td>0.54<\/td>\n<\/tr>\n<tr>\n<td><strong>embala\u017ea<\/strong><\/td>\n<td><\/td>\n<\/tr>\n<tr>\n<td>\u0161irina embala\u017ee v mm<\/td>\n<td>240<\/td>\n<\/tr>\n<tr>\n<td>dol\u017eina embala\u017ee v mm<\/td>\n<td>240<\/td>\n<\/tr>\n<tr>\n<td>vi\u0161ina embala\u017ee v mm<\/td>\n<td>320<\/td>\n<\/tr>\n<tr>\n<td><strong>splo\u0161ni podatki<\/strong><\/td>\n<td><\/td>\n<\/tr>\n<tr>\n<td>EAN koda<\/td>\n<td>9120132141813<\/td>\n<\/tr>\n<\/table>\n","protected":false},"excerpt":{"rendered":"<p><strong>HOLZMANN Laserska varilna \u010delada \u2013 zanesljiva za\u0161\u010dita za va\u0161e laserske varilne aplikacije<br \/><\/strong><\/p>\n<p>HOLZMANN Laserska varilna \u010delada zagotavlja optimalno za\u0161\u010dito in najbolj\u0161e udobje med laserskim varjenjem.<br \/>\nS certificirano UV in IR za\u0161\u010dito, visoko odpornostjo na udarce in \u0161irokim vidnim poljem je idealna izbira za lasersko varjenje.<br \/>\nZahvaljujo\u010d dvi\u017enemu vizirju in nastavljivi velikosti glave s priro\u010dnim sistemom z ragljo, \u010delada vedno zagotavlja varno in udobno prileganje.\n<\/p>\n<ul>\n<li>certificirano v skladu z: EN 207:2017 in EN ISO 16321-2:2021<\/li>\n<li>UV za\u0161\u010dita: D LB10 + IR LB7 (190\u2013380 nm)<\/li>\n<li>IR za\u0161\u010dita: D LB6 + IR LB8 <strong>(900\u20131100 nm)<\/strong><\/li>\n<li>prepustnost svetlobe: 5% (380\u2013780 nm)<\/li>\n<li>stopnja zatemnitve: W4<\/li>\n<li>material: Polikarbonat \u2013 robusten in odporen proti praskam<\/li>\n<li>razred trdnosti: HM \/ 4 S (odporen proti udarcem in vro\u010dini)<\/li>\n<li>dimenzije vizirja: 209 \u00d7 230 mm<\/li>\n<li>velikost glave: 1-M (srednja)<\/li>\n<li>dostavljeno v celoti sestavljeno in pripravljeno za uporabo<\/li>\n<\/ul>\n","protected":false},"featured_media":11646,"template":"","meta":[],"product_brand":[],"product_cat":[1043,1053],"product_tag":[],"class_list":{"0":"post-11645","1":"product","2":"type-product","3":"status-publish","4":"has-post-thumbnail","6":"product_cat-stroji-za-kovine","7":"product_cat-varilni-aparati-in-oprema","9":"first","10":"instock","11":"shipping-taxable","12":"purchasable","13":"product-type-simple"},"_links":{"self":[{"href":"https:\/\/www.depoles.com\/hr\/wp-json\/wp\/v2\/product\/11645","targetHints":{"allow":["GET"]}}],"collection":[{"href":"https:\/\/www.depoles.com\/hr\/wp-json\/wp\/v2\/product"}],"about":[{"href":"https:\/\/www.depoles.com\/hr\/wp-json\/wp\/v2\/types\/product"}],"wp:featuredmedia":[{"embeddable":true,"href":"https:\/\/www.depoles.com\/hr\/wp-json\/wp\/v2\/media\/11646"}],"wp:attachment":[{"href":"https:\/\/www.depoles.com\/hr\/wp-json\/wp\/v2\/media?parent=11645"}],"wp:term":[{"taxonomy":"product_brand","embeddable":true,"href":"https:\/\/www.depoles.com\/hr\/wp-json\/wp\/v2\/product_brand?post=11645"},{"taxonomy":"product_cat","embeddable":true,"href":"https:\/\/www.depoles.com\/hr\/wp-json\/wp\/v2\/product_cat?post=11645"},{"taxonomy":"product_tag","embeddable":true,"href":"https:\/\/www.depoles.com\/hr\/wp-json\/wp\/v2\/product_tag?post=11645"}],"curies":[{"name":"wp","href":"https:\/\/api.w.org\/{rel}","templated":true}]}}