{"id":11653,"date":"2026-03-17T13:07:45","date_gmt":"2026-03-17T12:07:45","guid":{"rendered":"https:\/\/www.depoles.com\/trgovina\/zascitna-laserska-kabina-lsk3x3\/"},"modified":"2026-03-17T13:07:45","modified_gmt":"2026-03-17T12:07:45","slug":"zascitna-laserska-kabina-lsk3x3","status":"publish","type":"product","link":"https:\/\/www.depoles.com\/hr\/trgovina\/zascitna-laserska-kabina-lsk3x3\/","title":{"rendered":"Za\u0161\u010ditna laserska kabina LSK3X3"},"content":{"rendered":"<table>\n<tr>\n<th>tehni\u010dne podrobnosti<\/th>\n<th><\/th>\n<\/tr>\n<tr>\n<td><strong>meritve<\/strong><\/td>\n<td><\/td>\n<\/tr>\n<tr>\n<td>skupne dimenzije v mm<\/td>\n<td>3086 x 3086 x 2043<\/td>\n<\/tr>\n<tr>\n<td><strong>te\u017ea<\/strong><\/td>\n<td><\/td>\n<\/tr>\n<tr>\n<td>bruto te\u017ea v kg<\/td>\n<td>270<\/td>\n<\/tr>\n<tr>\n<td>neto te\u017ea v kg<\/td>\n<td>250<\/td>\n<\/tr>\n<tr>\n<td><strong>embala\u017ea<\/strong><\/td>\n<td><\/td>\n<\/tr>\n<tr>\n<td>\u0161irina embala\u017ee v mm<\/td>\n<td>2.050<\/td>\n<\/tr>\n<tr>\n<td>dol\u017eina embala\u017ee v mm<\/td>\n<td>1.550<\/td>\n<\/tr>\n<tr>\n<td>vi\u0161ina embala\u017ee v mm<\/td>\n<td>800<\/td>\n<\/tr>\n<tr>\n<td><strong>splo\u0161ni podatki<\/strong><\/td>\n<td><\/td>\n<\/tr>\n<tr>\n<td>EAN koda<\/td>\n<td>9120132141677<\/td>\n<\/tr>\n<\/table>\n","protected":false},"excerpt":{"rendered":"<p><strong>Holzmann laserska za\u0161\u010ditna kabina 3 \u00d7 3 m \u2013 varna, modularna, u\u010dinkovita!<\/strong><\/p>\n<p>Ustvarite varno in profesionalno delovno okolje za aplikacije laserskega varjenja.<\/p>\n<p>Holzmann laserska za\u0161\u010ditna kabina LSK3x3, z dimenzijami 3 \u00d7 3 m, ima modularni sistem z vti\u010dnimi elementi, ki omogo\u010da hitro in enostavno namestitev v va\u0161i delavnici.<br \/>\nNudi zanesljivo lasersko za\u0161\u010dito za vlaknenske laserje v valovni dol\u017eini od 1050 do 1400 nm, kar izpolnjuje osnovne varnostne zahteve za operacije laserskega varjenja.<\/p>\n<p>Idealna za industrijske aplikacije, prototipiranje in sodobna proizvodna okolja.<\/p>\n<ul>\n<li>na\u010din delovanja laserja in ravni za\u0161\u010dite\n<ul>\n<li>D&#8230;AB7+<\/li>\n<li>I&#8230;AB8+<\/li>\n<li>R&#8230;AB6<\/li>\n<li>M&#8230;AB8Y<\/li>\n<\/ul>\n<\/li>\n<li>z vrati (\u0161irina vrat 1)<\/li>\n<li>skupna vi\u0161ina 2050 mm<\/li>\n<\/ul>\n","protected":false},"featured_media":11654,"template":"","meta":[],"product_brand":[],"product_cat":[1043,1053],"product_tag":[],"class_list":{"0":"post-11653","1":"product","2":"type-product","3":"status-publish","4":"has-post-thumbnail","6":"product_cat-stroji-za-kovine","7":"product_cat-varilni-aparati-in-oprema","9":"first","10":"instock","11":"shipping-taxable","12":"purchasable","13":"product-type-simple"},"_links":{"self":[{"href":"https:\/\/www.depoles.com\/hr\/wp-json\/wp\/v2\/product\/11653","targetHints":{"allow":["GET"]}}],"collection":[{"href":"https:\/\/www.depoles.com\/hr\/wp-json\/wp\/v2\/product"}],"about":[{"href":"https:\/\/www.depoles.com\/hr\/wp-json\/wp\/v2\/types\/product"}],"wp:featuredmedia":[{"embeddable":true,"href":"https:\/\/www.depoles.com\/hr\/wp-json\/wp\/v2\/media\/11654"}],"wp:attachment":[{"href":"https:\/\/www.depoles.com\/hr\/wp-json\/wp\/v2\/media?parent=11653"}],"wp:term":[{"taxonomy":"product_brand","embeddable":true,"href":"https:\/\/www.depoles.com\/hr\/wp-json\/wp\/v2\/product_brand?post=11653"},{"taxonomy":"product_cat","embeddable":true,"href":"https:\/\/www.depoles.com\/hr\/wp-json\/wp\/v2\/product_cat?post=11653"},{"taxonomy":"product_tag","embeddable":true,"href":"https:\/\/www.depoles.com\/hr\/wp-json\/wp\/v2\/product_tag?post=11653"}],"curies":[{"name":"wp","href":"https:\/\/api.w.org\/{rel}","templated":true}]}}