{"id":11656,"date":"2026-03-17T13:07:53","date_gmt":"2026-03-17T12:07:53","guid":{"rendered":"https:\/\/www.depoles.com\/trgovina\/varilna-miza-s-kabino-st1000k\/"},"modified":"2026-03-17T13:07:53","modified_gmt":"2026-03-17T12:07:53","slug":"varilna-miza-s-kabino-st1000k","status":"publish","type":"product","link":"https:\/\/www.depoles.com\/hr\/trgovina\/varilna-miza-s-kabino-st1000k\/","title":{"rendered":"Varilna miza s kabino ST1000K"},"content":{"rendered":"<table>\n<tr>\n<th colspan=\"2\">tehni\u010dne podrobnosti<\/th>\n<\/tr>\n<tr>\n<td><strong>mere<\/strong><\/td>\n<td><\/td>\n<\/tr>\n<tr>\n<td>skupne dimenzije v mm<\/td>\n<td>1006 x 612 x 1728<\/td>\n<\/tr>\n<tr>\n<td><strong>te\u017ea<\/strong><\/td>\n<td><\/td>\n<\/tr>\n<tr>\n<td>bruto te\u017ea v kg<\/td>\n<td>92<\/td>\n<\/tr>\n<tr>\n<td>neto te\u017ea v kg<\/td>\n<td>82<\/td>\n<\/tr>\n<tr>\n<td><strong>embala\u017ea<\/strong><\/td>\n<td><\/td>\n<\/tr>\n<tr>\n<td>\u0161irina embala\u017ee v mm<\/td>\n<td>1.010<\/td>\n<\/tr>\n<tr>\n<td>dol\u017eina embala\u017ee v mm<\/td>\n<td>1.010<\/td>\n<\/tr>\n<tr>\n<td>vi\u0161ina embala\u017ee v mm<\/td>\n<td>340<\/td>\n<\/tr>\n<tr>\n<td><strong>splo\u0161ni podatki<\/strong><\/td>\n<td><\/td>\n<\/tr>\n<tr>\n<td>EAN koda<\/td>\n<td>9120132141660<\/td>\n<\/tr>\n<\/table>\n","protected":false},"excerpt":{"rendered":"<p><strong>HOLZMANN varilna miza s kabino ST1000K<\/strong> <\/p>\n<p>HOLZMANN varilna miza ST1000K ima mobilno zasnovo in jo je mogo\u010de enostavno premikati po delavnici zahvaljujo\u010d njenim trpe\u017enim kolesom. Opcijsko enoto za odsesavanje varilnega dima je mogo\u010de integrirati v osnovno omarico, kar zagotavlja \u010disto in varno delovno okolje. Zaprta kabina z varilno zaveso zanesljivo \u0161\u010diti bli\u017enje osebje pred varilnimi obloki, kar jo naredi idealno za delavnice z ve\u010d delovnimi postajami.<\/p>\n<ul>\n<li>velikost varilne mize: 600 x 400 mm<\/li>\n<li>maks. obremenitev mize: 60 kg<\/li>\n<li>dimenzije koles: 100 x 35 mm<\/li>\n<li>kolesca z zavoro (2 od 4 koles)<\/li>\n<\/ul>\n","protected":false},"featured_media":11657,"template":"","meta":[],"product_brand":[],"product_cat":[1043,1053],"product_tag":[],"class_list":{"0":"post-11656","1":"product","2":"type-product","3":"status-publish","4":"has-post-thumbnail","6":"product_cat-stroji-za-kovine","7":"product_cat-varilni-aparati-in-oprema","9":"first","10":"instock","11":"shipping-taxable","12":"purchasable","13":"product-type-simple"},"_links":{"self":[{"href":"https:\/\/www.depoles.com\/hr\/wp-json\/wp\/v2\/product\/11656","targetHints":{"allow":["GET"]}}],"collection":[{"href":"https:\/\/www.depoles.com\/hr\/wp-json\/wp\/v2\/product"}],"about":[{"href":"https:\/\/www.depoles.com\/hr\/wp-json\/wp\/v2\/types\/product"}],"wp:featuredmedia":[{"embeddable":true,"href":"https:\/\/www.depoles.com\/hr\/wp-json\/wp\/v2\/media\/11657"}],"wp:attachment":[{"href":"https:\/\/www.depoles.com\/hr\/wp-json\/wp\/v2\/media?parent=11656"}],"wp:term":[{"taxonomy":"product_brand","embeddable":true,"href":"https:\/\/www.depoles.com\/hr\/wp-json\/wp\/v2\/product_brand?post=11656"},{"taxonomy":"product_cat","embeddable":true,"href":"https:\/\/www.depoles.com\/hr\/wp-json\/wp\/v2\/product_cat?post=11656"},{"taxonomy":"product_tag","embeddable":true,"href":"https:\/\/www.depoles.com\/hr\/wp-json\/wp\/v2\/product_tag?post=11656"}],"curies":[{"name":"wp","href":"https:\/\/api.w.org\/{rel}","templated":true}]}}