{"id":1204,"date":"2024-07-01T11:43:26","date_gmt":"2024-07-01T09:43:26","guid":{"rendered":"https:\/\/nova.depoles.com\/trgovina\/metal-table-insert-oft102-oftinlay1\/"},"modified":"2025-12-17T22:18:37","modified_gmt":"2025-12-17T21:18:37","slug":"metal-table-insert-oft102-oftinlay1","status":"publish","type":"product","link":"https:\/\/www.depoles.com\/hr\/trgovina\/metal-table-insert-oft102-oftinlay1\/","title":{"rendered":"Metalni umetak za stol OFT102 OFTINLAY1"},"content":{"rendered":"<p><strong>Specifikacija izdelka<\/strong><\/p>\n<table>\n<tbody>\n<tr>\n<th colspan=\"2\">Te\u017ea<\/th>\n<\/tr>\n<tr>\n<td>Bruto te\u017ea (kg)<\/td>\n<td>1,40<\/td>\n<\/tr>\n<tr>\n<td>Neto te\u017ea (kg)<\/td>\n<td>1,30<\/td>\n<\/tr>\n<tr>\n<th colspan=\"2\">Embala\u017ea<\/th>\n<\/tr>\n<tr>\n<td>\u0160irina embala\u017ee (mm)<\/td>\n<td>229<\/td>\n<\/tr>\n<tr>\n<td>Dol\u017eina embala\u017ee (mm)<\/td>\n<td>307<\/td>\n<\/tr>\n<tr>\n<td>Vi\u0161ina embala\u017ee (mm)<\/td>\n<td>8<\/td>\n<\/tr>\n<tr>\n<th colspan=\"2\">Splo\u0161ni podatki<\/th>\n<\/tr>\n<tr>\n<td>EAN koda<\/td>\n<td>9120132140564<\/td>\n<\/tr>\n<\/tbody>\n<\/table>\n","protected":false},"excerpt":{"rendered":"<h3>Poudarki izdelka<\/h3>\n<p>Izdelek omogo\u010da nastavitev na \u0161tirih kotnih to\u010dkah z uporabo vijakov iz originalnega vlo\u017eka. Namenjen je uporabi z rezkalnikom HOLZMANN OBF1200_230V, pritrditev pa je mo\u017ena preko vrtanih izvrtin za vgradne vijake in dveh lukenj za pritrditev na mizo z vgrajenimi vijaki \u00d83,5 x 16. Zdru\u017eljiv je z originalnimi monta\u017enimi obro\u010dki mize OFT102. Vijaki in monta\u017eni obro\u010dki niso prilo\u017eeni.<\/p>\n","protected":false},"featured_media":1205,"template":"","meta":[],"product_brand":[],"product_cat":[1032,1012],"product_tag":[],"class_list":{"0":"post-1204","1":"product","2":"type-product","3":"status-publish","4":"has-post-thumbnail","6":"product_cat-rezkarji-glodalice","7":"product_cat-stroji-za-les","9":"first","10":"instock","11":"shipping-taxable","12":"purchasable","13":"product-type-simple"},"_links":{"self":[{"href":"https:\/\/www.depoles.com\/hr\/wp-json\/wp\/v2\/product\/1204","targetHints":{"allow":["GET"]}}],"collection":[{"href":"https:\/\/www.depoles.com\/hr\/wp-json\/wp\/v2\/product"}],"about":[{"href":"https:\/\/www.depoles.com\/hr\/wp-json\/wp\/v2\/types\/product"}],"wp:featuredmedia":[{"embeddable":true,"href":"https:\/\/www.depoles.com\/hr\/wp-json\/wp\/v2\/media\/1205"}],"wp:attachment":[{"href":"https:\/\/www.depoles.com\/hr\/wp-json\/wp\/v2\/media?parent=1204"}],"wp:term":[{"taxonomy":"product_brand","embeddable":true,"href":"https:\/\/www.depoles.com\/hr\/wp-json\/wp\/v2\/product_brand?post=1204"},{"taxonomy":"product_cat","embeddable":true,"href":"https:\/\/www.depoles.com\/hr\/wp-json\/wp\/v2\/product_cat?post=1204"},{"taxonomy":"product_tag","embeddable":true,"href":"https:\/\/www.depoles.com\/hr\/wp-json\/wp\/v2\/product_tag?post=1204"}],"curies":[{"name":"wp","href":"https:\/\/api.w.org\/{rel}","templated":true}]}}