{"id":1207,"date":"2024-07-01T11:43:25","date_gmt":"2024-07-01T09:43:25","guid":{"rendered":"https:\/\/nova.depoles.com\/trgovina\/extention-table-hob410eco_et\/"},"modified":"2026-02-12T13:34:36","modified_gmt":"2026-02-12T12:34:36","slug":"extention-table-hob410eco_et","status":"publish","type":"product","link":"https:\/\/www.depoles.com\/hr\/trgovina\/extention-table-hob410eco_et\/","title":{"rendered":"Pro\u0161irivi stol HOB410ECO_ET"},"content":{"rendered":"<p><strong>Tehni\u010dni podatki:<\/strong><\/p>\n<ul>\n<li><strong>Te\u017ea:<\/strong>\n<ul>\n<li>Bruto te\u017ea: 13 kg<\/li>\n<li>Netto te\u017ea: 13 kg<\/li>\n<\/ul>\n<\/li>\n<li><strong>Embala\u017ea:<\/strong>\n<ul>\n<li>\u0160irina embala\u017ee: 525 mm<\/li>\n<li>Dol\u017eina embala\u017ee: 550 mm<\/li>\n<li>Vi\u0161ina embala\u017ee: 100 mm<\/li>\n<\/ul>\n<\/li>\n<li><strong>Splo\u0161ni podatki:<\/strong>\n<ul>\n<li>EAN koda: 9120132140038<\/li>\n<\/ul>\n<\/li>\n<\/ul>\n","protected":false},"excerpt":{"rendered":"<h3>Opis izdelka<\/h3>\n<p>Pripomo\u010dek omogo\u010da enostavno monta\u017eo in natan\u010dno nastavitev na debelinsko mizo HOB410ECO ali HOB410ECOSMW2. Zagotavlja stabilno pritrditev in mo\u017enost natan\u010dne poravnave podalj\u0161ane mize.<\/p>\n<ul>\n<li>Monta\u017ea z dvema vijakoma in maticama<\/li>\n<li>Nastavljivi vijaki za poravnavo podalj\u0161ane mize<\/li>\n<li>Dimenzije: 395 mm (\u0161irina) x 335 mm (dol\u017eina)<\/li>\n<\/ul>\n<p><strong>Vklju\u010deno v dostavo:<\/strong> pritrdilni vijaki<\/p>\n","protected":false},"featured_media":1208,"template":"","meta":[],"product_brand":[],"product_cat":[1031,1012],"product_tag":[],"class_list":{"0":"post-1207","1":"product","2":"type-product","3":"status-publish","4":"has-post-thumbnail","6":"product_cat-poravnalke-debelinke","7":"product_cat-stroji-za-les","9":"first","10":"instock","11":"shipping-taxable","12":"purchasable","13":"product-type-simple"},"_links":{"self":[{"href":"https:\/\/www.depoles.com\/hr\/wp-json\/wp\/v2\/product\/1207","targetHints":{"allow":["GET"]}}],"collection":[{"href":"https:\/\/www.depoles.com\/hr\/wp-json\/wp\/v2\/product"}],"about":[{"href":"https:\/\/www.depoles.com\/hr\/wp-json\/wp\/v2\/types\/product"}],"wp:featuredmedia":[{"embeddable":true,"href":"https:\/\/www.depoles.com\/hr\/wp-json\/wp\/v2\/media\/1208"}],"wp:attachment":[{"href":"https:\/\/www.depoles.com\/hr\/wp-json\/wp\/v2\/media?parent=1207"}],"wp:term":[{"taxonomy":"product_brand","embeddable":true,"href":"https:\/\/www.depoles.com\/hr\/wp-json\/wp\/v2\/product_brand?post=1207"},{"taxonomy":"product_cat","embeddable":true,"href":"https:\/\/www.depoles.com\/hr\/wp-json\/wp\/v2\/product_cat?post=1207"},{"taxonomy":"product_tag","embeddable":true,"href":"https:\/\/www.depoles.com\/hr\/wp-json\/wp\/v2\/product_tag?post=1207"}],"curies":[{"name":"wp","href":"https:\/\/api.w.org\/{rel}","templated":true}]}}