{"id":1227,"date":"2024-07-01T11:40:32","date_gmt":"2024-07-01T09:40:32","guid":{"rendered":"https:\/\/nova.depoles.com\/trgovina\/poravnalka-debelinka-hob410n_400v\/"},"modified":"2025-12-17T14:38:05","modified_gmt":"2025-12-17T13:38:05","slug":"poravnalka-debelinka-hob410n_400v","status":"publish","type":"product","link":"https:\/\/www.depoles.com\/hr\/trgovina\/poravnalka-debelinka-hob410n_400v\/","title":{"rendered":"PORAVNAVA\u010c DEBLJINE HOB410N_400V"},"content":{"rendered":"<p><strong>Tehni\u010dni podatki<\/strong><\/p>\n<ul>\n<li><strong>Hobeljenje<\/strong>\n<ul>\n<li>Maksimalna globina rezanja za debelinsko obdelavo: 5 mm<\/li>\n<li>Vodilo hoblarke: 1100 x 130 mm<\/li>\n<li>Nagib vodila: 45\u00b0 &#8211; 90\u00b0<\/li>\n<li>Velikost hoblarske mize: 1600 x 410 mm<\/li>\n<li>Vi\u0161ina mize za debelinsko obdelavo: 925 mm<\/li>\n<\/ul>\n<\/li>\n<li><strong>Motorni podatki<\/strong>\n<ul>\n<li>Mo\u010d motorja S6: 4200 W<\/li>\n<li>Mo\u010d motorja S1: 3000 W<\/li>\n<li>Hitrost podajanja: 8 m\/min<\/li>\n<li>Napetost: 400 V<\/li>\n<\/ul>\n<\/li>\n<li><strong>Dimenzije<\/strong>\n<ul>\n<li>Premer priklju\u010dka za odsesavanje: 100 mm<\/li>\n<\/ul>\n<\/li>\n<li><strong>Debelinska obdelava<\/strong>\n<ul>\n<li>Velikost mize: 750 x 405 mm<\/li>\n<li>Globina rezanja: 3 mm<\/li>\n<\/ul>\n<\/li>\n<li><strong>Splo\u0161no hoblanje<\/strong>\n<ul>\n<li>Premer gredi: 95 mm<\/li>\n<li>Hitrost vrtenja gredi: 4500 min\u207b\u00b9<\/li>\n<li>\u0160tevilo rezil: 4<\/li>\n<\/ul>\n<\/li>\n<li><strong>Te\u017ea<\/strong>\n<ul>\n<li>Netto te\u017ea: 330 kg<\/li>\n<li>Bruto te\u017ea: 382 kg<\/li>\n<\/ul>\n<\/li>\n<li><strong>Embal\u017ea\u017ea<\/strong>\n<ul>\n<li>Vi\u0161ina embala\u017ee: 1070 mm<\/li>\n<li>\u0160irina embala\u017ee: 770 mm<\/li>\n<li>Dol\u017eina embala\u017ee: 1680 mm<\/li>\n<\/ul>\n<\/li>\n<li><strong>Splo\u0161ni podatki<\/strong>\n<ul>\n<li>EAN koda: 9120039902708<\/li>\n<\/ul>\n<\/li>\n<\/ul>\n","protected":false},"excerpt":{"rendered":"<h3>Opis izdelka<\/h3>\n<p>Ta profesionalna miza je zasnovana za natan\u010dno in udobno delo z razli\u010dnimi materiali. Pona\u0161a se z nastavljivo aluminijasto ograjo in kolateralnimi vrtljivimi mizami iz sivega \u017eeleza, ki zagotavljajo visoko stabilnost in enostavno uporabo. Vklju\u010duje \u0161tevilne funkcije za natan\u010dno prilagoditev in varno delo.<\/p>\n<ul>\n<li>Nastavljiva aluminijasta ograja<\/li>\n<li>Kolateralne vrtljive mize iz sivega \u017eeleza<\/li>\n<li>Trdna osnovna enota za visoko stabilnost<\/li>\n<li>Mo\u017enost izklopa skobljanja vstavljenega mehanizma<\/li>\n<li>Udobna kombinacija stikalnih vti\u010dev<\/li>\n<li>Nagibni pokrov za za\u0161\u010dito pred prahom<\/li>\n<li>Dobro postavljeni dovodni valji za popoln stik<\/li>\n<li>Udobna nastavitve vi\u0161ine mize z ro\u010dnim kolesom<\/li>\n<li>Natan\u010dno vodenje tabele skozi dvojno vodilo<\/li>\n<li>Natan\u010dna nastavitev mize prek ro\u010dnega kolesa in merila<\/li>\n<\/ul>\n<p><strong>Vklju\u010deno v dostavo:<\/strong> reperni no\u017ei za bru\u0161enje (4 kos), ograja<\/p>\n","protected":false},"featured_media":1228,"template":"","meta":[],"product_brand":[],"product_cat":[1031,1012],"product_tag":[],"class_list":{"0":"post-1227","1":"product","2":"type-product","3":"status-publish","4":"has-post-thumbnail","6":"product_cat-poravnalke-debelinke","7":"product_cat-stroji-za-les","9":"first","10":"instock","11":"shipping-taxable","12":"purchasable","13":"product-type-simple"},"_links":{"self":[{"href":"https:\/\/www.depoles.com\/hr\/wp-json\/wp\/v2\/product\/1227","targetHints":{"allow":["GET"]}}],"collection":[{"href":"https:\/\/www.depoles.com\/hr\/wp-json\/wp\/v2\/product"}],"about":[{"href":"https:\/\/www.depoles.com\/hr\/wp-json\/wp\/v2\/types\/product"}],"wp:featuredmedia":[{"embeddable":true,"href":"https:\/\/www.depoles.com\/hr\/wp-json\/wp\/v2\/media\/1228"}],"wp:attachment":[{"href":"https:\/\/www.depoles.com\/hr\/wp-json\/wp\/v2\/media?parent=1227"}],"wp:term":[{"taxonomy":"product_brand","embeddable":true,"href":"https:\/\/www.depoles.com\/hr\/wp-json\/wp\/v2\/product_brand?post=1227"},{"taxonomy":"product_cat","embeddable":true,"href":"https:\/\/www.depoles.com\/hr\/wp-json\/wp\/v2\/product_cat?post=1227"},{"taxonomy":"product_tag","embeddable":true,"href":"https:\/\/www.depoles.com\/hr\/wp-json\/wp\/v2\/product_tag?post=1227"}],"curies":[{"name":"wp","href":"https:\/\/api.w.org\/{rel}","templated":true}]}}