{"id":1243,"date":"2024-05-08T08:10:00","date_gmt":"2024-05-08T06:10:00","guid":{"rendered":"https:\/\/nova.depoles.com\/trgovina\/valjcek-za-nanos-lepila-em125-t-180mm-virutex\/"},"modified":"2024-05-08T08:10:00","modified_gmt":"2024-05-08T06:10:00","slug":"valjcek-za-nanos-lepila-em125-t-180mm-virutex","status":"publish","type":"product","link":"https:\/\/www.depoles.com\/hr\/trgovina\/valjcek-za-nanos-lepila-em125-t-180mm-virutex\/","title":{"rendered":"VALJ\u010cI\u0106 ZA NANOS LJEPILA EM125 T 180mm VIRUTEX"},"content":{"rendered":"","protected":false},"excerpt":{"rendered":"<h5><span style=\"color: #000000\"><b>NOVO!PLA\u010cILA NA OBROKE\/do 15000\u20ac uredimo TAKOJ\/<\/b><\/span><span style=\"color: #000000\"><b>DOSTAVA GRATIS ZA SLO<\/b><\/span><\/h5>\n<ul>\n<li><strong>EM125 T<\/strong><\/li>\n<li>namenjen nanosu lepila na velike ravne povr\u0161ine<\/li>\n<li>opremljen z blokado\u00a0 izteka\/pretoka lepila<\/li>\n<li>stojalo valj\u010dka, ko ga postavite na njega sistem blokira iztekanje in ostanbe valj\u010dek \u010dist<\/li>\n<li>dodatnmo opremljn z zgornjim valj\u010dkom za robove \/stranico enostavno potegnete preko valja<\/li>\n<li>\u0161irina 180 mm<\/li>\n<li>zgpornji valj\u010dek 92 mm<\/li>\n<li>te\u017ea 1,4 Kg<\/li>\n<\/ul>\n","protected":false},"featured_media":1244,"template":"","meta":[],"product_brand":[],"product_cat":[1032,1033,1034],"product_tag":[112,314,355,582,860,876],"class_list":{"0":"post-1243","1":"product","2":"type-product","3":"status-publish","4":"has-post-thumbnail","6":"product_cat-rezkarji-glodalice","7":"product_cat-robne-lepilke","8":"product_cat-rocno-orodje","9":"product_tag-180mm","10":"product_tag-depoles","11":"product_tag-em125t","12":"product_tag-nanos-lepila","13":"product_tag-valj","14":"product_tag-virutex","16":"first","17":"instock","18":"shipping-taxable","19":"purchasable","20":"product-type-simple"},"_links":{"self":[{"href":"https:\/\/www.depoles.com\/hr\/wp-json\/wp\/v2\/product\/1243","targetHints":{"allow":["GET"]}}],"collection":[{"href":"https:\/\/www.depoles.com\/hr\/wp-json\/wp\/v2\/product"}],"about":[{"href":"https:\/\/www.depoles.com\/hr\/wp-json\/wp\/v2\/types\/product"}],"wp:featuredmedia":[{"embeddable":true,"href":"https:\/\/www.depoles.com\/hr\/wp-json\/wp\/v2\/media\/1244"}],"wp:attachment":[{"href":"https:\/\/www.depoles.com\/hr\/wp-json\/wp\/v2\/media?parent=1243"}],"wp:term":[{"taxonomy":"product_brand","embeddable":true,"href":"https:\/\/www.depoles.com\/hr\/wp-json\/wp\/v2\/product_brand?post=1243"},{"taxonomy":"product_cat","embeddable":true,"href":"https:\/\/www.depoles.com\/hr\/wp-json\/wp\/v2\/product_cat?post=1243"},{"taxonomy":"product_tag","embeddable":true,"href":"https:\/\/www.depoles.com\/hr\/wp-json\/wp\/v2\/product_tag?post=1243"}],"curies":[{"name":"wp","href":"https:\/\/api.w.org\/{rel}","templated":true}]}}