{"id":1263,"date":"2023-12-05T10:59:20","date_gmt":"2023-12-05T09:59:20","guid":{"rendered":"https:\/\/nova.depoles.com\/trgovina\/giljotinske-skarje-bss1300\/"},"modified":"2026-02-12T13:38:34","modified_gmt":"2026-02-12T12:38:34","slug":"giljotinske-skarje-bss1300","status":"publish","type":"product","link":"https:\/\/www.depoles.com\/hr\/trgovina\/giljotinske-skarje-bss1300\/","title":{"rendered":"Giljotinske \u0161kare BSS1300"},"content":{"rendered":"<table>\n<tbody>\n<tr>\n<th colspan=\"2\"><strong>Dimenzije<\/strong><\/th>\n<\/tr>\n<tr>\n<td>Skupne dimenzije (mm)<\/td>\n<td>1680 x 500 x 735<\/td>\n<\/tr>\n<tr>\n<th colspan=\"2\"><strong>Rezkalna zmogljivost<\/strong><\/th>\n<\/tr>\n<tr>\n<td>Najve\u010dja dol\u017eina reza 90\u00b0 (mm)<\/td>\n<td>1300<\/td>\n<\/tr>\n<tr>\n<th colspan=\"2\"><strong>Obdelava plo\u010devine<\/strong><\/th>\n<\/tr>\n<tr>\n<td>Najve\u010dja debelina plo\u010devine (mm)<\/td>\n<td>1,5<\/td>\n<\/tr>\n<tr>\n<th colspan=\"2\"><strong>Te\u017ea<\/strong><\/th>\n<\/tr>\n<tr>\n<td>Bruto te\u017ea (kg)<\/td>\n<td>80<\/td>\n<\/tr>\n<tr>\n<td>Netto te\u017ea (kg)<\/td>\n<td>65<\/td>\n<\/tr>\n<tr>\n<th colspan=\"2\"><strong>Pakiranje<\/strong><\/th>\n<\/tr>\n<tr>\n<td>\u0160irina pakiranja (mm)<\/td>\n<td>260<\/td>\n<\/tr>\n<tr>\n<td>Dol\u017eina pakiranja (mm)<\/td>\n<td>1600<\/td>\n<\/tr>\n<tr>\n<td>Vi\u0161ina pakiranja (mm)<\/td>\n<td>570<\/td>\n<\/tr>\n<tr>\n<th colspan=\"2\"><strong>Splo\u0161ni podatki<\/strong><\/th>\n<\/tr>\n<tr>\n<td>EAN koda<\/td>\n<td>9120058379680<\/td>\n<\/tr>\n<\/tbody>\n<\/table>\n","protected":false},"excerpt":{"rendered":"<p>Giljotinske \u0161karje za rezanje plo\u010devine do debeline 1,5 mm z visokokakovostnimi jeklenimi rezili za dolgo \u017eivljenjsko dobo. Prilo\u017eeno je tudi prakti\u010dno stojalo.<\/p>\n","protected":false},"featured_media":1264,"template":"","meta":[],"product_brand":[],"product_cat":[1047,1043],"product_tag":[],"class_list":{"0":"post-1263","1":"product","2":"type-product","3":"status-publish","4":"has-post-thumbnail","6":"product_cat-skarje-za-plocevino","7":"product_cat-stroji-za-kovine","9":"first","10":"instock","11":"shipping-taxable","12":"purchasable","13":"product-type-simple"},"_links":{"self":[{"href":"https:\/\/www.depoles.com\/hr\/wp-json\/wp\/v2\/product\/1263","targetHints":{"allow":["GET"]}}],"collection":[{"href":"https:\/\/www.depoles.com\/hr\/wp-json\/wp\/v2\/product"}],"about":[{"href":"https:\/\/www.depoles.com\/hr\/wp-json\/wp\/v2\/types\/product"}],"wp:featuredmedia":[{"embeddable":true,"href":"https:\/\/www.depoles.com\/hr\/wp-json\/wp\/v2\/media\/1264"}],"wp:attachment":[{"href":"https:\/\/www.depoles.com\/hr\/wp-json\/wp\/v2\/media?parent=1263"}],"wp:term":[{"taxonomy":"product_brand","embeddable":true,"href":"https:\/\/www.depoles.com\/hr\/wp-json\/wp\/v2\/product_brand?post=1263"},{"taxonomy":"product_cat","embeddable":true,"href":"https:\/\/www.depoles.com\/hr\/wp-json\/wp\/v2\/product_cat?post=1263"},{"taxonomy":"product_tag","embeddable":true,"href":"https:\/\/www.depoles.com\/hr\/wp-json\/wp\/v2\/product_tag?post=1263"}],"curies":[{"name":"wp","href":"https:\/\/api.w.org\/{rel}","templated":true}]}}