{"id":1268,"date":"2023-12-05T10:59:18","date_gmt":"2023-12-05T09:59:18","guid":{"rendered":"https:\/\/nova.depoles.com\/trgovina\/delavniska-presa-akm320wp\/"},"modified":"2026-02-12T13:35:46","modified_gmt":"2026-02-12T12:35:46","slug":"delavniska-presa-akm320wp","status":"publish","type":"product","link":"https:\/\/www.depoles.com\/hr\/trgovina\/delavniska-presa-akm320wp\/","title":{"rendered":"RADNI\u010cKI PRE\u0160A AKM 320WP"},"content":{"rendered":"<p><strong>Tehni\u010dni podatki:<\/strong><\/p>\n<ul>\n<li><strong>Te\u017ea:<\/strong>\n<ul>\n<li>Bruto te\u017ea: 16 kg<\/li>\n<li>Netto te\u017ea: 15 kg<\/li>\n<\/ul>\n<\/li>\n<li><strong>Embala\u017ea:<\/strong>\n<ul>\n<li>\u0160irina embala\u017ee: 250 mm<\/li>\n<li>Dol\u017eina embala\u017ee: 430 mm<\/li>\n<li>Vi\u0161ina embala\u017ee: 115 mm<\/li>\n<\/ul>\n<\/li>\n<li><strong>Splo\u0161ni podatki:<\/strong>\n<ul>\n<li>EAN koda: 9120058379512<\/li>\n<\/ul>\n<\/li>\n<\/ul>\n","protected":false},"excerpt":{"rendered":"<p>Orodje za upogibanje z najve\u010djo dovoljeno obremenitvijo 20 ton in upogibnim kotom do 90\u00b0. Omogo\u010da maksimalno upogibno dol\u017eino 305 mm ter upogibanje mehkih jekel razli\u010dnih debelin:<\/p>\n<ul>\n<li>5 x 305 mm<\/li>\n<li>8 x 152 mm<\/li>\n<li>10 x 76 mm<\/li>\n<\/ul>\n","protected":false},"featured_media":1269,"template":"","meta":[],"product_brand":[],"product_cat":[1067],"product_tag":[191,305,441,676,923],"class_list":{"0":"post-1268","1":"product","2":"type-product","3":"status-publish","4":"has-post-thumbnail","6":"product_cat-delavniske-prese","7":"product_tag-akm","8":"product_tag-delavniska","9":"product_tag-holzmann","10":"product_tag-presa","11":"product_tag-zdepoles","13":"first","14":"instock","15":"shipping-taxable","16":"purchasable","17":"product-type-simple"},"_links":{"self":[{"href":"https:\/\/www.depoles.com\/hr\/wp-json\/wp\/v2\/product\/1268","targetHints":{"allow":["GET"]}}],"collection":[{"href":"https:\/\/www.depoles.com\/hr\/wp-json\/wp\/v2\/product"}],"about":[{"href":"https:\/\/www.depoles.com\/hr\/wp-json\/wp\/v2\/types\/product"}],"wp:featuredmedia":[{"embeddable":true,"href":"https:\/\/www.depoles.com\/hr\/wp-json\/wp\/v2\/media\/1269"}],"wp:attachment":[{"href":"https:\/\/www.depoles.com\/hr\/wp-json\/wp\/v2\/media?parent=1268"}],"wp:term":[{"taxonomy":"product_brand","embeddable":true,"href":"https:\/\/www.depoles.com\/hr\/wp-json\/wp\/v2\/product_brand?post=1268"},{"taxonomy":"product_cat","embeddable":true,"href":"https:\/\/www.depoles.com\/hr\/wp-json\/wp\/v2\/product_cat?post=1268"},{"taxonomy":"product_tag","embeddable":true,"href":"https:\/\/www.depoles.com\/hr\/wp-json\/wp\/v2\/product_tag?post=1268"}],"curies":[{"name":"wp","href":"https:\/\/api.w.org\/{rel}","templated":true}]}}