{"id":1278,"date":"2023-12-05T10:59:09","date_gmt":"2023-12-05T09:59:09","guid":{"rendered":"https:\/\/nova.depoles.com\/trgovina\/brusna-plosca-250x63mm-nts250ssst\/"},"modified":"2026-02-12T13:35:54","modified_gmt":"2026-02-12T12:35:54","slug":"brusna-plosca-250x63mm-nts250ssst","status":"publish","type":"product","link":"https:\/\/www.depoles.com\/hr\/trgovina\/brusna-plosca-250x63mm-nts250ssst\/","title":{"rendered":"Bru\u0161na plo\u010da 250x63mm NTS250SSST"},"content":{"rendered":"<p><strong>Tehni\u010dni podatki:<\/strong><\/p>\n<ul>\n<li><strong>Te\u017ea:<\/strong>\n<ul>\n<li>Bruto te\u017ea: 5,50 kg<\/li>\n<li>Netto te\u017ea: 5,30 kg<\/li>\n<\/ul>\n<\/li>\n<li><strong>Embala\u017ea:<\/strong>\n<ul>\n<li>\u0160irina embala\u017ee: 70 mm<\/li>\n<li>Dol\u017eina embala\u017ee: 260 mm<\/li>\n<li>Vi\u0161ina embala\u017ee: 265 mm<\/li>\n<\/ul>\n<\/li>\n<li><strong>Splo\u0161ni podatki:<\/strong>\n<ul>\n<li>EAN koda: 9120058379857<\/li>\n<\/ul>\n<\/li>\n<\/ul>\n","protected":false},"excerpt":{"rendered":"<p>Brus iz korunda, dimenzij \u00d8 250 x 63 x \u00d8 12,7 mm, granulacija K 150.<\/p>\n","protected":false},"featured_media":21630,"template":"","meta":[],"product_brand":[],"product_cat":[1007],"product_tag":[],"class_list":{"0":"post-1278","1":"product","2":"type-product","3":"status-publish","4":"has-post-thumbnail","6":"product_cat-brusilniki","8":"first","9":"instock","10":"shipping-taxable","11":"purchasable","12":"product-type-simple"},"_links":{"self":[{"href":"https:\/\/www.depoles.com\/hr\/wp-json\/wp\/v2\/product\/1278","targetHints":{"allow":["GET"]}}],"collection":[{"href":"https:\/\/www.depoles.com\/hr\/wp-json\/wp\/v2\/product"}],"about":[{"href":"https:\/\/www.depoles.com\/hr\/wp-json\/wp\/v2\/types\/product"}],"wp:featuredmedia":[{"embeddable":true,"href":"https:\/\/www.depoles.com\/hr\/wp-json\/"}],"wp:attachment":[{"href":"https:\/\/www.depoles.com\/hr\/wp-json\/wp\/v2\/media?parent=1278"}],"wp:term":[{"taxonomy":"product_brand","embeddable":true,"href":"https:\/\/www.depoles.com\/hr\/wp-json\/wp\/v2\/product_brand?post=1278"},{"taxonomy":"product_cat","embeddable":true,"href":"https:\/\/www.depoles.com\/hr\/wp-json\/wp\/v2\/product_cat?post=1278"},{"taxonomy":"product_tag","embeddable":true,"href":"https:\/\/www.depoles.com\/hr\/wp-json\/wp\/v2\/product_tag?post=1278"}],"curies":[{"name":"wp","href":"https:\/\/api.w.org\/{rel}","templated":true}]}}