{"id":1286,"date":"2023-12-05T10:59:03","date_gmt":"2023-12-05T09:59:03","guid":{"rendered":"https:\/\/nova.depoles.com\/trgovina\/delavniski-vrtalnik-sb253vh_400v\/"},"modified":"2025-12-17T14:39:27","modified_gmt":"2025-12-17T13:39:27","slug":"delavniski-vrtalnik-sb253vh_400v","status":"publish","type":"product","link":"https:\/\/www.depoles.com\/hr\/trgovina\/delavniski-vrtalnik-sb253vh_400v\/","title":{"rendered":"Radionikarski bu\u0161ilica SB253VH_400V"},"content":{"rendered":"<p><strong>Tehni\u010dna specifikacija izdelka:<\/strong><\/p>\n<ul>\n<li><strong>Motor:<\/strong>\n<ul>\n<li>Mo\u010d motorja S1: 1100 W<\/li>\n<li>Napetost: 400 V \/ 3 \/ 50 Hz<\/li>\n<li>Hitrost (v\/min): I: 50-700, II: 50-3000<\/li>\n<\/ul>\n<\/li>\n<li><strong>Mere:<\/strong>\n<ul>\n<li>Doseg: 215 mm<\/li>\n<li>Celotne dimenzije (Dx\u0160xV): 710 x 390 x 1620 mm<\/li>\n<\/ul>\n<\/li>\n<li><strong>Tehni\u010dne specifikacije:<\/strong>\n<ul>\n<li>Maksimalna zmogljivost vrtanja jekla: 25 mm<\/li>\n<li>Vreteno za vrtanje: MK3\/MT3<\/li>\n<li>Maksimalna razdalja vreteno-miza: 685 mm<\/li>\n<li>Razdalja vreteno-baza: 1175 mm<\/li>\n<li>Premer stebra: 80 mm<\/li>\n<li>Hod vretena: 80 mm<\/li>\n<li>T-re\u017ee: 14 mm<\/li>\n<li>Maksimalna obremenitev mize: 30 kg<\/li>\n<\/ul>\n<\/li>\n<li><strong>Te\u017ea:<\/strong>\n<ul>\n<li>Bruto te\u017ea: 87 kg<\/li>\n<li>Netto te\u017ea: 82 kg<\/li>\n<\/ul>\n<\/li>\n<li><strong>Embal\u017ea\u017ea:<\/strong>\n<ul>\n<li>\u0160irina embala\u017ee: 540 mm<\/li>\n<li>Dol\u017eina embala\u017ee: 1410 mm<\/li>\n<li>Vi\u0161ina embala\u017ee: 310 mm<\/li>\n<\/ul>\n<\/li>\n<li><strong>Splo\u0161ni podatki:<\/strong>\n<ul>\n<li>EAN koda: 9120058379826<\/li>\n<\/ul>\n<\/li>\n<\/ul>\n","protected":false},"excerpt":{"rendered":"<h3><\/h3>\n<ul>\n<li>na torzijo odporen, masiven in poliran jeklen steber<\/li>\n<li>nagibna (+\/- 45\u00b0) vrtalna miza nastavljiva po vi\u0161ini z zobato letvijo<\/li>\n<li>prakti\u010dna trikraka ro\u010dica s skaliranjem globine vrtanja<\/li>\n<li>za\u0161\u010ditni pokrov vretena<\/li>\n<li>nastavljiv omejevalnik globine vrtanja s skalo za natan\u010den nadzor globine vrtanja<\/li>\n<li>Frekven\u010dni pretvornik + izbirno 2-stopenjsko obmo\u010dje vrtljajev (I): 50-700 min-1 (II): 50-3000 min-1 s pomo\u010djo jermenskega prenosa<\/li>\n<\/ul>\n<p><strong>Vklju\u010deno v dobavo:<\/strong> brezklju\u010dna vpenjalna glava do premera svedra 16 mm, zasko\u010dni klju\u010d<\/p>\n","protected":false},"featured_media":1287,"template":"","meta":[],"product_brand":[],"product_cat":[1043,1061],"product_tag":[306,514,891],"class_list":{"0":"post-1286","1":"product","2":"type-product","3":"status-publish","4":"has-post-thumbnail","6":"product_cat-stroji-za-kovine","7":"product_cat-vrtalni-stroji-za-kovino","8":"product_tag-delavniski","9":"product_tag-kovino","10":"product_tag-vrtalnik","12":"first","13":"instock","14":"shipping-taxable","15":"purchasable","16":"product-type-simple"},"_links":{"self":[{"href":"https:\/\/www.depoles.com\/hr\/wp-json\/wp\/v2\/product\/1286","targetHints":{"allow":["GET"]}}],"collection":[{"href":"https:\/\/www.depoles.com\/hr\/wp-json\/wp\/v2\/product"}],"about":[{"href":"https:\/\/www.depoles.com\/hr\/wp-json\/wp\/v2\/types\/product"}],"wp:featuredmedia":[{"embeddable":true,"href":"https:\/\/www.depoles.com\/hr\/wp-json\/wp\/v2\/media\/1287"}],"wp:attachment":[{"href":"https:\/\/www.depoles.com\/hr\/wp-json\/wp\/v2\/media?parent=1286"}],"wp:term":[{"taxonomy":"product_brand","embeddable":true,"href":"https:\/\/www.depoles.com\/hr\/wp-json\/wp\/v2\/product_brand?post=1286"},{"taxonomy":"product_cat","embeddable":true,"href":"https:\/\/www.depoles.com\/hr\/wp-json\/wp\/v2\/product_cat?post=1286"},{"taxonomy":"product_tag","embeddable":true,"href":"https:\/\/www.depoles.com\/hr\/wp-json\/wp\/v2\/product_tag?post=1286"}],"curies":[{"name":"wp","href":"https:\/\/api.w.org\/{rel}","templated":true}]}}