{"id":1290,"date":"2023-12-05T10:58:59","date_gmt":"2023-12-05T09:58:59","guid":{"rendered":"https:\/\/nova.depoles.com\/trgovina\/delavniski-vrtalnik-sb253vh_230v\/"},"modified":"2025-12-17T14:39:47","modified_gmt":"2025-12-17T13:39:47","slug":"delavniski-vrtalnik-sb253vh_230v","status":"publish","type":"product","link":"https:\/\/www.depoles.com\/hr\/trgovina\/delavniski-vrtalnik-sb253vh_230v\/","title":{"rendered":"Radni bu\u0161ilica SB253VH_230V"},"content":{"rendered":"<p><strong>Tehni\u010dna specifikacija<\/strong><\/p>\n<ul>\n<li><strong>Moc motorja S1:<\/strong> 1100 W<\/li>\n<li><strong>Napetost:<\/strong> 230 V \/ 50 Hz<\/li>\n<\/ul>\n<p><strong>Dimenzije<\/strong><\/p>\n<ul>\n<li><strong>Doseg:<\/strong> 215 mm<\/li>\n<li><strong>Skupne dimenzije:<\/strong> 710 x 390 x 1620 mm<\/li>\n<li><strong>Velikost mize:<\/strong> 315 x 315 mm<\/li>\n<\/ul>\n<p><strong>Tehni\u010dni podatki<\/strong><\/p>\n<ul>\n<li><strong>Maksimalna vrtalna zmogljivost v jeklu:<\/strong> 25 mm<\/li>\n<li><strong>Vreteno za vrtanje:<\/strong> MK3\/MT3<\/li>\n<li><strong>Maksimalna razdalja vretena do mize:<\/strong> 685 mm<\/li>\n<li><strong>Razdalja vretena do baze:<\/strong> 1175 mm<\/li>\n<li><strong>Premer stebra:<\/strong> 80 mm<\/li>\n<li><strong>Hod vretena:<\/strong> 80 mm<\/li>\n<li><strong>T-profil (T-slots):<\/strong> 14 mm<\/li>\n<li><strong>Maksimalna obremenitev mize:<\/strong> 30 kg<\/li>\n<li><strong>Hitrost vrtenja vretena:<\/strong> (I) 50-700 min\u207b\u00b9, (II) 50-3000 min\u207b\u00b9<\/li>\n<\/ul>\n<p><strong>Raven hrupa in vibracije<\/strong><\/p>\n<ul>\n<li><strong>Raven zvo\u010dne mo\u010di:<\/strong> 84 dB(A)<\/li>\n<li><strong>Raven zvo\u010dnega tlaka:<\/strong> 70 dB(A)<\/li>\n<\/ul>\n<p><strong>Te\u017ea<\/strong><\/p>\n<ul>\n<li><strong>Bruto te\u017ea:<\/strong> 87 kg<\/li>\n<li><strong>Netto te\u017ea:<\/strong> 82 kg<\/li>\n<\/ul>\n<p><strong>Embal\u017ea\u017ea<\/strong><\/p>\n<ul>\n<li><strong>\u0160irina embala\u017ee:<\/strong> 540 mm<\/li>\n<li><strong>Dol\u017eina embala\u017ee:<\/strong> 1410 mm<\/li>\n<li><strong>Vi\u0161ina embala\u017ee:<\/strong> 310 mm<\/li>\n<\/ul>\n<p><strong>Splo\u0161ni podatki<\/strong><\/p>\n<ul>\n<li><strong>EAN koda:<\/strong> 9120058379819<\/li>\n<\/ul>\n","protected":false},"excerpt":{"rendered":"<h3>Opis izdelka<\/h3>\n<p>Vrtalna miza je zasnovana za natan\u010dno in udobno delo, odporna na torzijo z masivnim in poliranim jeklenim stebrom. Nastavljiva je po vi\u0161ini in nagibu (+\/- 45\u00b0) z zobato letvijo, kar omogo\u010da prilagodljivost pri vrtanju.<\/p>\n<ul>\n<li>Masiven in poliran jeklen steber, odporen na torzijo<\/li>\n<li>Nastavljiva nagibna vrtalna miza (+\/- 45\u00b0) z zobato letvijo<\/li>\n<li>Prakti\u010dna trikraka ro\u010dica s skaliranjem globine vrtanja<\/li>\n<li>Za\u0161\u010ditni pokrov vretena za varnost<\/li>\n<li>Nastavljiv omejevalnik globine vrtanja s skalo za natan\u010den nadzor<\/li>\n<li>Frekven\u010dni pretvornik z izbirnim dvostopenjskim obmo\u010djem vrtljajev: (I) 50-700 min\u207b\u00b9, (II) 50-3000 min\u207b\u00b9 preko jermenskega prenosa<\/li>\n<\/ul>\n<p><strong>Vklju\u010deno v dobavo:<\/strong> brezklju\u010dna vpenjalna glava do premera svedra 16 mm, zasko\u010dni klju\u010d.<\/p>\n","protected":false},"featured_media":1291,"template":"","meta":[],"product_brand":[],"product_cat":[1043,1061],"product_tag":[306,891],"class_list":{"0":"post-1290","1":"product","2":"type-product","3":"status-publish","4":"has-post-thumbnail","6":"product_cat-stroji-za-kovine","7":"product_cat-vrtalni-stroji-za-kovino","8":"product_tag-delavniski","9":"product_tag-vrtalnik","11":"first","12":"instock","13":"shipping-taxable","14":"purchasable","15":"product-type-simple"},"_links":{"self":[{"href":"https:\/\/www.depoles.com\/hr\/wp-json\/wp\/v2\/product\/1290","targetHints":{"allow":["GET"]}}],"collection":[{"href":"https:\/\/www.depoles.com\/hr\/wp-json\/wp\/v2\/product"}],"about":[{"href":"https:\/\/www.depoles.com\/hr\/wp-json\/wp\/v2\/types\/product"}],"wp:featuredmedia":[{"embeddable":true,"href":"https:\/\/www.depoles.com\/hr\/wp-json\/wp\/v2\/media\/1291"}],"wp:attachment":[{"href":"https:\/\/www.depoles.com\/hr\/wp-json\/wp\/v2\/media?parent=1290"}],"wp:term":[{"taxonomy":"product_brand","embeddable":true,"href":"https:\/\/www.depoles.com\/hr\/wp-json\/wp\/v2\/product_brand?post=1290"},{"taxonomy":"product_cat","embeddable":true,"href":"https:\/\/www.depoles.com\/hr\/wp-json\/wp\/v2\/product_cat?post=1290"},{"taxonomy":"product_tag","embeddable":true,"href":"https:\/\/www.depoles.com\/hr\/wp-json\/wp\/v2\/product_tag?post=1290"}],"curies":[{"name":"wp","href":"https:\/\/api.w.org\/{rel}","templated":true}]}}