{"id":1294,"date":"2023-12-05T10:58:55","date_gmt":"2023-12-05T09:58:55","guid":{"rendered":"https:\/\/nova.depoles.com\/trgovina\/delavniski-vrtalnik-sb324vh_400v\/"},"modified":"2026-02-12T13:41:25","modified_gmt":"2026-02-12T12:41:25","slug":"delavniski-vrtalnik-sb324vh_400v","status":"publish","type":"product","link":"https:\/\/www.depoles.com\/hr\/trgovina\/delavniski-vrtalnik-sb324vh_400v\/","title":{"rendered":"Radioni\u010dki bu\u0161ilica SB324VH_400V"},"content":{"rendered":"<p><strong>Tehni\u010dna specifikacija izdelka:<\/strong><\/p>\n<ul>\n<li><strong>Podatki o motorju:<\/strong>\n<ul>\n<li>Mo\u010d motorja S1: 1500 W<\/li>\n<li>Napetost: 400 V \/ 3 \/ 5 Hz<\/li>\n<\/ul>\n<\/li>\n<li><strong>Dimenzije:<\/strong>\n<ul>\n<li>Razpon dosega: 255 mm<\/li>\n<li>Velikost mize: 475 x 425 mm<\/li>\n<li>Skupne dimenzije: 478 x 838 x 1690 mm<\/li>\n<\/ul>\n<\/li>\n<li><strong>Tehni\u010dni podatki:<\/strong>\n<ul>\n<li>Maksimalna zmogljivost vrtanja v jeklu: \u00d8 32 mm<\/li>\n<li>Vpenjalna glava vretena: MK4 \/ MT4<\/li>\n<li>Hitrost vrtalnega vretena: (I) 50-700 min\u207b\u00b9, (II) 50-3000 min\u207b\u00b9<\/li>\n<li>Maksimalna razdalja med vretenom in mizo: 680 mm<\/li>\n<li>Razdalja med vretenom in osnovo: 1170 mm<\/li>\n<li>Premer stebra: \u00d8 92 mm<\/li>\n<li>Hod vretena: 120 mm<\/li>\n<li>T-utori: 14 mm<\/li>\n<li>Maksimalna obremenitev mize: 30 kg<\/li>\n<\/ul>\n<\/li>\n<li><strong>Raven hrupa in vibracije:<\/strong>\n<ul>\n<li>Raven zvo\u010dne mo\u010di: 84 dB(A)<\/li>\n<li>Raven zvo\u010dnega tlaka: 70 dB(A)<\/li>\n<\/ul>\n<\/li>\n<li><strong>Te\u017ea:<\/strong>\n<ul>\n<li>Bruto te\u017ea: 122 kg<\/li>\n<li>Netto te\u017ea: 116 kg<\/li>\n<\/ul>\n<\/li>\n<li><strong>Embala\u017ea:<\/strong>\n<ul>\n<li>\u0160irina embala\u017ee: 655 mm<\/li>\n<li>Dol\u017eina embala\u017ee: 1450 mm<\/li>\n<li>Vi\u0161ina embala\u017ee: 390 mm<\/li>\n<\/ul>\n<\/li>\n<li><strong>Splo\u0161ni podatki:<\/strong>\n<ul>\n<li>EAN koda: 9120058379833<\/li>\n<\/ul>\n<\/li>\n<\/ul>\n","protected":false},"excerpt":{"rendered":"<h3><\/h3>\n<ul>\n<li>na torzijo odporen, masiven in poliran jeklen steber<\/li>\n<li>nagibna (+\/- 45\u00b0) vrtalna miza nastavljiva po vi\u0161ini z zobato letvijo<\/li>\n<li>prakti\u010dna trikraka ro\u010dica s skalo za globino vrtanja<\/li>\n<li>za\u0161\u010ditni pokrov vretena<\/li>\n<li>nastavljiv omejevalnik globine vrtanja s skalo za natan\u010den nadzor globine vrtanja<\/li>\n<li>Frekven\u010dni pretvornik + izbirno 2-stopenjsko obmo\u010dje vrtljajev (I): 50-700 min-1 (II): 50-3000 min-1 s pomo\u010djo jermenskega prenosa<\/li>\n<\/ul>\n<p><strong>Vklju\u010deno v dobavo<\/strong> : Samozatezna vpenjalna glava do premera svedra 16 mm,<\/p>\n","protected":false},"featured_media":1295,"template":"","meta":[],"product_brand":[],"product_cat":[1043,1061],"product_tag":[306,314,441,729,891],"class_list":{"0":"post-1294","1":"product","2":"type-product","3":"status-publish","4":"has-post-thumbnail","6":"product_cat-stroji-za-kovine","7":"product_cat-vrtalni-stroji-za-kovino","8":"product_tag-delavniski","9":"product_tag-depoles","10":"product_tag-holzmann","11":"product_tag-sb324","12":"product_tag-vrtalnik","14":"first","15":"instock","16":"shipping-taxable","17":"purchasable","18":"product-type-simple"},"_links":{"self":[{"href":"https:\/\/www.depoles.com\/hr\/wp-json\/wp\/v2\/product\/1294","targetHints":{"allow":["GET"]}}],"collection":[{"href":"https:\/\/www.depoles.com\/hr\/wp-json\/wp\/v2\/product"}],"about":[{"href":"https:\/\/www.depoles.com\/hr\/wp-json\/wp\/v2\/types\/product"}],"wp:featuredmedia":[{"embeddable":true,"href":"https:\/\/www.depoles.com\/hr\/wp-json\/wp\/v2\/media\/1295"}],"wp:attachment":[{"href":"https:\/\/www.depoles.com\/hr\/wp-json\/wp\/v2\/media?parent=1294"}],"wp:term":[{"taxonomy":"product_brand","embeddable":true,"href":"https:\/\/www.depoles.com\/hr\/wp-json\/wp\/v2\/product_brand?post=1294"},{"taxonomy":"product_cat","embeddable":true,"href":"https:\/\/www.depoles.com\/hr\/wp-json\/wp\/v2\/product_cat?post=1294"},{"taxonomy":"product_tag","embeddable":true,"href":"https:\/\/www.depoles.com\/hr\/wp-json\/wp\/v2\/product_tag?post=1294"}],"curies":[{"name":"wp","href":"https:\/\/api.w.org\/{rel}","templated":true}]}}