{"id":1298,"date":"2023-12-05T10:58:52","date_gmt":"2023-12-05T09:58:52","guid":{"rendered":"https:\/\/nova.depoles.com\/trgovina\/struznica-za-kovino-ed1000smart_400v\/"},"modified":"2025-12-17T23:15:11","modified_gmt":"2025-12-17T22:15:11","slug":"struznica-za-kovino-ed1000smart_400v","status":"publish","type":"product","link":"https:\/\/www.depoles.com\/hr\/trgovina\/struznica-za-kovino-ed1000smart_400v\/","title":{"rendered":"Strug za metal ED1000SMART_400V"},"content":{"rendered":"<p><strong>Tehni\u010dni podatki<\/strong><\/p>\n<ul>\n<li><strong>Podatki o motorju:<\/strong>\n<ul>\n<li>Napetost: 400 V \/ 3 \/ 50 Hz<\/li>\n<\/ul>\n<\/li>\n<li><strong>Dimenzije:<\/strong>\n<ul>\n<li>Skupne dimenzije (\u0160 x G x V): 1950 x 620 x 1690 mm<\/li>\n<li>\u0160irina postelje: 186 mm<\/li>\n<li>Vi\u0161ina postelje: 305 mm<\/li>\n<\/ul>\n<\/li>\n<li><strong>Stru\u017enice:<\/strong>\n<ul>\n<li>Razdalja med konicama: 1000 mm<\/li>\n<li>Vi\u0161ina osi: 178 mm<\/li>\n<li>Maks. premer nad posteljo: \u00d8 356 mm<\/li>\n<li>Maks. premer nad pre\u010dnim drsnim delom: \u00d8 226 mm<\/li>\n<li>Maks. premer v re\u017ei: \u00d8 500 mm<\/li>\n<li>Hitrost vretena (min-1): L: 85-390; H: 390-1800<\/li>\n<li>Premer vretena: 51 mm<\/li>\n<li>Sto\u017eec vretena: MK6 \/ MT6<\/li>\n<li>Sto\u017eec repne glave: MK4 \/ MT4<\/li>\n<li>Pre\u010dni pomik: 0,02 &#8211; 0,75 mm\/U (30)<\/li>\n<li>Podalj\u0161ani pomik: 0,02 &#8211; 0,75 mm\/U (30)<\/li>\n<li>Razpon podalj\u0161ka vozi\u010dka: 780 mm<\/li>\n<li>Razpon pre\u010dnega drsnega dela: 178 mm<\/li>\n<li>Razpon nagibnega drsnega dela: 89 mm<\/li>\n<li>Razpon metri\u010dnih navojev: 0,08 &#8211; 24 mm \/ obrat (65)<\/li>\n<li>Razpon pal\u010dnih navojev: 1 &#8211; 112 T.P.I (75)<\/li>\n<li>Maks. prese\u010dna povr\u0161ina dr\u017eala orodja: 20 x 20 mm<\/li>\n<li>Razpon potiska repne glave: 100 mm<\/li>\n<\/ul>\n<\/li>\n<li><strong>Raven hrupa in vibracije:<\/strong>\n<ul>\n<li>Nivo zvo\u010dnega tlaka: 84 dB(A)<\/li>\n<\/ul>\n<\/li>\n<li><strong>Te\u017ea:<\/strong>\n<ul>\n<li>Bruto te\u017ea: 720 kg<\/li>\n<li>Netto te\u017ea: 680 kg<\/li>\n<\/ul>\n<\/li>\n<li><strong>Embal\u017ea\u017ea:<\/strong>\n<ul>\n<li>\u0160irina embala\u017ee: 820 mm<\/li>\n<li>Dol\u017eina embala\u017ee: 2070 mm<\/li>\n<li>Vi\u0161ina embala\u017ee: 1955 mm<\/li>\n<\/ul>\n<\/li>\n<li><strong>Splo\u0161ni podatki:<\/strong>\n<ul>\n<li>EAN koda: 9120058379581<\/li>\n<\/ul>\n<\/li>\n<\/ul>\n","protected":false},"excerpt":{"rendered":"<h3>Poudarki<\/h3>\n<ul>\n<li> vretenski pogonski motor z 1,5 kW ter servo motor za pomik prav tako z 1,5 kW<\/li>\n<li> ve\u010dnamenska stru\u017enica z vodilnim in vle\u010dnim vretenom, ki ohranja posebno vrednost<\/li>\n<li> enostavno upravljanje preko zaslona na dotik<\/li>\n<li> Nastavek za vreteno Camlock D5<\/li>\n<li> vklju\u010dena \u010drpalka hladilne teko\u010dine (40 W)<\/li>\n<li> mehanska vretenasta zavora (no\u017ena zavora)<\/li>\n<li> vklju\u010dno z delovno lu\u010djo (3 W)<\/li>\n<li> <strong>odstranljiv posteljni most<\/strong><\/li>\n<\/ul>\n<p> <strong>Vklju\u010deno v dobavo<\/strong> : 3-\u010deljustna vpenjalna glava \u00d8 200 mm vklj. \u010deljusti za vrtanje in stru\u017eenje, 4-\u010deljustna vpenjalna glava \u00d8 200 mm, \u010delna plo\u0161\u010da, 2x fiksni sredinski luknja\u010d, reducirni tulec MK 6\/4, fiksni mirni naslon, potujo\u010di mirni naslon, hrbti\u0161\u010de za odrezke, naprava za hladilno teko\u010dino, podno\u017eje iz litega \u017eeleza, navojna ura, 1 delovanje orodje<\/p><\/p>\n","protected":false},"featured_media":1299,"template":"","meta":[],"product_brand":[],"product_cat":[1043,1059],"product_tag":[],"class_list":{"0":"post-1298","1":"product","2":"type-product","3":"status-publish","4":"has-post-thumbnail","6":"product_cat-stroji-za-kovine","7":"product_cat-struznice-za-kovino","9":"first","10":"instock","11":"shipping-taxable","12":"purchasable","13":"product-type-simple"},"_links":{"self":[{"href":"https:\/\/www.depoles.com\/hr\/wp-json\/wp\/v2\/product\/1298","targetHints":{"allow":["GET"]}}],"collection":[{"href":"https:\/\/www.depoles.com\/hr\/wp-json\/wp\/v2\/product"}],"about":[{"href":"https:\/\/www.depoles.com\/hr\/wp-json\/wp\/v2\/types\/product"}],"wp:featuredmedia":[{"embeddable":true,"href":"https:\/\/www.depoles.com\/hr\/wp-json\/wp\/v2\/media\/1299"}],"wp:attachment":[{"href":"https:\/\/www.depoles.com\/hr\/wp-json\/wp\/v2\/media?parent=1298"}],"wp:term":[{"taxonomy":"product_brand","embeddable":true,"href":"https:\/\/www.depoles.com\/hr\/wp-json\/wp\/v2\/product_brand?post=1298"},{"taxonomy":"product_cat","embeddable":true,"href":"https:\/\/www.depoles.com\/hr\/wp-json\/wp\/v2\/product_cat?post=1298"},{"taxonomy":"product_tag","embeddable":true,"href":"https:\/\/www.depoles.com\/hr\/wp-json\/wp\/v2\/product_tag?post=1298"}],"curies":[{"name":"wp","href":"https:\/\/api.w.org\/{rel}","templated":true}]}}