{"id":1307,"date":"2023-12-05T10:58:31","date_gmt":"2023-12-05T09:58:31","guid":{"rendered":"https:\/\/nova.depoles.com\/trgovina\/stroj-za-spajanje-okvirjev-knf1_230v\/"},"modified":"2025-12-17T14:40:32","modified_gmt":"2025-12-17T13:40:32","slug":"stroj-za-spajanje-okvirjev-knf1_230v","status":"publish","type":"product","link":"https:\/\/www.depoles.com\/hr\/trgovina\/stroj-za-spajanje-okvirjev-knf1_230v\/","title":{"rendered":"STROJ ZA SPOJIVANJE OKVIRA KNF1_230V"},"content":{"rendered":"<p><strong>Tehni\u010dna specifikacija:<\/strong><\/p>\n<table>\n<tbody>\n<tr>\n<th colspan=\"2\">Podatki o motorju<\/th>\n<\/tr>\n<tr>\n<td>Mo\u010d motorja S1<\/td>\n<td>600 W<\/td>\n<\/tr>\n<tr>\n<td>Napetost<\/td>\n<td>230 V \/ 50 Hz<\/td>\n<\/tr>\n<tr>\n<td>Razred aparata<\/td>\n<td>II<\/td>\n<\/tr>\n<tr>\n<th colspan=\"2\">Dimenzije<\/th>\n<\/tr>\n<tr>\n<td>Velikost mize<\/td>\n<td>380 x 220 mm<\/td>\n<\/tr>\n<tr>\n<td>Skupne dimenzije<\/td>\n<td>400 x 550 x 370 mm<\/td>\n<\/tr>\n<tr>\n<th colspan=\"2\">Dimenzije obdelovanca<\/th>\n<\/tr>\n<tr>\n<td>Najve\u010dja debelina obdelovanca<\/td>\n<td>95 mm<\/td>\n<\/tr>\n<tr>\n<th colspan=\"2\">Tehni\u010dni podatki<\/th>\n<\/tr>\n<tr>\n<td>Najve\u010dja zmogljivost rezkanja<\/td>\n<td>55 mm<\/td>\n<\/tr>\n<tr>\n<td>Hitrost vretena rezkalnika<\/td>\n<td>12.000 &#8211; 27.000 min\u207b\u00b9<\/td>\n<\/tr>\n<tr>\n<th colspan=\"2\">Raven hrupa in vibracije<\/th>\n<\/tr>\n<tr>\n<td>Nivo zvo\u010dnega tlaka<\/td>\n<td>88 dB(A)<\/td>\n<\/tr>\n<tr>\n<th colspan=\"2\">Te\u017ea<\/th>\n<\/tr>\n<tr>\n<td>Bruto te\u017ea<\/td>\n<td>14 kg<\/td>\n<\/tr>\n<tr>\n<td>Netto te\u017ea<\/td>\n<td>11 kg<\/td>\n<\/tr>\n<tr>\n<th colspan=\"2\">Pakiranje<\/th>\n<\/tr>\n<tr>\n<td>\u0160irina pakiranja<\/td>\n<td>440 mm<\/td>\n<\/tr>\n<tr>\n<td>Dol\u017eina pakiranja<\/td>\n<td>600 mm<\/td>\n<\/tr>\n<tr>\n<td>Vi\u0161ina pakiranja<\/td>\n<td>420 mm<\/td>\n<\/tr>\n<tr>\n<th colspan=\"2\">Splo\u0161ni podatki<\/th>\n<\/tr>\n<tr>\n<td>EAN koda<\/td>\n<td>9120058379451<\/td>\n<\/tr>\n<\/tbody>\n<\/table>\n","protected":false},"excerpt":{"rendered":"<h3>Opis izdelka<\/h3>\n<p>Stroj za ro\u010dno vpenjanje obdelovanca z enim rezkalnim vretenom omogo\u010da obdelavo profilov do najve\u010dje dimenzije 185 mm. Opremljen je z nastavljivimi omejevalniki za natan\u010dno pozicioniranje obdelovanca.<\/p>\n<ul>\n<li>Ro\u010dno vpenjanje obdelovanca<\/li>\n<li>Eno rezkalno vreteno<\/li>\n<li>Maksimalna dimenzija profila 185 mm<\/li>\n<li>Nastavljivi omejevalniki za pozicioniranje obdelovanca<\/li>\n<\/ul>\n<p><strong>Vklju\u010deno v dobavo:<\/strong> kalup za rezkalo W-2, vpenjalni vlo\u017eek \u00d86 in \u00d88 mm ter merilo za nastavitev rezkalnika.<\/p>\n","protected":false},"featured_media":1308,"template":"","meta":[],"product_brand":[],"product_cat":[1012,1039],"product_tag":[608,771],"class_list":{"0":"post-1307","1":"product","2":"type-product","3":"status-publish","4":"has-post-thumbnail","6":"product_cat-stroji-za-les","7":"product_cat-vrtalniki","8":"product_tag-okvir","9":"product_tag-spjanje","11":"first","12":"instock","13":"shipping-taxable","14":"purchasable","15":"product-type-simple"},"_links":{"self":[{"href":"https:\/\/www.depoles.com\/hr\/wp-json\/wp\/v2\/product\/1307","targetHints":{"allow":["GET"]}}],"collection":[{"href":"https:\/\/www.depoles.com\/hr\/wp-json\/wp\/v2\/product"}],"about":[{"href":"https:\/\/www.depoles.com\/hr\/wp-json\/wp\/v2\/types\/product"}],"wp:featuredmedia":[{"embeddable":true,"href":"https:\/\/www.depoles.com\/hr\/wp-json\/wp\/v2\/media\/1308"}],"wp:attachment":[{"href":"https:\/\/www.depoles.com\/hr\/wp-json\/wp\/v2\/media?parent=1307"}],"wp:term":[{"taxonomy":"product_brand","embeddable":true,"href":"https:\/\/www.depoles.com\/hr\/wp-json\/wp\/v2\/product_brand?post=1307"},{"taxonomy":"product_cat","embeddable":true,"href":"https:\/\/www.depoles.com\/hr\/wp-json\/wp\/v2\/product_cat?post=1307"},{"taxonomy":"product_tag","embeddable":true,"href":"https:\/\/www.depoles.com\/hr\/wp-json\/wp\/v2\/product_tag?post=1307"}],"curies":[{"name":"wp","href":"https:\/\/api.w.org\/{rel}","templated":true}]}}