{"id":1316,"date":"2023-12-05T10:58:24","date_gmt":"2023-12-05T09:58:24","guid":{"rendered":"https:\/\/nova.depoles.com\/trgovina\/stroj-za-okvirje-z-dvojnim-rezilom-knf2_230v\/"},"modified":"2025-12-17T14:41:07","modified_gmt":"2025-12-17T13:41:07","slug":"stroj-za-okvirje-z-dvojnim-rezilom-knf2_230v","status":"publish","type":"product","link":"https:\/\/www.depoles.com\/hr\/trgovina\/stroj-za-okvirje-z-dvojnim-rezilom-knf2_230v\/","title":{"rendered":"Stroj za okvire s dvostrukim rezilom KNF2_230V"},"content":{"rendered":"<p><strong>Tehni\u010dni podatki<\/strong><\/p>\n<ul>\n<li><strong>Motor<\/strong>\n<ul>\n<li>Mo\u010d motorja S1: 600 W<\/li>\n<li>Napetost: 230 V \/ 50 Hz<\/li>\n<li>Razred aparata: II<\/li>\n<\/ul>\n<\/li>\n<li><strong>Dimenzije<\/strong>\n<ul>\n<li>Velikost mize: 380 x 220 mm<\/li>\n<li>Celotne dimenzije: 400 x 480 x 550 mm<\/li>\n<\/ul>\n<\/li>\n<li><strong>Dimenzije obdelovanca<\/strong>\n<ul>\n<li>Maksimalna debelina obdelovanca: 85 mm<\/li>\n<\/ul>\n<\/li>\n<li><strong>Tehni\u010dna specifikacija<\/strong>\n<ul>\n<li>Maksimalna zmogljivost rezkanja: 55 mm<\/li>\n<li>Hitrost vretena rezkalnika: 12.000 &#8211; 27.000 min\u207b\u00b9<\/li>\n<\/ul>\n<\/li>\n<li><strong>Raven zvoka in vibracije<\/strong>\n<ul>\n<li>Tla\u010dni nivo zvoka: 102 dB(A)<\/li>\n<\/ul>\n<\/li>\n<li><strong>Te\u017ea<\/strong>\n<ul>\n<li>Bruto te\u017ea: 19 kg<\/li>\n<li>Netto te\u017ea: 16 kg<\/li>\n<\/ul>\n<\/li>\n<li><strong>Embal\u017ea\u017ea<\/strong>\n<ul>\n<li>\u0160irina embala\u017ee: 450 mm<\/li>\n<li>Dol\u017eina embala\u017ee: 480 mm<\/li>\n<li>Vi\u0161ina embala\u017ee: 555 mm<\/li>\n<\/ul>\n<\/li>\n<li><strong>Splo\u0161ni podatki<\/strong>\n<ul>\n<li>EAN koda: 9120058379468<\/li>\n<\/ul>\n<\/li>\n<\/ul>\n","protected":false},"excerpt":{"rendered":"<h3>Opis izdelka<\/h3>\n<p>Stroj omogo\u010da ro\u010dno vpenjanje obdelovanca in je opremljen z dvema rezkalnima vretenoma. Primeren je za obdelavo profilov do najve\u010dje dimenzije 185 mm. Za natan\u010dno pozicioniranje obdelovanca so na voljo nastavljivi omejevalniki.<\/p>\n<ul>\n<li>Ro\u010dno vpenjanje obdelovanca<\/li>\n<li>Dve rezkalni vreteni<\/li>\n<li>Maksimalna dimenzija profila 185 mm<\/li>\n<li>Nastavljivi omejevalniki za pozicioniranje obdelovanca<\/li>\n<\/ul>\n<p><strong>Vklju\u010deno v dobavo:<\/strong> kalup za rezkalo W-2, vpenjalni vlo\u017eek \u00d86 in \u00d88 mm ter merilo za nastavitev rezkalnika.<\/p>\n","protected":false},"featured_media":1317,"template":"","meta":[],"product_brand":[],"product_cat":[1012,1039],"product_tag":[],"class_list":{"0":"post-1316","1":"product","2":"type-product","3":"status-publish","4":"has-post-thumbnail","6":"product_cat-stroji-za-les","7":"product_cat-vrtalniki","9":"first","10":"instock","11":"shipping-taxable","12":"purchasable","13":"product-type-simple"},"_links":{"self":[{"href":"https:\/\/www.depoles.com\/hr\/wp-json\/wp\/v2\/product\/1316","targetHints":{"allow":["GET"]}}],"collection":[{"href":"https:\/\/www.depoles.com\/hr\/wp-json\/wp\/v2\/product"}],"about":[{"href":"https:\/\/www.depoles.com\/hr\/wp-json\/wp\/v2\/types\/product"}],"wp:featuredmedia":[{"embeddable":true,"href":"https:\/\/www.depoles.com\/hr\/wp-json\/wp\/v2\/media\/1317"}],"wp:attachment":[{"href":"https:\/\/www.depoles.com\/hr\/wp-json\/wp\/v2\/media?parent=1316"}],"wp:term":[{"taxonomy":"product_brand","embeddable":true,"href":"https:\/\/www.depoles.com\/hr\/wp-json\/wp\/v2\/product_brand?post=1316"},{"taxonomy":"product_cat","embeddable":true,"href":"https:\/\/www.depoles.com\/hr\/wp-json\/wp\/v2\/product_cat?post=1316"},{"taxonomy":"product_tag","embeddable":true,"href":"https:\/\/www.depoles.com\/hr\/wp-json\/wp\/v2\/product_tag?post=1316"}],"curies":[{"name":"wp","href":"https:\/\/api.w.org\/{rel}","templated":true}]}}