{"id":1334,"date":"2023-12-05T10:58:02","date_gmt":"2023-12-05T09:58:02","guid":{"rendered":"https:\/\/nova.depoles.com\/trgovina\/tracna-zaga-hbs450-400v-holzmann\/"},"modified":"2026-02-12T13:35:14","modified_gmt":"2026-02-12T12:35:14","slug":"tracna-zaga-hbs450-400v-holzmann","status":"publish","type":"product","link":"https:\/\/www.depoles.com\/hr\/trgovina\/tracna-zaga-hbs450-400v-holzmann\/","title":{"rendered":"TRA\u010cNA PILA HBS450 400V HOLZMANN"},"content":{"rendered":"<p><strong>Tehni\u010dni podatki<\/strong><\/p>\n<ul>\n<li><strong>Podatki o motorju<\/strong>\n<ul>\n<li>Mo\u010d motorja S1: 1500 W<\/li>\n<li>Napetost: 400 V \/ 3 \/ 50 Hz<\/li>\n<\/ul>\n<\/li>\n<li><strong>Dimenzije<\/strong>\n<ul>\n<li>Razpon: max. 447 mm<\/li>\n<li>Velikost mize: 546 x 400 mm<\/li>\n<li>Vi\u0161ina mize: 960 mm<\/li>\n<li>Odvod za sesanje prahu: 2 x \u00d8 100 mm<\/li>\n<li>Skupne dimenzije: 958 x 664 x 1910 mm<\/li>\n<\/ul>\n<\/li>\n<li><strong>Rezkalna zmogljivost<\/strong>\n<ul>\n<li>Max. \u0161irina rezanja ob paralelni ograji: 393 mm<\/li>\n<\/ul>\n<\/li>\n<li><strong>Tra\u010dne \u017eage<\/strong>\n<ul>\n<li>Dol\u017eina tra\u010dne \u017eage: 3866 mm<\/li>\n<li>\u0160irina tra\u010dne \u017eage: 6 &#8211; 33 mm<\/li>\n<li>Hitrost tra\u010dne \u017eage: (I) 400 m\/min, (II) 900 m\/min<\/li>\n<li>Premer vztrajnika: 450 mm<\/li>\n<\/ul>\n<\/li>\n<li><strong>Raven glasnosti in vibracije<\/strong>\n<ul>\n<li>Raven zvo\u010dne mo\u010di: 100 dB(A)<\/li>\n<li>Raven zvo\u010dnega tlaka: 90 dB(A)<\/li>\n<\/ul>\n<\/li>\n<li><strong>Te\u017ea<\/strong>\n<ul>\n<li>Bruto te\u017ea: 180 kg<\/li>\n<li>Netto te\u017ea: 161 kg<\/li>\n<\/ul>\n<\/li>\n<li><strong>Embal\u017ea\u017ea<\/strong>\n<ul>\n<li>\u0160irina embala\u017ee: 490 mm<\/li>\n<li>Dol\u017eina embala\u017ee: 760 mm<\/li>\n<li>Vi\u0161ina embala\u017ee: 2050 mm<\/li>\n<\/ul>\n<\/li>\n<li><strong>Splo\u0161ni podatki<\/strong>\n<ul>\n<li>EAN koda: 9120058379604<\/li>\n<\/ul>\n<\/li>\n<\/ul>\n","protected":false},"excerpt":{"rendered":"<h6>NOV VRHUNSKI MOPDEL TRA\u010cNE \u017dAGE \/PLA\u010cILA TUDI NA OBROKE DO 15000\u20ac TAKOJ\/LEANPAY<\/h6>\n<ul>\n<li>PROFI model z 3 vodili zg \/sp<\/li>\n<li>lito\u017eelezna kolesa \u00d8 450 mm<\/li>\n<li>alu vodilo<\/li>\n<li>vi\u0161ina reza nastavljiva preko ro\u010dnega kolesa in zobnika<\/li>\n<li>mo\u017ena \u0161irina traku \u017eage od 6 mm do 33 mm<\/li>\n<li>vi\u0161ina stroja: 191 cm<\/li>\n<li>2 hitrosti tra\u010dne \u017eage (400 ali 900m\/min)<\/li>\n<li>nastavitev kota mize (-5\u00b0 do +45\u00b0) preko nazob\u010danega vodila<\/li>\n<li>2 priklju\u010dka za zbiralnik prahu (\u00d8100 mm)<\/li>\n<\/ul>\n<p><strong>Vklju\u010deno v dostavo<\/strong> : 1x tra\u010dna \u017eaga, zajeralni profil, ograja<\/p>\n","protected":false},"featured_media":1335,"template":"","meta":[],"product_brand":[],"product_cat":[1012,1038],"product_tag":[314,413,414,441,837,918],"class_list":{"0":"post-1334","1":"product","2":"type-product","3":"status-publish","4":"has-post-thumbnail","6":"product_cat-stroji-za-les","7":"product_cat-tracne-zage-za-les","8":"product_tag-depoles","9":"product_tag-hbs","10":"product_tag-hbs450","11":"product_tag-holzmann","12":"product_tag-tracna","13":"product_tag-zaga","15":"first","16":"instock","17":"shipping-taxable","18":"purchasable","19":"product-type-simple"},"_links":{"self":[{"href":"https:\/\/www.depoles.com\/hr\/wp-json\/wp\/v2\/product\/1334","targetHints":{"allow":["GET"]}}],"collection":[{"href":"https:\/\/www.depoles.com\/hr\/wp-json\/wp\/v2\/product"}],"about":[{"href":"https:\/\/www.depoles.com\/hr\/wp-json\/wp\/v2\/types\/product"}],"wp:featuredmedia":[{"embeddable":true,"href":"https:\/\/www.depoles.com\/hr\/wp-json\/wp\/v2\/media\/1335"}],"wp:attachment":[{"href":"https:\/\/www.depoles.com\/hr\/wp-json\/wp\/v2\/media?parent=1334"}],"wp:term":[{"taxonomy":"product_brand","embeddable":true,"href":"https:\/\/www.depoles.com\/hr\/wp-json\/wp\/v2\/product_brand?post=1334"},{"taxonomy":"product_cat","embeddable":true,"href":"https:\/\/www.depoles.com\/hr\/wp-json\/wp\/v2\/product_cat?post=1334"},{"taxonomy":"product_tag","embeddable":true,"href":"https:\/\/www.depoles.com\/hr\/wp-json\/wp\/v2\/product_tag?post=1334"}],"curies":[{"name":"wp","href":"https:\/\/api.w.org\/{rel}","templated":true}]}}