{"id":1343,"date":"2023-12-05T10:57:57","date_gmt":"2023-12-05T09:57:57","guid":{"rendered":"https:\/\/nova.depoles.com\/trgovina\/tracna-zaga-za-les-hbs450_230v\/"},"modified":"2026-02-12T13:37:07","modified_gmt":"2026-02-12T12:37:07","slug":"tracna-zaga-za-les-hbs450_230v","status":"publish","type":"product","link":"https:\/\/www.depoles.com\/hr\/trgovina\/tracna-zaga-za-les-hbs450_230v\/","title":{"rendered":"Trakasta pila za drvo HBS450_230V"},"content":{"rendered":"<p><strong>Tehni\u010dna specifikacija<\/strong><\/p>\n<ul>\n<li><strong>Motor<\/strong>\n<ul>\n<li>Mo\u010d motorja (S1): 1500 W<\/li>\n<li>Napetost: 230 V \/ 50 Hz<\/li>\n<li>Dol\u017eina kabla: 3 m<\/li>\n<\/ul>\n<\/li>\n<li><strong>Dimenzije<\/strong>\n<ul>\n<li>Doseg: max. 447 mm<\/li>\n<li>Velikost mize: 546 x 400 mm<\/li>\n<li>Vi\u0161ina mize: 960 mm<\/li>\n<li>Priklju\u010dek za zbiralnik prahu: 2 x \u00d8 100 mm<\/li>\n<li>Skupne dimenzije: 958 x 664 x 1910 mm<\/li>\n<\/ul>\n<\/li>\n<li><strong>Rezanje<\/strong>\n<ul>\n<li>Max. \u0161irina rezanja ob paralelni vodili: 393 mm<\/li>\n<\/ul>\n<\/li>\n<li><strong>Tra\u010dne \u017eage<\/strong>\n<ul>\n<li>Dol\u017eina \u017eage: 3886 mm<\/li>\n<li>\u0160irina \u017eage: 6 &#8211; 33 mm<\/li>\n<li>Hitrost \u017eage: (I) 400 m\/min, (II) 900 m\/min<\/li>\n<li>Premer vztrajnika: 450 mm<\/li>\n<\/ul>\n<\/li>\n<li><strong>Raven hrupa in vibracije<\/strong>\n<ul>\n<li>Ravni zvo\u010dne mo\u010di: 100 dB(A)<\/li>\n<li>Ravni zvo\u010dnega tlaka: 90 dB(A)<\/li>\n<\/ul>\n<\/li>\n<li><strong>Te\u017ea<\/strong>\n<ul>\n<li>Bruto te\u017ea: 180 kg<\/li>\n<li>Netto te\u017ea: 161 kg<\/li>\n<\/ul>\n<\/li>\n<li><strong>Embal\u017ea\u017ea<\/strong>\n<ul>\n<li>\u0160irina embala\u017ee: 490 mm<\/li>\n<li>Dol\u017eina embala\u017ee: 760 mm<\/li>\n<li>Vi\u0161ina embala\u017ee: 2050 mm<\/li>\n<\/ul>\n<\/li>\n<li><strong>Splo\u0161ni podatki<\/strong>\n<ul>\n<li>EAN koda: 9120058379598<\/li>\n<\/ul>\n<\/li>\n<\/ul>\n","protected":false},"excerpt":{"rendered":"<p>Tra\u010dna \u017eaga z lito\u017eeleznimi kolesi premera 450 mm in stabilno vzporedno aluminijasto ograjo omogo\u010da natan\u010dne reze. Vi\u0161ina reza je nastavljiva preko ro\u010dnega kolesa in zobnika, \u0161irina traku \u017eage pa je nastavljiva od 6 mm do 33 mm. Stroj je visok 191 cm in ima dve hitrosti tra\u010dne \u017eage (400 ali 900 m\/min). Kot mize je mogo\u010de nastaviti od -5\u00b0 do +45\u00b0 preko nazob\u010danega vodila, prav tako pa ima dva priklju\u010dka za zbiralnik prahu premera 100 mm.<\/p>\n<ul>\n<li>Lito\u017eelezna kolesa \u00d8 450 mm<\/li>\n<li>Stabilna vzporedna aluminijasta ograja<\/li>\n<li>Vi\u0161ina reza nastavljiva preko ro\u010dnega kolesa in zobnika<\/li>\n<li>\u0160irina traku \u017eage od 6 mm do 33 mm<\/li>\n<li>Vi\u0161ina stroja: 191 cm<\/li>\n<li>Dve hitrosti tra\u010dne \u017eage (400 ali 900 m\/min)<\/li>\n<li>Nastavitev kota mize od -5\u00b0 do +45\u00b0 preko nazob\u010danega vodila<\/li>\n<li>Dva priklju\u010dka za zbiralnik prahu (\u00d8 100 mm)<\/li>\n<\/ul>\n<p><strong>Vklju\u010deno v dostavo:<\/strong> 1x tra\u010dna \u017eaga, zajeralni profil, ograja<\/p>\n","protected":false},"featured_media":1344,"template":"","meta":[],"product_brand":[],"product_cat":[1012,1038],"product_tag":[],"class_list":{"0":"post-1343","1":"product","2":"type-product","3":"status-publish","4":"has-post-thumbnail","6":"product_cat-stroji-za-les","7":"product_cat-tracne-zage-za-les","9":"first","10":"instock","11":"shipping-taxable","12":"purchasable","13":"product-type-simple"},"_links":{"self":[{"href":"https:\/\/www.depoles.com\/hr\/wp-json\/wp\/v2\/product\/1343","targetHints":{"allow":["GET"]}}],"collection":[{"href":"https:\/\/www.depoles.com\/hr\/wp-json\/wp\/v2\/product"}],"about":[{"href":"https:\/\/www.depoles.com\/hr\/wp-json\/wp\/v2\/types\/product"}],"wp:featuredmedia":[{"embeddable":true,"href":"https:\/\/www.depoles.com\/hr\/wp-json\/wp\/v2\/media\/1344"}],"wp:attachment":[{"href":"https:\/\/www.depoles.com\/hr\/wp-json\/wp\/v2\/media?parent=1343"}],"wp:term":[{"taxonomy":"product_brand","embeddable":true,"href":"https:\/\/www.depoles.com\/hr\/wp-json\/wp\/v2\/product_brand?post=1343"},{"taxonomy":"product_cat","embeddable":true,"href":"https:\/\/www.depoles.com\/hr\/wp-json\/wp\/v2\/product_cat?post=1343"},{"taxonomy":"product_tag","embeddable":true,"href":"https:\/\/www.depoles.com\/hr\/wp-json\/wp\/v2\/product_tag?post=1343"}],"curies":[{"name":"wp","href":"https:\/\/api.w.org\/{rel}","templated":true}]}}