{"id":1357,"date":"2023-12-05T10:57:47","date_gmt":"2023-12-05T09:57:47","guid":{"rendered":"https:\/\/nova.depoles.com\/trgovina\/brusilnik-z-oscilacijskim-vretenom-oss75a_230v\/"},"modified":"2026-02-12T13:38:14","modified_gmt":"2026-02-12T12:38:14","slug":"brusilnik-z-oscilacijskim-vretenom-oss75a_230v","status":"publish","type":"product","link":"https:\/\/www.depoles.com\/hr\/trgovina\/brusilnik-z-oscilacijskim-vretenom-oss75a_230v\/","title":{"rendered":"Brusilica s oscilacijskom glavom OSS75A_230V"},"content":{"rendered":"<p><strong>Specifikacije izdelka<\/strong><\/p>\n<ul>\n<li><strong>Podatki o motorju:<\/strong>\n<ul>\n<li>Mo\u010d motorja S1: 450 W<\/li>\n<li>Napetost: 230 V \/ 50 Hz<\/li>\n<li>Hitrost: 2000 min\u207b\u00b9<\/li>\n<\/ul>\n<\/li>\n<li><strong>Dimenzije:<\/strong>\n<ul>\n<li>Velikost mize: 320 x 300 mm<\/li>\n<li>Premer priklju\u010dka za sesalnik: \u00d839 mm<\/li>\n<li>Skupne dimenzije: 400 x 365 x 440 mm<\/li>\n<\/ul>\n<\/li>\n<li><strong>Raven zvoka in vibracije:<\/strong>\n<ul>\n<li>Nivo zvo\u010dne mo\u010di: 109,8 dB(A)<\/li>\n<li>Nivo zvo\u010dnega tlaka: 96,8 dB(A)<\/li>\n<\/ul>\n<\/li>\n<li><strong>Te\u017ea:<\/strong>\n<ul>\n<li>Bruto te\u017ea: 10,60 kg<\/li>\n<li>Neto te\u017ea: 9 kg<\/li>\n<\/ul>\n<\/li>\n<li><strong>Embala\u017ea:<\/strong>\n<ul>\n<li>\u0160irina embala\u017ee: 400 mm<\/li>\n<li>Dol\u017eina embala\u017ee: 465 mm<\/li>\n<li>Vi\u0161ina embala\u017ee: 495 mm<\/li>\n<\/ul>\n<\/li>\n<li><strong>Splo\u0161ni podatki:<\/strong>\n<ul>\n<li>EAN koda: 9120058379291<\/li>\n<\/ul>\n<\/li>\n<\/ul>\n","protected":false},"excerpt":{"rendered":"<h3>Opis izdelka<\/h3>\n<p>Brusilnik omogo\u010da u\u010dinkovito in natan\u010dno bru\u0161enje z naslednjimi lastnostmi:<\/p>\n<ul>\n<li>Maksimalna vi\u0161ina bru\u0161enja 98 mm<\/li>\n<li>Nihajni hod 16 mm<\/li>\n<li>58 nihajev na minuto<\/li>\n<li>Mo\u017enost shranjevanja prilo\u017eenih brusnih tulcev in namiznih vlo\u017ekov<\/li>\n<li>Vklju\u010dena \u0161iroka paleta brusnih tulcev<\/li>\n<\/ul>\n<p><strong>V dobavi je vklju\u010deno:<\/strong> 6 x brusilni tulci K80 (\u00d8 15\/21\/28\/40\/53\/77 mm) z ustreznimi gumijastimi brusnimi valji (5 kosov), orodje, 6 x namizni vlo\u017eki in 4 x vretenasti diski.<\/p>\n","protected":false},"featured_media":1358,"template":"","meta":[],"product_brand":[],"product_cat":[1023,1012],"product_tag":[],"class_list":{"0":"post-1357","1":"product","2":"type-product","3":"status-publish","4":"has-post-thumbnail","6":"product_cat-brusilke","7":"product_cat-stroji-za-les","9":"first","10":"instock","11":"shipping-taxable","12":"purchasable","13":"product-type-simple"},"_links":{"self":[{"href":"https:\/\/www.depoles.com\/hr\/wp-json\/wp\/v2\/product\/1357","targetHints":{"allow":["GET"]}}],"collection":[{"href":"https:\/\/www.depoles.com\/hr\/wp-json\/wp\/v2\/product"}],"about":[{"href":"https:\/\/www.depoles.com\/hr\/wp-json\/wp\/v2\/types\/product"}],"wp:featuredmedia":[{"embeddable":true,"href":"https:\/\/www.depoles.com\/hr\/wp-json\/wp\/v2\/media\/1358"}],"wp:attachment":[{"href":"https:\/\/www.depoles.com\/hr\/wp-json\/wp\/v2\/media?parent=1357"}],"wp:term":[{"taxonomy":"product_brand","embeddable":true,"href":"https:\/\/www.depoles.com\/hr\/wp-json\/wp\/v2\/product_brand?post=1357"},{"taxonomy":"product_cat","embeddable":true,"href":"https:\/\/www.depoles.com\/hr\/wp-json\/wp\/v2\/product_cat?post=1357"},{"taxonomy":"product_tag","embeddable":true,"href":"https:\/\/www.depoles.com\/hr\/wp-json\/wp\/v2\/product_tag?post=1357"}],"curies":[{"name":"wp","href":"https:\/\/api.w.org\/{rel}","templated":true}]}}